{"id":3238,"date":"2017-11-09T14:27:33","date_gmt":"2017-11-09T13:27:33","guid":{"rendered":"http:\/\/arps-aubert.de\/impressum\/"},"modified":"2022-02-17T15:52:42","modified_gmt":"2022-02-17T14:52:42","slug":"impressum","status":"publish","type":"page","link":"https:\/\/www.arps-aubert.de\/en\/impressum\/","title":{"rendered":"Impressum"},"content":{"rendered":"<div id=\"pl-3238\"  class=\"panel-layout\" ><div id=\"pg-3238-0\"  class=\"panel-grid panel-no-style\" ><div id=\"pgc-3238-0-0\"  class=\"panel-grid-cell\" ><div id=\"panel-3238-0-0-0\" class=\"so-panel widget widget_sow-editor panel-first-child panel-last-child\" data-index=\"0\" ><div class=\"panel-widget-style panel-widget-style-for-3238-0-0-0\" ><div\n\t\t\t\n\t\t\tclass=\"so-widget-sow-editor so-widget-sow-editor-base\"\n\t\t\t\n\t\t>\n<div class=\"siteorigin-widget-tinymce textwidget\">\n\t<h1>Impressum<\/h1>\n<h2>Inhaltlich verantwortlich:<br \/>\nBettina von Arps-Aubert GmbH<br \/>\nDolmetschen und \u00dcbersetzen<\/h2>\n<p>Corneliusstra\u00dfe 37<br \/>\n12247 Berlin<br \/>\nFon: +49 (0)30 47 37 87 08<br \/>\nEmail: <a href=\"mailito:info@arps-aubert.de\">info@arps-aubert.de<\/a><\/p>\n<p>Gesch\u00e4ftsf\u00fchrung: Bettina von Arps-Aubert<br \/>\nSitz: Berlin<\/p>\n<p>USt-IdNr.: DE257 53 66 95<br \/>\nAmtsgericht Charlottenburg: HRB 111 701 B<\/p>\n<h3>Daten<\/h3>\n<p>S\u00e4mtliche Texte, Fotos, Grafiken, Audio- und Videodateien unterliegen dem Urheberrecht sowie weiteren Gesetzen zum Schutz geistigen Eigentums und d\u00fcrfen nicht f\u00fcr Handelszwecke o.\u00e4. vervielf\u00e4ltigt, ver\u00e4ndert oder f\u00fcr andere Websites genutzt werden.<\/p>\n<h3>Haftungsausschluss<\/h3>\n<p>Die zur Verf\u00fcgung stehenden Informationen auf unserer Website werden pr\u00e4zise gepr\u00fcft und st\u00e4ndig aktualisiert. Wir behalten uns jedoch vor, dass nicht immer alle Informationen sofort vollst\u00e4ndig und richtig auf den neuesten Stand gebracht werden k\u00f6nnen. Speziell bei \"Links\" zu anderen Websites, auf die direkt oder indirekt hingewiesen wird, \u00fcbernehmen wir keine Garantie der Aktualit\u00e4t. Alle Rechte vorbehalten. Alle Angaben ohne Gew\u00e4hr.<\/p>\n<h3>Bildrechtenachweis<\/h3>\n<p>Icons made by <a title=\"Freepik\" href=\"http:\/\/www.freepik.com\" target=\"_blank\" rel=\"noopener\">Freepik<\/a> from <a title=\"Flaticon\" href=\"https:\/\/www.flaticon.com\/\" target=\"_blank\" rel=\"noopener\">www.flaticon.com<\/a> is licensed by <a title=\"Creative Commons BY 3.0\" href=\"https:\/\/creativecommons.org\/licenses\/by\/3.0\/\" target=\"_blank\" rel=\"noopener\">CC 3.0 BY<\/a><br \/>\nIcons made by <a title=\"smashicons\" href=\"https:\/\/smashicons.com\/\" target=\"_blank\" rel=\"noopener\">smashicons<\/a> from <a title=\"Flaticon\" href=\"https:\/\/www.flaticon.com\/\" target=\"_blank\" rel=\"noopener\">www.flaticon.com<\/a> is licensed by <a title=\"Creative Commons BY 3.0\" href=\"https:\/\/creativecommons.org\/licenses\/by\/3.0\/\" target=\"_blank\" rel=\"noopener\">CC 3.0 BY<\/a><br \/>\nIcons made by <a title=\"Becris\" href=\"https:\/\/creativemarket.com\/Becris\" target=\"_blank\" rel=\"noopener\">Becris<\/a> from <a title=\"Flaticon\" href=\"https:\/\/www.flaticon.com\/\" target=\"_blank\" rel=\"noopener\">www.flaticon.com<\/a> is licensed by <a title=\"Creative Commons BY 3.0\" href=\"https:\/\/creativecommons.org\/licenses\/by\/3.0\/\" target=\"_blank\" rel=\"noopener\">CC 3.0 BY<\/a><br \/>\nIcons made by <a title=\"itim2101\" href=\"https:\/\/www.flaticon.com\/authors\/itim2101\" target=\"_blank\" rel=\"noopener\">itim2101<\/a> from <a title=\"Flaticon\" href=\"https:\/\/www.flaticon.com\/\" target=\"_blank\" rel=\"noopener\">www.flaticon.com<\/a> is licensed by <a title=\"Creative Commons BY 3.0\" href=\"https:\/\/creativecommons.org\/licenses\/by\/3.0\/\" target=\"_blank\" rel=\"noopener\">CC 3.0 BY<\/a><br \/>\nIcons made by <a title=\"ultimatearm\" href=\"https:\/\/www.flaticon.com\/authors\/ultimatearm\" target=\"_blank\" rel=\"noopener\">ultimatearm<\/a> from <a title=\"Flaticon\" href=\"https:\/\/www.flaticon.com\/\" target=\"_blank\" rel=\"noopener\">www.flaticon.com<\/a> is licensed by <a title=\"Creative Commons BY 3.0\" href=\"https:\/\/creativecommons.org\/licenses\/by\/3.0\/\" target=\"_blank\" rel=\"noopener\">CC 3.0 BY<\/a><br \/>\nIcons made by <a title=\"Swifticons\" href=\"http:\/\/swifticons.com\/\" target=\"_blank\" rel=\"noopener\">Swifticons<\/a> from <a title=\"Flaticon\" href=\"https:\/\/www.flaticon.com\/\" target=\"_blank\" rel=\"noopener\">www.flaticon.com<\/a> is licensed by <a title=\"Creative Commons BY 3.0\" href=\"https:\/\/creativecommons.org\/licenses\/by\/3.0\/\" target=\"_blank\" rel=\"noopener\">CC 3.0 BY<\/a><\/p>\n<\/div>\n<\/div><\/div><\/div><\/div><\/div><\/div>","protected":false},"excerpt":{"rendered":"<p>Impressum Inhaltlich verantwortlich: Bettina von Arps-Aubert GmbH Dolmetschen und \u00dcbersetzen Corneliusstra\u00dfe 37 12247 Berlin Fon: +49 (0)30 47 37 87 08 Email: info@arps-aubert.de Gesch\u00e4ftsf\u00fchrung: Bettina von Arps-Aubert Sitz: Berlin USt-IdNr.: DE257 53 66 95 Amtsgericht Charlottenburg: HRB 111 701 B Daten S\u00e4mtliche Texte, Fotos, Grafiken, Audio- und Videodateien unterliegen dem Urheberrecht sowie weiteren Gesetzen zum [&hellip;]<\/p>\n","protected":false},"author":1,"featured_media":0,"parent":0,"menu_order":0,"comment_status":"closed","ping_status":"closed","template":"","meta":{"_acf_changed":false,"footnotes":""},"class_list":["post-3238","page","type-page","status-publish","hentry"],"acf":[],"_links":{"self":[{"href":"https:\/\/www.arps-aubert.de\/en\/wp-json\/wp\/v2\/pages\/3238","targetHints":{"allow":["GET"]}}],"collection":[{"href":"https:\/\/www.arps-aubert.de\/en\/wp-json\/wp\/v2\/pages"}],"about":[{"href":"https:\/\/www.arps-aubert.de\/en\/wp-json\/wp\/v2\/types\/page"}],"author":[{"embeddable":true,"href":"https:\/\/www.arps-aubert.de\/en\/wp-json\/wp\/v2\/users\/1"}],"replies":[{"embeddable":true,"href":"https:\/\/www.arps-aubert.de\/en\/wp-json\/wp\/v2\/comments?post=3238"}],"version-history":[{"count":26,"href":"https:\/\/www.arps-aubert.de\/en\/wp-json\/wp\/v2\/pages\/3238\/revisions"}],"predecessor-version":[{"id":5515,"href":"https:\/\/www.arps-aubert.de\/en\/wp-json\/wp\/v2\/pages\/3238\/revisions\/5515"}],"wp:attachment":[{"href":"https:\/\/www.arps-aubert.de\/en\/wp-json\/wp\/v2\/media?parent=3238"}],"curies":[{"name":"wp","href":"https:\/\/api.w.org\/{rel}","templated":true}]}}