{"id":6204,"date":"2023-11-29T14:43:00","date_gmt":"2023-11-29T13:43:00","guid":{"rendered":"https:\/\/www.arps-aubert.de\/?page_id=6204"},"modified":"2025-01-03T15:09:54","modified_gmt":"2025-01-03T14:09:54","slug":"mediendolmetschen","status":"publish","type":"page","link":"https:\/\/www.arps-aubert.de\/de\/mediendolmetschen\/","title":{"rendered":"Mediendolmetschen: Technik &#038; Kontext"},"content":{"rendered":"<div id=\"pl-6204\"  class=\"panel-layout\" ><div id=\"pg-6204-0\"  class=\"panel-grid panel-no-style\" ><div id=\"pgc-6204-0-0\"  class=\"panel-grid-cell\" ><div id=\"panel-6204-0-0-0\" class=\"so-panel widget widget_sow-editor panel-first-child\" data-index=\"0\" ><div\n\t\t\t\n\t\t\tclass=\"so-widget-sow-editor so-widget-sow-editor-base\"\n\t\t\t\n\t\t>\n<div class=\"siteorigin-widget-tinymce textwidget\">\n\t<h1>Mediendolmetschen: Technik &amp; Kontext<\/h1>\n<p>Als <strong>Mediendolmetscher<\/strong>, auch Rundfunk- und Fernsehdolmetscher genannt, kennen wir die Herausforderungen, die das jeweilige Medium f\u00fcr unsere Arbeit mit sich bringt. Das technische Setting (Rundfunk- oder Fernsehstudio) stellt sehr spezifische Anforderungen an das Dolmetschen. Live-\u00dcbertragungen oder Sendungen mit gro\u00dfer Reichweite erh\u00f6hen den Druck auf den Dolmetscher sowie auch dessen Adrenalinspiegel. In den meisten F\u00e4llen bereitet das Rundfunk- und Fernsehdolmetschen jedoch auch gro\u00dfe Freude.<\/p>\n<p>Im Fernsehen und Radio <strong>pr\u00e4zise, empathisch und kontextgenau zu dolmetschen<\/strong>, erfordert:<\/p>\n<ul>\n<li>hervorragende sprachliche F\u00e4higkeiten,<\/li>\n<li>eine sehr kurze zeitliche Verz\u00f6gerung,<\/li>\n<li>eine vorbereitende, umfassende Besch\u00e4ftigung mit dem Thema und der zu bedolmetschenden Person,<\/li>\n<li>eine einf\u00fchlsame Stimme,<\/li>\n<li>ein angemessenes Gleichgewicht zwischen Ruhe und Schnelligkeit,<\/li>\n<li>Erfahrung und Anpassungsf\u00e4higkeit sowie<\/li>\n<li>Kreativit\u00e4t und Flexibilit\u00e4t beim Dolmetschen.<\/li>\n<\/ul>\n<p>&nbsp;<\/p>\n<p>W\u00e4hrend Konferenzdolmetscher beim Simultandolmetschen immer ein gewisses Ma\u00df an Kreativit\u00e4t und Flexibilit\u00e4t an den Tag legen m\u00fcssen, ist diese F\u00e4higkeit beim <strong>Radio- und Fernsehdolmetschen<\/strong> besonders gefragt. Immer wieder passieren unerwartete, unvorhergesehene und auch ungeahnte Dinge: Ist beispielsweise ein Interview mit einem Politiker f\u00fcr eine bestimmte Uhrzeit angesetzt, kann es ohne Weiteres verschoben, abgesagt oder auch von einem Stellvertreter oder einer anderen Person gegeben werden.<\/p>\n<p>Politische Sendestationen buchen <strong>Fernsehdolmetscher<\/strong> oftmals auch f\u00fcr einen bestimmten Zeitraum und teilen den Fernsehdolmetschern dann nur mit, dass in diesem Zeitraum eine Pressekonferenz, eine Rede oder ein Interview mit einer nicht deutschsprachigen Person gegeben werden soll. Es kann passieren, dass man unverrichteter Dinge wieder nach Hause geschickt wird, da sich zwischenzeitlich andere Entwicklungen ergeben haben.<\/p>\n<p>Beim <strong>Fernsehdolmetschen<\/strong> sehen die Zuschauer \u00fcblicherweise die zu bedolmetschende Person in Gro\u00dfaufnahme (beispielsweise einen Fu\u00dfballspieler nach einem Spiel) und bekommen an der Gestik schnell mit, ob der Dolmetscher hinter dem Gesagten herhinkt oder in etwas gleich auf ist. Daher ist Schnelligkeit hier besonders gefragt; in diesem Kontext f\u00e4llt den Zuschauern ein Z\u00f6gern oder kurzes Pausieren beim Dolmetschen umgehend auf und wirkt befremdlich.<\/p>\n<\/div>\n<\/div><\/div><div id=\"panel-6204-0-0-1\" class=\"so-panel widget widget_sow-editor\" data-index=\"1\" ><div\n\t\t\t\n\t\t\tclass=\"so-widget-sow-editor so-widget-sow-editor-base\"\n\t\t\t\n\t\t>\n<div class=\"siteorigin-widget-tinymce textwidget\">\n\t\n  <div class=\"uk-width-1-1\" id=\"cta\">\n    <div class=\"uk-container uk-container-center\">\n      <div class=\"uk-grid uk-margin-small-top uk-margin-small-bottom\">\n        <div class=\"uk-width-medium-1-3\">\n          <span class=\"uk-h2\">Kontaktieren Sie uns<\/span>\n          <p>Wir beraten Sie gern<\/p>\n        <\/div>\n        <div class=\"uk-width-medium-1-3 uk-text-center phone-txt uk-vertical-align\">\n          <div class=\"uk-vertical-align-middle\">\n  <i class=\"uk-icon-phone\"><\/i> +49 (0)30 47 37 87 08\n  <\/div>\n        <\/div>\n        <div class=\"uk-width-medium-1-3 uk-text-center uk-vertical-align\">\n          <a href=\"https:\/\/www.arps-aubert.de\/de\/kontakt\/\" class=\"uk-button light uk-vertical-align-middle\">Anfrage stellen<\/a>\n        <\/div>\n      <\/div>\n    <\/div>\n  <\/div>\n\n  \n<\/div>\n<\/div><\/div><div id=\"panel-6204-0-0-2\" class=\"so-panel widget widget_lsow-icon-list panel-last-child\" data-index=\"2\" ><div\n\t\t\t\n\t\t\tclass=\"so-widget-lsow-icon-list so-widget-lsow-icon-list-default-f2e65f482672-6204\"\n\t\t\t\n\t\t>\n<div class=\"lsow-icon-list lsow-alignleft\"><\/div><!-- .lsow-icon-list --><\/div><\/div><\/div><\/div><div id=\"pg-6204-1\"  class=\"panel-grid panel-no-style\" ><div id=\"pgc-6204-1-0\"  class=\"panel-grid-cell\" ><div id=\"panel-6204-1-0-0\" class=\"so-panel widget widget_sow-editor panel-first-child panel-last-child\" data-index=\"3\" ><div\n\t\t\t\n\t\t\tclass=\"so-widget-sow-editor so-widget-sow-editor-base\"\n\t\t\t\n\t\t>\n<div class=\"siteorigin-widget-tinymce textwidget\">\n\t<h2>Anforderungen an Rundfunk- & Fernsehdolmetscher <\/h2>\n<\/div>\n<\/div><\/div><\/div><\/div><div id=\"pg-6204-2\"  class=\"panel-grid panel-no-style\" ><div id=\"pgc-6204-2-0\"  class=\"panel-grid-cell\" ><div id=\"panel-6204-2-0-0\" class=\"so-panel widget widget_sow-editor panel-first-child panel-last-child\" data-index=\"4\" ><div\n\t\t\t\n\t\t\tclass=\"so-widget-sow-editor so-widget-sow-editor-base\"\n\t\t\t\n\t\t>\n<div class=\"siteorigin-widget-tinymce textwidget\">\n\t<p><img loading=\"lazy\" decoding=\"async\" class=\"wp-image-4010 alignleft\" title=\"Professionelles Fernsehdolmetschen\" src=\"https:\/\/www.arps-aubert.de\/wp-content\/uploads\/2023\/11\/fernsehdolmetscher-ohr.png\" alt=\"Icon Ohr\" width=\"128\" height=\"128\" \/><\/p>\n<p><strong>Fernsehdolmetscher<\/strong> m&uuml;ssen <strong>simultan &uuml;bersetzen<\/strong><strong>. <\/strong>Bei Live-&Uuml;bertragungen im Fernsehen entsteht eine &auml;hnliche Situation wie sie Konferenzdolmetscher erleben, nur, dass man in den meisten F&auml;llen, da es sich in der Regel um k&uuml;rzere Dolmetscheins&auml;tze oder&nbsp;-passagen handelt, alleine in einem Studio arbeitet. Der Dolmetscher ist also meist auf sich alleine gestellt und bekommt keine Unterst&uuml;tzung eines zweiten Dolmetschers.<\/p>\n<p>Von entscheidender Bedeutung beim <strong>Mediendolmetschen<\/strong> ist die umfassende Vorbereitung. Wenn man zu den Themen vorab recherchiert oder sich im Vorhinein andere Interviews mit den Studiog&auml;sten anh&ouml;rt, sich auf ihren Duktus einstellt und sich mit ihren Biographien vertraut macht, hat man gute Voraussetzungen, ruhige, angenehme und pr&auml;zise &Uuml;bersetzungen f&uuml;r die Zuschauer zu liefern. Es kommt allerdings auch nicht selten vor, dass Fernsehdolmetscher vom TV-Studio angerufen werden mit der Bitte, in der n&auml;chsten Stunde zu erscheinen, da beispielsweise eine Pressekonferenz kurzfristig anberaumt wurde oder das Interview mit einer ber&uuml;hmten Pers&ouml;nlichkeit unerwartet ansteht.<\/p>\n<\/div>\n<\/div><\/div><\/div><div id=\"pgc-6204-2-1\"  class=\"panel-grid-cell\" ><div id=\"panel-6204-2-1-0\" class=\"so-panel widget widget_sow-editor panel-first-child panel-last-child\" data-index=\"5\" ><div\n\t\t\t\n\t\t\tclass=\"so-widget-sow-editor so-widget-sow-editor-base\"\n\t\t\t\n\t\t>\n<div class=\"siteorigin-widget-tinymce textwidget\">\n\t<p><img loading=\"lazy\" decoding=\"async\" class=\"wp-image-4010 alignleft\" title=\"Professionelles Dolmetschen simultan\" src=\"https:\/\/www.arps-aubert.de\/wp-content\/uploads\/2023\/11\/mediendolmetschen-gespraech.png\" alt=\"Icon Gespr\u00e4ch\" width=\"128\" height=\"128\" \/><\/p>\n<p>Mit anderen Worten: Beim Fernsehen kommt es oft anders als geplant und gedacht; daher m&uuml;ssen Fernsehdolmetscher <strong>flexibel<\/strong> und einfallsreich sein: Trotz bester Vorbereitung m&uuml;ssen sie in der Lage sein, <strong>spontan <\/strong>zu reagieren. W&auml;hrend die Fernsehzuschauer vieles von dem, was hinter den Kulissen passiert, nie zu sehen bekommen, sind Fernsehdolmetscher permanent in der Mitte des Studiogeschehens und m&uuml;ssen konzentriert und entspannt bleiben. Eine ruheausstrahlende Stimme in jeder Situation ist essentiell und vermittelt den Zuschauern, dass alles unter Kontrolle ist. &Uuml;berhaupt ist die Stimme des Dolmetschers beim <strong>Mediendolmetschen<\/strong> sehr viel mehr im Fokus als in anderen Kontexten.<\/p>\n<\/div>\n<\/div><\/div><\/div><\/div><div id=\"pg-6204-3\"  class=\"panel-grid panel-no-style\" ><div id=\"pgc-6204-3-0\"  class=\"panel-grid-cell\" ><div id=\"panel-6204-3-0-0\" class=\"so-panel widget widget_sow-editor panel-first-child panel-last-child\" data-index=\"6\" ><div\n\t\t\t\n\t\t\tclass=\"so-widget-sow-editor so-widget-sow-editor-base\"\n\t\t\t\n\t\t>\n<div class=\"siteorigin-widget-tinymce textwidget\">\n\t<h2>Konsekutiv und nicht live - Sprach&uuml;bertragung im Radio<\/h2>\n<p>Im Radio dolmetscht man meist in einem anderen Kontext: Ein internationaler Gast (Autor, Wissenschaftler, Politiker o.&auml;.) kommt ins Rundfunkstudio und wird interviewt. Das Interview wird konsekutiv, also zeitversetzt, gedolmetscht und aufgezeichnet. Nach dem Interview setzen sich Produzent und Cutter zusammen und schneiden das Gedolmetschte so auf die Originalstimme, dass man als Radioh&ouml;rer den Eindruck bekommt, es wurde simultan gedolmetscht.<\/p>\n<\/div>\n<\/div><\/div><\/div><\/div><div id=\"pg-6204-4\"  class=\"panel-grid panel-no-style\" ><div id=\"pgc-6204-4-0\"  class=\"panel-grid-cell\" ><div id=\"panel-6204-4-0-0\" class=\"so-panel widget widget_sow-editor panel-first-child panel-last-child\" data-index=\"7\" ><div\n\t\t\t\n\t\t\tclass=\"so-widget-sow-editor so-widget-sow-editor-base\"\n\t\t\t\n\t\t>\n<div class=\"siteorigin-widget-tinymce textwidget\">\n\t<p><img loading=\"lazy\" decoding=\"async\" class=\"wp-image-4010 alignleft\" title=\"Professionelles Mediendolmetschen\" src=\"https:\/\/www.arps-aubert.de\/wp-content\/uploads\/2023\/11\/videodolmetschen.png\" alt=\"Icon Mediendolmetschen\" width=\"128\" height=\"128\" \/><\/p>\n<h3>Mediendolmetschen \/ Fernsehdolmetschen: Pr\u00e4zise Botschaften, egal wo und wann<\/h3>\n<p><strong>Fernsehdolmetscher<\/strong> befinden sich meist nicht \u201eam Ort des Geschehens\u201d. Wenn sie beispielsweise im \u00dc-Wagen dolmetschen, sind sie zwar vor Ort, aber trotzdem nicht im selben Raum. Sie k\u00f6nnen die redende Person lediglich auf einem Monitor sehen. Es besteht also eine <strong>physische Distanz<\/strong> zwischen dem Redner \u2013 der zu bedolmetschenden Person \u2013 und dem Fernsehdolmetscher.<\/p>\n<p>Aufgrund der Kurzfristigkeit und Schnelllebigkeit der heutigen Medien- und Berichterstattung, gibt es oftmals keine Zeit f\u00fcr die Fernsehdolmetscher, sich an das Setting zu \u201egew\u00f6hnen\u201d; meist geht alles sehr schnell, muss auf den Punkt stimmen und \u00fcberzeugend f\u00fcr die Zuschauer \u00fcbertragen werden. Hinzu kommen St\u00f6rger\u00e4usche oder technische \u00dcbertragungsprobleme, die vom Fernsehdolmetscher schnell und nachhaltig ausgeblendet und ausgeglichen werden m\u00fcssen.<\/p>\n<\/div>\n<\/div><\/div><\/div><div id=\"pgc-6204-4-1\"  class=\"panel-grid-cell\" ><div id=\"panel-6204-4-1-0\" class=\"so-panel widget widget_sow-editor panel-first-child panel-last-child\" data-index=\"8\" ><div\n\t\t\t\n\t\t\tclass=\"so-widget-sow-editor so-widget-sow-editor-base\"\n\t\t\t\n\t\t>\n<div class=\"siteorigin-widget-tinymce textwidget\">\n\t<p><img loading=\"lazy\" decoding=\"async\" class=\"wp-image-4010 alignleft\" title=\"Professionelles Videodolmetschen\" src=\"https:\/\/www.arps-aubert.de\/wp-content\/uploads\/2023\/11\/mediendolmetschen.png\" alt=\"Icon Dolmetschen Technik\" width=\"128\" height=\"128\" \/><\/p>\n<h3>Videodolmetschen: Globale Kommunikation <\/h3>\n<p>Das Videodolmetschen stellt eine <strong>besondere Form des Mediendolmetschens<\/strong> dar und darf nicht mit Fernseh- und Rundfunkdolmetschen gleichgesetzt werden. Videodolmetscher dolmetschen bei Online-Konferenzen, Video-Calls oder anderen Veranstaltungen, die virtuell oder hybrid durchgef&uuml;hrt werden. Technisch hat sich seit der Corona-Pandemie in diesem Bereich sehr viel getan, sodass das Videodolmetschen mittlerweile auf einem sehr hohen technischen Niveau stattfinden kann. Das Dolmetschen per Video <strong>unterst&uuml;tzt die Teilnehmenden digitaler Veranstaltungen optimal<\/strong> und erm&ouml;glicht barrierefreie Gespr&auml;che zwischen ihnen &ndash; ganz gleich, von welchem Ort der Welt aus sie sich zuschalten.<\/p>\n<p style=\"padding-left: 40px;\">\u27a5Der Begriff \u201eVideodolmetschen\u201c ist mittlerweile kaum mehr gebr\u00e4uchlich. Viel gel\u00e4ufiger ist die Bezeichnung \u201eRemote Simultaneous Interpreting\u201c (englisch sinngem\u00e4\u00df f\u00fcr \u201eFern-Dolmetschen\u201c).<\/p>\n<\/div>\n<\/div><\/div><\/div><\/div><div id=\"pg-6204-5\"  class=\"panel-grid panel-no-style\" ><div id=\"pgc-6204-5-0\"  class=\"panel-grid-cell\" ><div id=\"panel-6204-5-0-0\" class=\"so-panel widget widget_sow-editor panel-first-child panel-last-child\" data-index=\"9\" ><div\n\t\t\t\n\t\t\tclass=\"so-widget-sow-editor so-widget-sow-editor-base\"\n\t\t\t\n\t\t>\n<div class=\"siteorigin-widget-tinymce textwidget\">\n\t<h3>Nehmen Sie Kontakt zu uns auf<\/h3>\n<p><strong>Suchen Sie einen Mediendolmetscher, etwa als Rundfunk- oder Fernsehdolmetscher?<\/strong> Dann nehmen Sie Kontakt zu unserem <a title=\"Dolmetscherb\u00fcro Berlin\" href=\"https:\/\/www.arps-aubert.de\/de\/dolmetschen\/\">Dolmetscherb\u00fcro in Berlin<\/a> auf! Unser Team profitiert mittlerweile von mehr als <strong>25 Jahren Erfahrung<\/strong>. Sprechen Sie uns an \u2013 wir suchen gerne den passenden Mediendolmetscher f\u00fcr Ihre Sendung. Sie k\u00f6nnen uns als <a title=\"Dolmetscher in Berlin buchen\" href=\"https:\/\/www.arps-aubert.de\/de\/\">Dolmetscher buchen<\/a>: f\u00fcr Projekte, Seminare, Konferenzen und jedwede andere Art von Veranstaltungen \u2013 in Berlin, deutschlandweit, international und remote.<\/p>\n<\/div>\n<\/div><\/div><\/div><\/div><div id=\"pg-6204-6\"  class=\"panel-grid panel-no-style\" ><div id=\"pgc-6204-6-0\"  class=\"panel-grid-cell\" ><div id=\"panel-6204-6-0-0\" class=\"so-panel widget widget_sow-editor panel-first-child panel-last-child\" data-index=\"10\" ><div\n\t\t\t\n\t\t\tclass=\"so-widget-sow-editor so-widget-sow-editor-base\"\n\t\t\t\n\t\t>\n<div class=\"siteorigin-widget-tinymce textwidget\">\n\t\n  <div class=\"uk-width-1-1\" id=\"cta\">\n    <div class=\"uk-container uk-container-center\">\n      <div class=\"uk-grid uk-margin-small-top uk-margin-small-bottom\">\n        <div class=\"uk-width-medium-1-3\">\n          <span class=\"uk-h2\">Kontaktieren Sie uns<\/span>\n          <p>Wir beraten Sie gern<\/p>\n        <\/div>\n        <div class=\"uk-width-medium-1-3 uk-text-center phone-txt uk-vertical-align\">\n          <div class=\"uk-vertical-align-middle\">\n  <i class=\"uk-icon-phone\"><\/i> +49 (0)30 47 37 87 08\n  <\/div>\n        <\/div>\n        <div class=\"uk-width-medium-1-3 uk-text-center uk-vertical-align\">\n          <a href=\"https:\/\/www.arps-aubert.de\/de\/kontakt\/\" class=\"uk-button light uk-vertical-align-middle\">Anfrage stellen<\/a>\n        <\/div>\n      <\/div>\n    <\/div>\n  <\/div>\n\n  \n<\/div>\n<\/div><\/div><\/div><\/div><\/div>","protected":false},"excerpt":{"rendered":"<p>Mediendolmetschen: Technik &amp; Kontext Als Mediendolmetscher, auch Rundfunk- und Fernsehdolmetscher genannt, kennen wir die Herausforderungen, die das jeweilige Medium f\u00fcr unsere Arbeit mit sich bringt. Das technische Setting (Rundfunk- oder Fernsehstudio) stellt sehr spezifische Anforderungen an das Dolmetschen. Live-\u00dcbertragungen oder Sendungen mit gro\u00dfer Reichweite erh\u00f6hen den Druck auf den Dolmetscher sowie auch dessen Adrenalinspiegel. In [&hellip;]<\/p>\n","protected":false},"author":1,"featured_media":0,"parent":0,"menu_order":0,"comment_status":"closed","ping_status":"closed","template":"","meta":{"_acf_changed":false,"footnotes":""},"class_list":["post-6204","page","type-page","status-publish","hentry"],"acf":[],"_links":{"self":[{"href":"https:\/\/www.arps-aubert.de\/de\/wp-json\/wp\/v2\/pages\/6204","targetHints":{"allow":["GET"]}}],"collection":[{"href":"https:\/\/www.arps-aubert.de\/de\/wp-json\/wp\/v2\/pages"}],"about":[{"href":"https:\/\/www.arps-aubert.de\/de\/wp-json\/wp\/v2\/types\/page"}],"author":[{"embeddable":true,"href":"https:\/\/www.arps-aubert.de\/de\/wp-json\/wp\/v2\/users\/1"}],"replies":[{"embeddable":true,"href":"https:\/\/www.arps-aubert.de\/de\/wp-json\/wp\/v2\/comments?post=6204"}],"version-history":[{"count":37,"href":"https:\/\/www.arps-aubert.de\/de\/wp-json\/wp\/v2\/pages\/6204\/revisions"}],"predecessor-version":[{"id":6583,"href":"https:\/\/www.arps-aubert.de\/de\/wp-json\/wp\/v2\/pages\/6204\/revisions\/6583"}],"wp:attachment":[{"href":"https:\/\/www.arps-aubert.de\/de\/wp-json\/wp\/v2\/media?parent=6204"}],"curies":[{"name":"wp","href":"https:\/\/api.w.org\/{rel}","templated":true}]}}