{"id":4681,"date":"2021-02-19T11:46:23","date_gmt":"2021-02-19T10:46:23","guid":{"rendered":"https:\/\/www.arps-aubert.de\/?page_id=4681"},"modified":"2023-08-24T16:41:49","modified_gmt":"2023-08-24T14:41:49","slug":"hybrid-dolmetschen","status":"publish","type":"page","link":"https:\/\/www.arps-aubert.de\/de\/hybrid-dolmetschen\/","title":{"rendered":"Hybrid-Dolmetschen"},"content":{"rendered":"<div id=\"pl-4681\"  class=\"panel-layout\" ><div id=\"pg-4681-0\"  class=\"panel-grid panel-no-style\" ><div id=\"pgc-4681-0-0\"  class=\"panel-grid-cell\" ><div id=\"panel-4681-0-0-0\" class=\"so-panel widget widget_sow-editor panel-first-child panel-last-child\" data-index=\"0\" ><div\n\t\t\t\n\t\t\tclass=\"so-widget-sow-editor so-widget-sow-editor-base\"\n\t\t\t\n\t\t>\n<div class=\"siteorigin-widget-tinymce textwidget\">\n\t<h1>Hybrid-Dolmetschen f&uuml;r Hybrid-Events&nbsp;<\/h1>\n<\/div>\n<\/div><\/div><\/div><\/div><div id=\"pg-4681-1\"  class=\"panel-grid panel-no-style\" ><div id=\"pgc-4681-1-0\"  class=\"panel-grid-cell\" ><div id=\"panel-4681-1-0-0\" class=\"so-panel widget widget_sow-editor panel-first-child panel-last-child\" data-index=\"1\" ><div class=\"uk-column-medium-1-2 two-column panel-widget-style panel-widget-style-for-4681-1-0-0\" ><div\n\t\t\t\n\t\t\tclass=\"so-widget-sow-editor so-widget-sow-editor-base\"\n\t\t\t\n\t\t>\n<div class=\"siteorigin-widget-tinymce textwidget\">\n\t<p>Sp\u00e4testens seit Beginn der Corona-Krise sind digitale Konferenzen auch in der Welt des Dolmetschens angekommen. Ferndolmetschen aus dem Hub oder \u00fcber Plattformen wie Zoom sind gefragt. Aber auch das Dolmetschen auf Hybridveranstaltungen wird immer popul\u00e4rer: Dabei k\u00f6nnen Teilnehmer*innen, Publikum und auch Referenten*innen \u00fcber Streaming oder per Videokonferenz an Veranstaltungen digital teilnehmen, die zugleich physisch stattfinden.<\/p>\n<p>Beim <strong>Hybrid-Dolmetschen<\/strong>\u00a0wird die Verdolmetschung daf\u00fcr gleichzeitig sowohl an einem Veranstaltungsort \u00fcber Dolmetscherkabinen als auch auf die virtuellen Plattformen wie z. B. Zoom \u00fcbertragen.<br \/>\nDas\u00a0<a title=\"Simultandolmetschen\" href=\"https:\/\/www.arps-aubert.de\/de\/simultandolmetschen\/\">Simultandolmetschen<\/a> geschieht also nicht mehr nur physisch vor Ort, sondern kann mithilfe einer virtuellen Plattform einem weit gr\u00f6\u00dferen Publikum aus aller Welt zug\u00e4nglich gemacht werden. So ist pers\u00f6nliche Interaktion und Kommunikation auch \u00fcber gro\u00dfe geographische Entfernungen m\u00f6glich.<\/p>\n<p>F\u00fcr ein reibungsloses Hybrid-Event braucht man einen kompetenten und professionellen Veranstalter, der die Zusammenarbeit von Dolmetscher*innen und Referent*innen einwandfrei erm\u00f6glicht und gew\u00e4hrleistet, dass die Beitr\u00e4ge in Echtzeit beim Publikum ankommen. Kontaktieren Sie gern unser <a title=\"Dolmetscherb\u00fcro in Berlin\" href=\"https:\/\/www.arps-aubert.de\/de\/dolmetschen\/\">Dolmetscherb\u00fcro in Berlin<\/a>, wenn Sie erfahrene <a href=\"https:\/\/www.arps-aubert.de\/de\/\">Dolmetscher<\/a> oder <a title=\"Simultandolmetscher\" href=\"https:\/\/www.arps-aubert.de\/de\/simultandolmetschen\/\">Simultandolmetscher<\/a>\u00a0f\u00fcr Ihre hybride Veranstaltung ben\u00f6tigen.<\/p>\n<p><img decoding=\"async\" class=\"size-full aligncenter\" title=\"Hybrid-Dolmetschen f\u00fcr internationale Hybrid-Events\" src=\"https:\/\/www.arps-aubert.de\/wp-content\/uploads\/2021\/02\/hybrid-dolmetschen-hybrid-events.png\" alt=\"Event mit Hybrid-Dolmetschen\" width=\"100%\" \/><\/p>\n<\/div>\n<\/div><\/div><\/div><\/div><\/div><div id=\"pg-4681-2\"  class=\"panel-grid panel-has-style\" ><div class=\"siteorigin-panels-stretch panel-row-style panel-row-style-for-4681-2\" data-stretch-type=\"full-stretched\" ><div id=\"pgc-4681-2-0\"  class=\"panel-grid-cell\" ><div id=\"panel-4681-2-0-0\" class=\"so-panel widget widget_sow-editor panel-first-child panel-last-child\" data-index=\"2\" ><div class=\"panel-widget-style panel-widget-style-for-4681-2-0-0\" ><div\n\t\t\t\n\t\t\tclass=\"so-widget-sow-editor so-widget-sow-editor-base\"\n\t\t\t\n\t\t>\n<div class=\"siteorigin-widget-tinymce textwidget\">\n\t\n  <div class=\"uk-width-1-1\" id=\"cta\">\n    <div class=\"uk-container uk-container-center\">\n      <div class=\"uk-grid uk-margin-small-top uk-margin-small-bottom\">\n        <div class=\"uk-width-medium-1-3\">\n          <span class=\"uk-h2\">Kontaktieren Sie uns<\/span>\n          <p>Wir beraten Sie gern<\/p>\n        <\/div>\n        <div class=\"uk-width-medium-1-3 uk-text-center phone-txt uk-vertical-align\">\n          <div class=\"uk-vertical-align-middle\">\n  <i class=\"uk-icon-phone\"><\/i> +49 (0)30 47 37 87 08\n  <\/div>\n        <\/div>\n        <div class=\"uk-width-medium-1-3 uk-text-center uk-vertical-align\">\n          <a href=\"https:\/\/www.arps-aubert.de\/de\/kontakt\/\" class=\"uk-button light uk-vertical-align-middle\">Anfrage stellen<\/a>\n        <\/div>\n      <\/div>\n    <\/div>\n  <\/div>\n\n  \n<\/div>\n<\/div><\/div><\/div><\/div><\/div><\/div><\/div>","protected":false},"excerpt":{"rendered":"<p>Hybrid-Dolmetschen f&uuml;r Hybrid-Events&nbsp; Sp\u00e4testens seit Beginn der Corona-Krise sind digitale Konferenzen auch in der Welt des Dolmetschens angekommen. Ferndolmetschen aus dem Hub oder \u00fcber Plattformen wie Zoom sind gefragt. Aber auch das Dolmetschen auf Hybridveranstaltungen wird immer popul\u00e4rer: Dabei k\u00f6nnen Teilnehmer*innen, Publikum und auch Referenten*innen \u00fcber Streaming oder per Videokonferenz an Veranstaltungen digital teilnehmen, die [&hellip;]<\/p>\n","protected":false},"author":1,"featured_media":0,"parent":0,"menu_order":0,"comment_status":"closed","ping_status":"closed","template":"","meta":{"_acf_changed":false,"footnotes":""},"class_list":["post-4681","page","type-page","status-publish","hentry"],"acf":[],"_links":{"self":[{"href":"https:\/\/www.arps-aubert.de\/de\/wp-json\/wp\/v2\/pages\/4681","targetHints":{"allow":["GET"]}}],"collection":[{"href":"https:\/\/www.arps-aubert.de\/de\/wp-json\/wp\/v2\/pages"}],"about":[{"href":"https:\/\/www.arps-aubert.de\/de\/wp-json\/wp\/v2\/types\/page"}],"author":[{"embeddable":true,"href":"https:\/\/www.arps-aubert.de\/de\/wp-json\/wp\/v2\/users\/1"}],"replies":[{"embeddable":true,"href":"https:\/\/www.arps-aubert.de\/de\/wp-json\/wp\/v2\/comments?post=4681"}],"version-history":[{"count":36,"href":"https:\/\/www.arps-aubert.de\/de\/wp-json\/wp\/v2\/pages\/4681\/revisions"}],"predecessor-version":[{"id":6020,"href":"https:\/\/www.arps-aubert.de\/de\/wp-json\/wp\/v2\/pages\/4681\/revisions\/6020"}],"wp:attachment":[{"href":"https:\/\/www.arps-aubert.de\/de\/wp-json\/wp\/v2\/media?parent=4681"}],"curies":[{"name":"wp","href":"https:\/\/api.w.org\/{rel}","templated":true}]}}