{"id":4296,"date":"2020-04-29T18:06:17","date_gmt":"2020-04-29T16:06:17","guid":{"rendered":"https:\/\/www.arps-aubert.de\/?page_id=4296"},"modified":"2025-01-21T11:34:02","modified_gmt":"2025-01-21T10:34:02","slug":"remote-interpreting","status":"publish","type":"page","link":"https:\/\/www.arps-aubert.de\/de\/remote-interpreting\/","title":{"rendered":"Remote Simultaneous Interpreting (RSI)"},"content":{"rendered":"<div id=\"pl-4296\"  class=\"panel-layout\" ><div id=\"pg-4296-0\"  class=\"panel-grid panel-no-style\" ><div id=\"pgc-4296-0-0\"  class=\"panel-grid-cell\" ><div id=\"panel-4296-0-0-0\" class=\"so-panel widget widget_sow-editor panel-first-child panel-last-child\" data-index=\"0\" ><div\n\t\t\t\n\t\t\tclass=\"so-widget-sow-editor so-widget-sow-editor-base\"\n\t\t\t\n\t\t>\n<div class=\"siteorigin-widget-tinymce textwidget\">\n\t<h1>Remote Simultaneous Interpreting (RSI)<\/h1>\n<\/div>\n<\/div><\/div><\/div><\/div><div id=\"pg-4296-1\"  class=\"panel-grid panel-no-style\" ><div id=\"pgc-4296-1-0\"  class=\"panel-grid-cell\" ><div id=\"panel-4296-1-0-0\" class=\"so-panel widget widget_sow-editor panel-first-child\" data-index=\"1\" ><div\n\t\t\t\n\t\t\tclass=\"so-widget-sow-editor so-widget-sow-editor-base\"\n\t\t\t\n\t\t>\n<div class=\"siteorigin-widget-tinymce textwidget\">\n\t<p>Corona hat die Veranstaltungslandschaft ver\u00e4ndert. Seit M\u00e4rz 2020 finden zahlreiche Veranstaltungen online statt. Auch jetzt noch, wo die Pandemie vorbei ist. Veranstalter haben die Vorteile von virtuellen Veranstaltungen sch\u00e4tzen gelernt. Seit der Aufhebung von Reisebeschr\u00e4nkungen und Kontaktverboten gibt es aber auch wieder viele Pr\u00e4senzveranstaltungen.<\/p>\n<p>Eine Herausforderung w\u00e4hrend Corona war das Thema mehrsprachige Kommunikation und Simultanverdolmetschung. Dank modernster, internetbasierter Technologien sind wir heute in der Lage, das sogenannte <strong>Remote Simultaneous Interpreting<\/strong> (im allgemeinen Sprachgebrauch auch <strong>Ferndolmetschen<\/strong> oder Distanzdolmetschen genannt) anzubieten.<\/p>\n<p>Dabei befinden sich die zu bedolmetschenden Teilnehmer an unterschiedlichen physischen Orten und treffen sich in einem virtuellen, webbasierten Raum. F\u00fcr die Sitzungen loggt sich jeder mit einem Ger\u00e4t (Laptop, Tablet, Computer, Handy) \u201aaus der Ferne' in diesen Raum ein.<\/p>\n<\/div>\n<\/div><\/div><div id=\"panel-4296-1-0-1\" class=\"so-panel widget widget_sow-editor\" data-index=\"2\" ><div\n\t\t\t\n\t\t\tclass=\"so-widget-sow-editor so-widget-sow-editor-base\"\n\t\t\t\n\t\t>\n<div class=\"siteorigin-widget-tinymce textwidget\">\n\t<h2>Sicher &amp; webbasiert: Remote Dolmetschen \u2013 aus unserem eigenen Studio oder via Dolmetscher-Hub<\/h2>\n<\/div>\n<\/div><\/div><div id=\"panel-4296-1-0-2\" class=\"so-panel widget widget_sow-editor panel-last-child\" data-index=\"3\" ><div\n\t\t\t\n\t\t\tclass=\"so-widget-sow-editor so-widget-sow-editor-base\"\n\t\t\t\n\t\t>\n<div class=\"siteorigin-widget-tinymce textwidget\">\n\t<p>Im M\u00e4rz 2021 haben wir einen technisch hochmodern ausgestatteten coronakonformen Arbeitsplatz f\u00fcr <strong>zwei Dolmetscher<\/strong> in den R\u00e4umlichkeiten unseres <a title=\"Dolmetscherb\u00fcro in Berlin\" href=\"https:\/\/www.arps-aubert.de\/de\/dolmetschen\/\">Dolmetscherb\u00fcros in Berlin<\/a> eingerichtet. Von nun an sind wir in der Lage, von hier aus jedwede zweisprachige Veranstaltung, die \u00fcber die Plattform \u201aZoom\u2018 und seit 2023 auch \u00fcber die Plattform \u201aWebex\u2018 l\u00e4uft, f\u00fcr unsere Kunden zu dolmetschen.<\/p>\n<\/div>\n<\/div><\/div><\/div><div id=\"pgc-4296-1-1\"  class=\"panel-grid-cell\" ><div class=\"overlap-images panel-cell-style panel-cell-style-for-4296-1-1\" ><div id=\"panel-4296-1-1-0\" class=\"so-panel widget widget_sow-editor panel-first-child\" data-index=\"4\" ><div class=\"panel-widget-style panel-widget-style-for-4296-1-1-0\" ><div\n\t\t\t\n\t\t\tclass=\"so-widget-sow-editor so-widget-sow-editor-base\"\n\t\t\t\n\t\t>\n<div class=\"siteorigin-widget-tinymce textwidget\">\n\t<p><img decoding=\"async\" class=\"alignleft size-full wp-image-3972\" title=\"Arbeitsplatz eines Dolmetschers beim Ferndolmetschen\" src=\"https:\/\/www.arps-aubert.de\/wp-content\/uploads\/2021\/04\/screen-hub-remote-interpreting.jpg\" alt=\"Arbeitsplatz eines Dolmetschers beim Remote Interpreting bei Technikfirma\" width=\"250\" \/><\/p>\n<\/div>\n<\/div><\/div><\/div><div id=\"panel-4296-1-1-1\" class=\"so-panel widget widget_sow-editor\" data-index=\"5\" ><div class=\"panel-widget-style panel-widget-style-for-4296-1-1-1\" ><div\n\t\t\t\n\t\t\tclass=\"so-widget-sow-editor so-widget-sow-editor-base\"\n\t\t\t\n\t\t>\n<div class=\"siteorigin-widget-tinymce textwidget\">\n\t<p><img decoding=\"async\" class=\"alignnone size-medium wp-image-185\" title=\"Remote Simultaneous Interpreting in unserem Dolmetsch-Studio\" src=\"https:\/\/www.arps-aubert.de\/wp-content\/uploads\/2022\/03\/remote-simultaneous-interpreting-hub-k.jpg\" alt=\"Remote Simultaneous Interpreting in unserem Dolmetsch-Studio\" width=\"250\" \/><\/p>\n<\/div>\n<\/div><\/div><\/div><div id=\"panel-4296-1-1-2\" class=\"so-panel widget widget_sow-editor panel-last-child\" data-index=\"6\" ><div class=\"panel-widget-style panel-widget-style-for-4296-1-1-2\" ><div\n\t\t\t\n\t\t\tclass=\"so-widget-sow-editor so-widget-sow-editor-base\"\n\t\t\t\n\t\t>\n<div class=\"siteorigin-widget-tinymce textwidget\">\n\t<p><img decoding=\"async\" class=\"alignnone size-medium wp-image-185\" title=\"RSI \/ Ferndolmetschen: Kabine mit Dolmetsch-Equipment\" src=\"https:\/\/www.arps-aubert.de\/wp-content\/uploads\/2021\/05\/vdl-remote-simultaneous-interpreting-kabine.jpg\" alt=\"Ferndolmetschen: Kabine mit Dolmetsch-Equipment\" width=\"250\" \/><\/p>\n<\/div>\n<\/div><\/div><\/div><\/div><\/div><\/div><div id=\"pg-4296-2\"  class=\"panel-grid panel-no-style\" ><div id=\"pgc-4296-2-0\"  class=\"panel-grid-cell\" ><div id=\"panel-4296-2-0-0\" class=\"so-panel widget widget_media_image panel-first-child panel-last-child\" data-index=\"7\" ><img loading=\"lazy\" decoding=\"async\" width=\"768\" height=\"511\" src=\"https:\/\/www.arps-aubert.de\/wp-content\/uploads\/2021\/05\/ferndolmetschen-rsi-hub-768x511.jpg\" class=\"image wp-image-4917  attachment-medium size-medium\" alt=\"Remote Interpreting: Dolmetsch-Hub in unserem B\u00fcro\" style=\"max-width: 100%; height: auto;\" srcset=\"https:\/\/www.arps-aubert.de\/wp-content\/uploads\/2021\/05\/ferndolmetschen-rsi-hub-768x511.jpg 768w, https:\/\/www.arps-aubert.de\/wp-content\/uploads\/2021\/05\/ferndolmetschen-rsi-hub-950x633.jpg 950w, https:\/\/www.arps-aubert.de\/wp-content\/uploads\/2021\/05\/ferndolmetschen-rsi-hub-272x182.jpg 272w, https:\/\/www.arps-aubert.de\/wp-content\/uploads\/2021\/05\/ferndolmetschen-rsi-hub.jpg 1000w\" sizes=\"auto, (max-width: 768px) 100vw, 768px\" \/><\/div><\/div><div id=\"pgc-4296-2-1\"  class=\"panel-grid-cell\" ><div id=\"panel-4296-2-1-0\" class=\"so-panel widget widget_media_image panel-first-child panel-last-child\" data-index=\"8\" ><img loading=\"lazy\" decoding=\"async\" width=\"768\" height=\"512\" src=\"https:\/\/www.arps-aubert.de\/wp-content\/uploads\/2021\/04\/ferndolmetschen-remote-dolmetschen-rsi-768x512.jpg\" class=\"image wp-image-4874  attachment-medium size-medium\" alt=\"Zwei Ferndolmetscher im Dolmetsch-Hub\" style=\"max-width: 100%; height: auto;\" srcset=\"https:\/\/www.arps-aubert.de\/wp-content\/uploads\/2021\/04\/ferndolmetschen-remote-dolmetschen-rsi-768x512.jpg 768w, https:\/\/www.arps-aubert.de\/wp-content\/uploads\/2021\/04\/ferndolmetschen-remote-dolmetschen-rsi-950x633.jpg 950w, https:\/\/www.arps-aubert.de\/wp-content\/uploads\/2021\/04\/ferndolmetschen-remote-dolmetschen-rsi-272x182.jpg 272w, https:\/\/www.arps-aubert.de\/wp-content\/uploads\/2021\/04\/ferndolmetschen-remote-dolmetschen-rsi-e1618587175254.jpg 1000w\" sizes=\"auto, (max-width: 768px) 100vw, 768px\" \/><\/div><\/div><div id=\"pgc-4296-2-2\"  class=\"panel-grid-cell\" ><div id=\"panel-4296-2-2-0\" class=\"so-panel widget widget_sow-editor panel-first-child panel-last-child\" data-index=\"9\" ><div\n\t\t\t\n\t\t\tclass=\"so-widget-sow-editor so-widget-sow-editor-base\"\n\t\t\t\n\t\t>\n<div class=\"siteorigin-widget-tinymce textwidget\">\n\t<p>Wir halten folgende <span style=\"color: #993300;\"><b>Technik und Einrichtung<\/b><\/span> vor:<\/p>\n<ul>\n<li>Eine starke, sichere und zuverl\u00e4ssige Internetverbindung<\/li>\n<li>Einen Hochleistungsrechner mit zwei gro\u00dfen Bildschirmen und Kamera<\/li>\n<li>Zwei professionelle Veranstaltungsmikrophone<\/li>\n<li>Zwei Kopfh\u00f6rer<\/li>\n<li>Einen durch ein Plexiglas getrennten Doppelarbeitsplatz<\/li>\n<\/ul>\n<\/div>\n<\/div><\/div><\/div><\/div><div id=\"pg-4296-3\"  class=\"panel-grid panel-no-style\" ><div id=\"pgc-4296-3-0\"  class=\"panel-grid-cell\" ><div id=\"panel-4296-3-0-0\" class=\"so-panel widget widget_sow-editor panel-first-child panel-last-child\" data-index=\"10\" ><div\n\t\t\t\n\t\t\tclass=\"so-widget-sow-editor so-widget-sow-editor-base\"\n\t\t\t\n\t\t>\n<div class=\"siteorigin-widget-tinymce textwidget\">\n\t<p><img loading=\"lazy\" decoding=\"async\" class=\"wp-image-4010 alignleft\" title=\"Professionelles Dolmetschen\" src=\"https:\/\/www.arps-aubert.de\/wp-content\/uploads\/2019\/02\/dubbing.png\" alt=\"Webbasierte L\u00f6sungen f\u00fcr Remote Interpreting\" width=\"96\" height=\"96\" \/><br \/>\nBeim <strong>Remote Simultaneous Interpreting<\/strong> von unserem Studio aus k\u00f6nnen wir f\u00fcr die Dolmetscher ein sicheres Arbeiten garantieren. F\u00fcr unsere Kunden ist der Vorteil, dass sie keinen physischen Raum mehr f\u00fcr die <a title=\"Dolmetscher in Berlin buchen\" href=\"https:\/\/www.arps-aubert.de\/de\/\">Dolmetscher<\/a> bereitstellen m\u00fcssen. Au\u00dferdem k\u00f6nnen beide Dolmetscher, da sie sich am selben Ort befinden, Absprachen treffen und sich schnell verst\u00e4ndigen, sollte etwas Unvorhergesehenes eintreten. Zudem kann jeder Technikcheck (Audio, Video), der vor einer Veranstaltung gemacht wird, von hier aus durchgef\u00fchrt werden.<\/p>\n<\/div>\n<\/div><\/div><\/div><\/div><div id=\"pg-4296-4\"  class=\"panel-grid panel-no-style\" ><div id=\"pgc-4296-4-0\"  class=\"panel-grid-cell\" ><div id=\"panel-4296-4-0-0\" class=\"so-panel widget widget_sow-editor panel-first-child panel-last-child\" data-index=\"11\" ><div\n\t\t\t\n\t\t\tclass=\"so-widget-sow-editor so-widget-sow-editor-base\"\n\t\t\t\n\t\t>\n<div class=\"siteorigin-widget-tinymce textwidget\">\n\t<h2>Ferndolmetschen \u00fcber externe Technikfirma<\/h2>\n<\/div>\n<\/div><\/div><\/div><\/div><div id=\"pg-4296-5\"  class=\"panel-grid panel-no-style\" ><div id=\"pgc-4296-5-0\"  class=\"panel-grid-cell\" ><div id=\"panel-4296-5-0-0\" class=\"so-panel widget widget_sow-editor panel-first-child panel-last-child\" data-index=\"12\" ><div\n\t\t\t\n\t\t\tclass=\"so-widget-sow-editor so-widget-sow-editor-base\"\n\t\t\t\n\t\t>\n<div class=\"siteorigin-widget-tinymce textwidget\">\n\t<p><img decoding=\"async\" class=\"aligncenter\" title=\"Dolmetscher-Kabinen f\u00fcr Remote Simultaneous Interpreting\" src=\"https:\/\/www.arps-aubert.de\/wp-content\/uploads\/2020\/04\/kabinen-remote-interpreting-950x633.jpg\" alt=\"Kabinen zum Dolmetschen beim Remote Simultaneous Interpreting\" width=\"100%\" \/><\/p>\n<\/div>\n<\/div><\/div><\/div><div id=\"pgc-4296-5-1\"  class=\"panel-grid-cell\" ><div id=\"panel-4296-5-1-0\" class=\"so-panel widget widget_sow-editor panel-first-child panel-last-child\" data-index=\"13\" ><div\n\t\t\t\n\t\t\tclass=\"so-widget-sow-editor so-widget-sow-editor-base\"\n\t\t\t\n\t\t>\n<div class=\"siteorigin-widget-tinymce textwidget\">\n\t<p>M\u00f6chte der Kunde eine andere virtuelle Plattform nutzen bzw. m\u00f6chte er f\u00fcr sein Event mehr als zwei Sprachen verdolmetschen lassen, empfehlen wir die sogenannten Dolmetscher-Hubs, die in diversen deutschen St\u00e4dten zu Beginn der Pandemie aufgebaut wurden: Hierbei handelt es sich um standardm\u00e4\u00dfige Dolmetscherkabinen, die mit einer entsprechenden Online-Plattform technisch verkn\u00fcpft werden. \u00a0Die Dolmetscher fahren also f\u00fcr einen Auftrag in das Technikstudio, um von dort aus den Kabinen heraus zu dolmetschen. Die Technikfirma, die das Studio betreibt, vermietet die Dolmetscherkabinen tageweise und stellt eine einwandfreie, st\u00f6rungsfreie, sichere und verschl\u00fcsselte Kommunikation \u00fcber eine Online-Plattform mit entsprechender Serverstruktur sicher.<\/p>\n<p>Beim Remote Interpreting via Hub\u00a0k\u00f6nnen\u00a0<strong>bis zu zehn Kabinen bzw. Sprachen simultan<\/strong>\u00a0verdolmetscht werden. W\u00e4hrend sich die internationalen Teilnehmer also aus aller Welt in einen virtuellen Raum einloggen, sitzen die Dolmetscher beispielsweise im Berliner Dolmetscher-Hub und arbeiten von dort.<\/p>\n<\/div>\n<\/div><\/div><\/div><\/div><div id=\"pg-4296-6\"  class=\"panel-grid panel-no-style\" ><div id=\"pgc-4296-6-0\"  class=\"panel-grid-cell\" ><div id=\"panel-4296-6-0-0\" class=\"so-panel widget widget_sow-editor panel-first-child panel-last-child\" data-index=\"14\" ><div\n\t\t\t\n\t\t\tclass=\"so-widget-sow-editor so-widget-sow-editor-base\"\n\t\t\t\n\t\t>\n<div class=\"siteorigin-widget-tinymce textwidget\">\n\t<h3>Unterst\u00fctzung und Beratung durch erfahrene Dolmetsch-Experten<\/h3>\n<p>Ob hier in unserem Studio, Hybrid oder von einem Hub aus: Wir k\u00f6nnen f\u00fcr Sie jederzeit zuverl\u00e4ssig und in gewohnt h\u00f6chster Qualit\u00e4t dolmetschen! Vertrauen Sie unserer Erfahrung und Expertise, die wir seit der Pandemie sammeln durften (bzw. mussten)!<\/p>\n<p>Wir m\u00f6chten Sie noch darauf hinweisen, dass Remote Simultaneous Interpreting mit Beginn der Pandemie eine Notwendigkeit und akzeptable L\u00f6sung darstellte und wir uns dieser M\u00f6glichkeit gerne ge\u00f6ffnet haben. Es kann aber das Vor-Ort-Dolmetschen oder den klassischen <a title=\"Simultandolmetscher\" href=\"https:\/\/www.arps-aubert.de\/de\/simultandolmetschen\/\">Simultandolmetscher<\/a> niemals ersetzen!<\/p>\n<p>W\u00fcnschen Sie n\u00e4here Beratung dazu, wie Sie Remote Simultaneous Interpreting (RSI) f\u00fcr Ihre Veranstaltung nutzen k\u00f6nnen? Dann rufen Sie uns einfach an oder nehmen Sie per E-Mail <a title=\"Kontakt\" href=\"https:\/\/www.arps-aubert.de\/de\/kontakt\/\">Kontakt<\/a> mit uns auf. Gerne unterst\u00fctzen wir Sie auch im Bereich <a title=\"Hybrid-Dolmetschen\" href=\"https:\/\/www.arps-aubert.de\/de\/hybrid-dolmetschen\/\">Hybrid-Dolmetschen<\/a> bei Ihren hybriden Events und stellen f\u00fcr Sie die Verbindung zu einer Technikfirma her!<\/p>\n<p>&nbsp;<\/p>\n<\/div>\n<\/div><\/div><\/div><\/div><div id=\"pg-4296-7\"  class=\"panel-grid panel-has-style\" ><div class=\"siteorigin-panels-stretch panel-row-style panel-row-style-for-4296-7\" data-stretch-type=\"full-width-stretch\" ><div id=\"pgc-4296-7-0\"  class=\"panel-grid-cell\" ><div id=\"panel-4296-7-0-0\" class=\"so-panel widget widget_sow-editor panel-first-child panel-last-child\" data-index=\"15\" ><div class=\"panel-widget-style panel-widget-style-for-4296-7-0-0\" ><div\n\t\t\t\n\t\t\tclass=\"so-widget-sow-editor so-widget-sow-editor-base\"\n\t\t\t\n\t\t>\n<div class=\"siteorigin-widget-tinymce textwidget\">\n\t\n  <div class=\"uk-width-1-1\" id=\"cta\">\n    <div class=\"uk-container uk-container-center\">\n      <div class=\"uk-grid uk-margin-small-top uk-margin-small-bottom\">\n        <div class=\"uk-width-medium-1-3\">\n          <span class=\"uk-h2\">Kontaktieren Sie uns<\/span>\n          <p>Wir beraten Sie gern<\/p>\n        <\/div>\n        <div class=\"uk-width-medium-1-3 uk-text-center phone-txt uk-vertical-align\">\n          <div class=\"uk-vertical-align-middle\">\n  <i class=\"uk-icon-phone\"><\/i> +49 (0)30 47 37 87 08\n  <\/div>\n        <\/div>\n        <div class=\"uk-width-medium-1-3 uk-text-center uk-vertical-align\">\n          <a href=\"https:\/\/www.arps-aubert.de\/de\/kontakt\/\" class=\"uk-button light uk-vertical-align-middle\">Anfrage stellen<\/a>\n        <\/div>\n      <\/div>\n    <\/div>\n  <\/div>\n\n  \n<\/div>\n<\/div><\/div><\/div><\/div><\/div><\/div><\/div>","protected":false},"excerpt":{"rendered":"<p>Remote Simultaneous Interpreting (RSI) Corona hat die Veranstaltungslandschaft ver\u00e4ndert. Seit M\u00e4rz 2020 finden zahlreiche Veranstaltungen online statt. Auch jetzt noch, wo die Pandemie vorbei ist. Veranstalter haben die Vorteile von virtuellen Veranstaltungen sch\u00e4tzen gelernt. Seit der Aufhebung von Reisebeschr\u00e4nkungen und Kontaktverboten gibt es aber auch wieder viele Pr\u00e4senzveranstaltungen. Eine Herausforderung w\u00e4hrend Corona war das Thema [&hellip;]<\/p>\n","protected":false},"author":1,"featured_media":0,"parent":0,"menu_order":0,"comment_status":"closed","ping_status":"closed","template":"","meta":{"_acf_changed":false,"footnotes":""},"class_list":["post-4296","page","type-page","status-publish","hentry"],"acf":[],"_links":{"self":[{"href":"https:\/\/www.arps-aubert.de\/de\/wp-json\/wp\/v2\/pages\/4296","targetHints":{"allow":["GET"]}}],"collection":[{"href":"https:\/\/www.arps-aubert.de\/de\/wp-json\/wp\/v2\/pages"}],"about":[{"href":"https:\/\/www.arps-aubert.de\/de\/wp-json\/wp\/v2\/types\/page"}],"author":[{"embeddable":true,"href":"https:\/\/www.arps-aubert.de\/de\/wp-json\/wp\/v2\/users\/1"}],"replies":[{"embeddable":true,"href":"https:\/\/www.arps-aubert.de\/de\/wp-json\/wp\/v2\/comments?post=4296"}],"version-history":[{"count":280,"href":"https:\/\/www.arps-aubert.de\/de\/wp-json\/wp\/v2\/pages\/4296\/revisions"}],"predecessor-version":[{"id":6617,"href":"https:\/\/www.arps-aubert.de\/de\/wp-json\/wp\/v2\/pages\/4296\/revisions\/6617"}],"wp:attachment":[{"href":"https:\/\/www.arps-aubert.de\/de\/wp-json\/wp\/v2\/media?parent=4296"}],"curies":[{"name":"wp","href":"https:\/\/api.w.org\/{rel}","templated":true}]}}