{"id":291,"date":"2017-12-05T16:38:44","date_gmt":"2017-12-05T15:38:44","guid":{"rendered":"http:\/\/arps-aubert.de\/?page_id=291"},"modified":"2024-11-25T13:37:13","modified_gmt":"2024-11-25T12:37:13","slug":"checkliste-fuer-ihre-veranstaltung","status":"publish","type":"page","link":"https:\/\/www.arps-aubert.de\/de\/checkliste-fuer-ihre-veranstaltung\/","title":{"rendered":"Checkliste f\u00fcr Ihre Veranstaltung"},"content":{"rendered":"<div id=\"pl-291\"  class=\"panel-layout\" ><div id=\"pg-291-0\"  class=\"panel-grid panel-no-style\" ><div id=\"pgc-291-0-0\"  class=\"panel-grid-cell\" ><div id=\"panel-291-0-0-0\" class=\"so-panel widget widget_sow-editor panel-first-child panel-last-child\" data-index=\"0\" ><div\n\t\t\t\n\t\t\tclass=\"so-widget-sow-editor so-widget-sow-editor-base\"\n\t\t\t\n\t\t>\n<div class=\"siteorigin-widget-tinymce textwidget\">\n\t<h1>Checkliste f\u00fcr Ihre Veranstaltung:<\/h1>\n<div class=\"check box\">\n<ul>\n<li>Wo wird meine Veranstaltung stattfinden: Ist in dem Raum, den ich anmieten m\u00f6chte, genug <strong>Platz<\/strong> f\u00fcr Kabinen?<\/li>\n<li>Welche <strong>Sprachen<\/strong> werden auf der Veranstaltung gesprochen?<\/li>\n<li>Wie viele Kopfh\u00f6rer ben\u00f6tige ich, also wer braucht eine Verdolmetschung?<\/li>\n<li>Wie viele Kabinen ben\u00f6tige ich?<br \/>\n(Faustregel: Die Anzahl der Sprachen minus eins ergibt die Anzahl der ben\u00f6tigten Dolmetscherkabinen, z.B.: vier Sprachen = drei Kabinen)<\/li>\n<li>Welche <strong>Materialien<\/strong> kann ich den Dolmetschern zur Vorbereitung zur Verf\u00fcgung stellen?<\/li>\n<li>Wie stelle ich sicher, dass die Redner auf meiner Konferenz ihre <strong>Manuskripte und Redetexte<\/strong> rechtzeitig vorher einreichen, damit die <a title=\"Dolmetscher in Berlin\" href=\"https:\/\/www.arps-aubert.de\/de\/\">Dolmetscher<\/a> sich gut in das Thema und Fachgebiet einarbeiten und vorbereiten k\u00f6nnen?<\/li>\n<\/ul>\n<\/div>\n<p><strong>Sie planen eine Veranstaltung mit internationalem Publikum und ben\u00f6tigen eine professionelle Verdolmetschung.<\/strong><\/p>\n<p>Unsere Tipps verraten Ihnen, woran Sie bei der Planung Ihrer Veranstaltung denken sollten, damit die <strong>mehrsprachige Kommunikation<\/strong> reibungslos funktioniert.<\/p>\n<p>Ob Ihre Veranstaltung ein Erfolg in puncto Verst\u00e4ndigung wird, h\u00e4ngt ganz entscheidend davon ab, wie Sie die Dolmetscher im Vorfeld mit Vorbereitungsmaterial versorgen.<\/p>\n<p><img loading=\"lazy\" decoding=\"async\" class=\"alignright wp-image-189\" src=\"https:\/\/arps-aubert.de\/wp-content\/uploads\/2017\/12\/Bild-9-300x169.jpg\" alt=\"\" width=\"622\" height=\"350\" srcset=\"https:\/\/www.arps-aubert.de\/wp-content\/uploads\/2017\/12\/Bild-9-300x169.jpg 300w, https:\/\/www.arps-aubert.de\/wp-content\/uploads\/2017\/12\/Bild-9-765x430.jpg 765w, https:\/\/www.arps-aubert.de\/wp-content\/uploads\/2017\/12\/Bild-9-1330x748.jpg 1330w, https:\/\/www.arps-aubert.de\/wp-content\/uploads\/2017\/12\/Bild-9-768x432.jpg 768w, https:\/\/www.arps-aubert.de\/wp-content\/uploads\/2017\/12\/Bild-9-1024x576.jpg 1024w, https:\/\/www.arps-aubert.de\/wp-content\/uploads\/2017\/12\/Bild-9.jpg 2000w\" sizes=\"auto, (max-width: 622px) 100vw, 622px\" \/>Stellen Sie sich vor, Sie m\u00fcssten am ersten Tag der Woche ein Fachgespr\u00e4ch zum Thema \u201aMenschenrechtsverletzungen in S\u00fcdsudan\u2018  dolmetschen. Am zweiten Tag st\u00fcnde ein Symposium zum Thema \u201aMittelspannungsvakuumschalter\u2018 auf der Tagesordnung. <\/p>\n<p>Am dritten Tag werden Sie f&uuml;r das <a title=\"Dolmetscherb&uuml;ro\" href=\"https:\/\/www.arps-aubert.de\/de\/dolmetschen\/\">Dolmetschen<\/a> auf einer Anh&ouml;rung zum Thema &sbquo;EU-Pflanzenschutzrichtlinie&lsquo; gebucht. Und am vierten Abend der Woche sollen Sie eine literarische Lesung mit anschlie&szlig;endem Autorengespr&auml;ch dolmetschen.<\/p>\n<p>Das kann nur gelingen, wenn die Dolmetscher rechtzeitig und <strong>ausreichend Vorbereitungsmaterial<\/strong> erhalten: Neben der Tagesordnung und einer Teilnehmerliste w\u00e4ren das beispielsweise Powerpoint-Pr\u00e4sentationen, Studien, Moderationskarten  sowie themenbezogene Internetlinks, Hintergrundtexte und Zeitungsartikel und gegebenenfalls Filme und Videos. Zudem m\u00fcssen Redetexte, die auf Ihrer Veranstaltung von den Referenten verlesen werden, den Dolmetschern unbedingt vorab vorliegen.<\/p>\n<p>Wir sind es gew\u00f6hnt, jeden Tag auf einem anderen Fachgebiet t\u00e4tig zu sein und uns sehr schnell, effektiv und intensiv in ein neues Gebiet einzuarbeiten. Die Zuarbeit unserer Kunden nimmt dabei entscheidenden Einfluss auf die Qualit\u00e4t unserer Arbeit.<\/p>\n<\/div>\n<\/div><\/div><\/div><\/div><div id=\"pg-291-1\"  class=\"panel-grid panel-has-style\" ><div class=\"siteorigin-panels-stretch panel-row-style panel-row-style-for-291-1\" data-stretch-type=\"full-width-stretch\" ><div id=\"pgc-291-1-0\"  class=\"panel-grid-cell\" ><div id=\"panel-291-1-0-0\" class=\"so-panel widget widget_sow-editor panel-first-child panel-last-child\" data-index=\"1\" ><div class=\"panel-widget-style panel-widget-style-for-291-1-0-0\" ><div\n\t\t\t\n\t\t\tclass=\"so-widget-sow-editor so-widget-sow-editor-base\"\n\t\t\t\n\t\t>\n<div class=\"siteorigin-widget-tinymce textwidget\">\n\t\n  <div class=\"uk-width-1-1\" id=\"cta\">\n    <div class=\"uk-container uk-container-center\">\n      <div class=\"uk-grid uk-margin-small-top uk-margin-small-bottom\">\n        <div class=\"uk-width-medium-1-3\">\n          <span class=\"uk-h2\">Kontaktieren Sie uns<\/span>\n          <p>Wir beraten Sie gern<\/p>\n        <\/div>\n        <div class=\"uk-width-medium-1-3 uk-text-center phone-txt uk-vertical-align\">\n          <div class=\"uk-vertical-align-middle\">\n  <i class=\"uk-icon-phone\"><\/i> +49 (0)30 47 37 87 08\n  <\/div>\n        <\/div>\n        <div class=\"uk-width-medium-1-3 uk-text-center uk-vertical-align\">\n          <a href=\"https:\/\/www.arps-aubert.de\/de\/kontakt\/\" class=\"uk-button light uk-vertical-align-middle\">Anfrage stellen<\/a>\n        <\/div>\n      <\/div>\n    <\/div>\n  <\/div>\n\n  \n<\/div>\n<\/div><\/div><\/div><\/div><\/div><\/div><\/div>","protected":false},"excerpt":{"rendered":"<p>Checkliste f\u00fcr Ihre Veranstaltung: Wo wird meine Veranstaltung stattfinden: Ist in dem Raum, den ich anmieten m\u00f6chte, genug Platz f\u00fcr Kabinen? Welche Sprachen werden auf der Veranstaltung gesprochen? Wie viele Kopfh\u00f6rer ben\u00f6tige ich, also wer braucht eine Verdolmetschung? Wie viele Kabinen ben\u00f6tige ich? (Faustregel: Die Anzahl der Sprachen minus eins ergibt die Anzahl der ben\u00f6tigten [&hellip;]<\/p>\n","protected":false},"author":1,"featured_media":0,"parent":0,"menu_order":0,"comment_status":"closed","ping_status":"closed","template":"","meta":{"_acf_changed":false,"footnotes":""},"class_list":["post-291","page","type-page","status-publish","hentry"],"acf":[],"_links":{"self":[{"href":"https:\/\/www.arps-aubert.de\/de\/wp-json\/wp\/v2\/pages\/291","targetHints":{"allow":["GET"]}}],"collection":[{"href":"https:\/\/www.arps-aubert.de\/de\/wp-json\/wp\/v2\/pages"}],"about":[{"href":"https:\/\/www.arps-aubert.de\/de\/wp-json\/wp\/v2\/types\/page"}],"author":[{"embeddable":true,"href":"https:\/\/www.arps-aubert.de\/de\/wp-json\/wp\/v2\/users\/1"}],"replies":[{"embeddable":true,"href":"https:\/\/www.arps-aubert.de\/de\/wp-json\/wp\/v2\/comments?post=291"}],"version-history":[{"count":258,"href":"https:\/\/www.arps-aubert.de\/de\/wp-json\/wp\/v2\/pages\/291\/revisions"}],"predecessor-version":[{"id":6577,"href":"https:\/\/www.arps-aubert.de\/de\/wp-json\/wp\/v2\/pages\/291\/revisions\/6577"}],"wp:attachment":[{"href":"https:\/\/www.arps-aubert.de\/de\/wp-json\/wp\/v2\/media?parent=291"}],"curies":[{"name":"wp","href":"https:\/\/api.w.org\/{rel}","templated":true}]}}