{"id":2583,"date":"2018-02-15T09:16:24","date_gmt":"2018-02-15T08:16:24","guid":{"rendered":"http:\/\/arps-aubert.de\/?page_id=2583"},"modified":"2025-06-13T14:34:11","modified_gmt":"2025-06-13T12:34:11","slug":"kontakt","status":"publish","type":"page","link":"https:\/\/www.arps-aubert.de\/de\/kontakt\/","title":{"rendered":"Kontakt"},"content":{"rendered":"<div id=\"pl-2583\"  class=\"panel-layout\" ><div id=\"pg-2583-0\"  class=\"panel-grid panel-no-style\" ><div id=\"pgc-2583-0-0\"  class=\"panel-grid-cell\" ><div id=\"panel-2583-0-0-0\" class=\"so-panel widget widget_sow-editor panel-first-child panel-last-child\" data-index=\"0\" ><div class=\"panel-widget-style panel-widget-style-for-2583-0-0-0\" ><div\n\t\t\t\n\t\t\tclass=\"so-widget-sow-editor so-widget-sow-editor-base\"\n\t\t\t\n\t\t>\n<div class=\"siteorigin-widget-tinymce textwidget\">\n\t<h1>Kontakt<\/h1>\n<p>Bei Fragen k\u00f6nnen Sie uns jederzeit kontaktieren und wir werden uns zeitnah bei Ihnen melden. Angebote erhalten Sie innerhalb weniger Stunden, Eilanfragen werden umgehend bearbeitet.<\/p>\n<p><strong>Bettina von Arps-Aubert GmbH<br \/>\nDolmetschen und \u00dcbersetzen<\/strong><\/p>\n<p>Gesch\u00e4ftsf\u00fchrung: Bettina von Arps-Aubert<br \/>\nCorneliusstra\u00dfe 37<br \/>\n12247 Berlin<\/p>\n<ul class=\"uk-list uk-list-space\">\n<li><i style=\"color: #900;\" class=\"uk-icon-justify uk-icon-phone\"> <\/i> +49 (0)30 47 37 87 08<\/li>\n<li><i style=\"color: #900;\" class=\"uk-icon-justify uk-icon-mobile\"> <\/i> +49 (0)170 169 65 59<\/li>\n<li><i style=\"color: #900;\" class=\"uk-icon-justify uk-icon-envelope\"> <\/i> <a style=\"font-weight:300;\" href=\"mailto:info@arps-aubert.de\">info@arps-aubert.de<\/a><\/li>\n<\/ul>\n<\/div>\n<\/div><\/div><\/div><\/div><div id=\"pgc-2583-0-1\"  class=\"panel-grid-cell\" ><div id=\"panel-2583-0-1-0\" class=\"so-panel widget widget_sow-editor panel-first-child panel-last-child\" data-index=\"1\" ><div class=\"panel-widget-style panel-widget-style-for-2583-0-1-0\" ><div\n\t\t\t\n\t\t\tclass=\"so-widget-sow-editor so-widget-sow-editor-base\"\n\t\t\t\n\t\t>\n<div class=\"siteorigin-widget-tinymce textwidget\">\n\t<h4 style=\"text-align: center;\">Kontaktformular<\/h4>\n\n<div class=\"wpcf7 no-js\" id=\"wpcf7-f14-o1\" lang=\"de-DE\" dir=\"ltr\" data-wpcf7-id=\"14\">\n<div class=\"screen-reader-response\"><p role=\"status\" aria-live=\"polite\" aria-atomic=\"true\"><\/p> <ul><\/ul><\/div>\n<form action=\"\/de\/wp-json\/wp\/v2\/pages\/2583#wpcf7-f14-o1\" method=\"post\" class=\"wpcf7-form init wpcf7-acceptance-as-validation\" aria-label=\"Kontaktformular\" novalidate=\"novalidate\" data-status=\"init\">\n<fieldset class=\"hidden-fields-container\"><input type=\"hidden\" name=\"_wpcf7\" value=\"14\" \/><input type=\"hidden\" name=\"_wpcf7_version\" value=\"6.1.5\" \/><input type=\"hidden\" name=\"_wpcf7_locale\" value=\"de_DE_formal\" \/><input type=\"hidden\" name=\"_wpcf7_unit_tag\" value=\"wpcf7-f14-o1\" \/><input type=\"hidden\" name=\"_wpcf7_container_post\" value=\"0\" \/><input type=\"hidden\" name=\"_wpcf7_posted_data_hash\" value=\"\" \/>\n<\/fieldset>\n<div class=\"uk-form\">\n\t<div class=\"uk-grid uk-grid-small\">\n\t\t<div class=\"uk-width-1-1\">\n\t\t\t<p><span class=\"wpcf7-form-control-wrap\" data-name=\"fn-name\"><input size=\"40\" maxlength=\"400\" class=\"wpcf7-form-control wpcf7-text wpcf7-validates-as-required uk-margin-small-bottom\" aria-required=\"true\" aria-invalid=\"false\" placeholder=\"Name *\" value=\"\" type=\"text\" name=\"fn-name\" \/><\/span>\n\t\t\t<\/p>\n\t\t<\/div>\n\t\t<div class=\"uk-width-1-2\">\n\t\t\t<p><span class=\"wpcf7-form-control-wrap\" data-name=\"fn-mail\"><input size=\"40\" maxlength=\"400\" class=\"wpcf7-form-control wpcf7-email wpcf7-validates-as-required wpcf7-text wpcf7-validates-as-email uk-margin-small-bottom\" aria-required=\"true\" aria-invalid=\"false\" placeholder=\"E-Mail *\" value=\"\" type=\"email\" name=\"fn-mail\" \/><\/span>\n\t\t\t<\/p>\n\t\t<\/div>\n\t\t<div class=\"uk-width-1-2\">\n\t\t\t<p><span class=\"wpcf7-form-control-wrap\" data-name=\"fn-telefon\"><input size=\"40\" maxlength=\"400\" class=\"wpcf7-form-control wpcf7-text uk-margin-small-bottom\" aria-invalid=\"false\" placeholder=\"Telefon\" value=\"\" type=\"text\" name=\"fn-telefon\" \/><\/span>\n\t\t\t<\/p>\n\t\t<\/div>\n\t\t<div class=\"uk-width-1-1\">\n\t\t\t<p><span class=\"wpcf7-form-control-wrap\" data-name=\"fn-nachricht\"><textarea cols=\"40\" rows=\"10\" maxlength=\"2000\" class=\"wpcf7-form-control wpcf7-textarea uk-margin-small-bottom\" aria-invalid=\"false\" placeholder=\"Ihre Nachricht\" name=\"fn-nachricht\"><\/textarea><\/span>\n\t\t\t<\/p>\n\t\t\t<div class=\"uk-margin-small-bottom uk-position-relative agreement\">\n\t\t\t\t<p><span class=\"wpcf7-form-control-wrap\" data-name=\"agreement-box\"><span class=\"wpcf7-form-control wpcf7-acceptance\"><span class=\"wpcf7-list-item\"><label><input type=\"checkbox\" name=\"agreement-box\" value=\"1\" aria-invalid=\"false\" \/><span class=\"wpcf7-list-item-label\">Ich stimme zu, dass meine Angaben aus dem Formular zur Beantwortung meiner Anfrage erhoben und verarbeitet werden. Siehe <a href=\"https:\/\/www.arps-aubert.de\/de\/datenschutz\/\">Datenschutz<\/a><\/span><\/label><\/span><\/span><\/span><br \/>\n<i class=\"uk-icon-question-circle\" data-uk-tooltip=\"{pos:'top-right'}\" title=\"Hinweis: Sie k\u00f6nnen Ihre Einwilligung jederzeit f\u00fcr die Zukunft per E-Mail an  info@arps-aubert.de widerrufen.\"><\/i>\n\t\t\t\t<\/p>\n\t\t\t<\/div>\n\t\t\t<p><input class=\"wpcf7-form-control wpcf7-submit has-spinner\" type=\"submit\" value=\"Senden\" \/>\n\t\t\t<\/p>\n\t\t<\/div>\n\t<\/div>\n<\/div><div class=\"wpcf7-response-output\" aria-hidden=\"true\"><\/div>\n<\/form>\n<\/div>\n\n<\/div>\n<\/div><\/div><\/div><\/div><\/div><\/div>","protected":false},"excerpt":{"rendered":"<p>Kontakt Bei Fragen k\u00f6nnen Sie uns jederzeit kontaktieren und wir werden uns zeitnah bei Ihnen melden. Angebote erhalten Sie innerhalb weniger Stunden, Eilanfragen werden umgehend bearbeitet. Bettina von Arps-Aubert GmbH Dolmetschen und \u00dcbersetzen Gesch\u00e4ftsf\u00fchrung: Bettina von Arps-Aubert Corneliusstra\u00dfe 37 12247 Berlin +49 (0)30 47 37 87 08 +49 (0)170 169 65 59 info@arps-aubert.de Kontaktformular<\/p>\n","protected":false},"author":1,"featured_media":0,"parent":0,"menu_order":0,"comment_status":"closed","ping_status":"closed","template":"","meta":{"_acf_changed":false,"footnotes":""},"class_list":["post-2583","page","type-page","status-publish","hentry"],"acf":[],"_links":{"self":[{"href":"https:\/\/www.arps-aubert.de\/de\/wp-json\/wp\/v2\/pages\/2583","targetHints":{"allow":["GET"]}}],"collection":[{"href":"https:\/\/www.arps-aubert.de\/de\/wp-json\/wp\/v2\/pages"}],"about":[{"href":"https:\/\/www.arps-aubert.de\/de\/wp-json\/wp\/v2\/types\/page"}],"author":[{"embeddable":true,"href":"https:\/\/www.arps-aubert.de\/de\/wp-json\/wp\/v2\/users\/1"}],"replies":[{"embeddable":true,"href":"https:\/\/www.arps-aubert.de\/de\/wp-json\/wp\/v2\/comments?post=2583"}],"version-history":[{"count":80,"href":"https:\/\/www.arps-aubert.de\/de\/wp-json\/wp\/v2\/pages\/2583\/revisions"}],"predecessor-version":[{"id":6709,"href":"https:\/\/www.arps-aubert.de\/de\/wp-json\/wp\/v2\/pages\/2583\/revisions\/6709"}],"wp:attachment":[{"href":"https:\/\/www.arps-aubert.de\/de\/wp-json\/wp\/v2\/media?parent=2583"}],"curies":[{"name":"wp","href":"https:\/\/api.w.org\/{rel}","templated":true}]}}