{"id":24,"date":"2017-11-08T11:18:55","date_gmt":"2017-11-08T10:18:55","guid":{"rendered":"http:\/\/arps-aubert.de\/?page_id=24"},"modified":"2025-01-09T12:28:02","modified_gmt":"2025-01-09T11:28:02","slug":"ueber-uns","status":"publish","type":"page","link":"https:\/\/www.arps-aubert.de\/de\/ueber-uns\/","title":{"rendered":"\u00dcber uns"},"content":{"rendered":"<div id=\"pl-24\"  class=\"panel-layout\" ><div id=\"pg-24-0\"  class=\"panel-grid panel-has-style\" ><div class=\"panel-row-style panel-row-style-for-24-0\" ><div id=\"pgc-24-0-0\"  class=\"panel-grid-cell\" ><div id=\"panel-24-0-0-0\" class=\"so-panel widget widget_sow-editor panel-first-child panel-last-child\" data-index=\"0\" ><div class=\"panel-widget-style panel-widget-style-for-24-0-0-0\" ><div\n\t\t\t\n\t\t\tclass=\"so-widget-sow-editor so-widget-sow-editor-base\"\n\t\t\t\n\t\t>\n<div class=\"siteorigin-widget-tinymce textwidget\">\n\t<h1 style=\"text-align: left;\">\u00dcber uns<\/h1>\n<\/div>\n<\/div><\/div><\/div><\/div><\/div><\/div><div id=\"pg-24-1\"  class=\"panel-grid panel-has-style\" ><div class=\"panel-row-style panel-row-style-for-24-1\" ><div id=\"pgc-24-1-0\"  class=\"panel-grid-cell\" ><div id=\"panel-24-1-0-0\" class=\"so-panel widget widget_sow-image panel-first-child panel-last-child\" data-index=\"1\" ><div class=\"panel-widget-style panel-widget-style-for-24-1-0-0\" ><div\n\t\t\t\n\t\t\tclass=\"so-widget-sow-image so-widget-sow-image-default-8b5b6f678277-24\"\n\t\t\t\n\t\t>\n<div class=\"sow-image-container\">\n\t\t<img \n\tsrc=\"https:\/\/www.arps-aubert.de\/wp-content\/uploads\/2025\/01\/ueber-uns-0901.jpg\" width=\"1500\" height=\"1108\" srcset=\"https:\/\/www.arps-aubert.de\/wp-content\/uploads\/2025\/01\/ueber-uns-0901.jpg 1500w, https:\/\/www.arps-aubert.de\/wp-content\/uploads\/2025\/01\/ueber-uns-0901-768x567.jpg 768w, https:\/\/www.arps-aubert.de\/wp-content\/uploads\/2025\/01\/ueber-uns-0901-950x702.jpg 950w\" sizes=\"(max-width: 1500px) 100vw, 1500px\" alt=\"\" \t\tclass=\"so-widget-image\"\/>\n\t<\/div>\n\n<\/div><\/div><\/div><\/div><div id=\"pgc-24-1-1\"  class=\"panel-grid-cell\" ><div id=\"panel-24-1-1-0\" class=\"so-panel widget widget_sow-editor panel-first-child panel-last-child\" data-index=\"2\" ><div class=\"panel-widget-style panel-widget-style-for-24-1-1-0\" ><div\n\t\t\t\n\t\t\tclass=\"so-widget-sow-editor so-widget-sow-editor-base\"\n\t\t\t\n\t\t>\n<div class=\"siteorigin-widget-tinymce textwidget\">\n\t<h2 class=\"uk-red\">Bettina von Arps-Aubert, Diplom-Dolmetscherin f\u00fcr Englisch und Russisch<\/h2>\n<p>allgemein beeidigt, Mitglied im Bundesverband der Dolmetscher und \u00dcbersetzer (BD\u00dc)<\/p>\n<p><span class=\"uk-red\">&amp;<\/span><\/p>\n<h2 class=\"uk-red\">Richard Molkow, M.A. Konferenzdolmetscher f\u00fcr Italienisch und Englisch<\/h2>\n<p>Mitglied im Verband der Konferenzdolmetscher (VKD)<\/p>\n<p>&nbsp;<\/p>\n<p><span class=\"uk-red\">stellen sich kurz vor:<\/span><\/p>\n<\/div>\n<\/div><\/div><\/div><\/div><\/div><\/div><div id=\"pg-24-2\"  class=\"panel-grid panel-no-style\" ><div id=\"pgc-24-2-0\"  class=\"panel-grid-cell\" ><div id=\"panel-24-2-0-0\" class=\"so-panel widget widget_sow-editor panel-first-child panel-last-child\" data-index=\"3\" ><div\n\t\t\t\n\t\t\tclass=\"so-widget-sow-editor so-widget-sow-editor-base\"\n\t\t\t\n\t\t>\n<div class=\"siteorigin-widget-tinymce textwidget\">\n\t\t\t<div id=\"interview\">\n      <div class=\"uk-grid\">\n        <div class=\"uk-width-small-1-2 uk-width-large-4-10 uk-width-xlarge-1-3\">\n                      <div class=\"name uk-hidden-large\">Bettina von Arps-Aubert<\/div>\n                                <div class=\"image\"><img decoding=\"async\" src=\"https:\/\/www.arps-aubert.de\/wp-content\/uploads\/2018\/03\/arps-aubert-portrait.jpg\" \/><\/div>\n                                <div class=\"name uk-visible-large\">Bettina von Arps-Aubert<\/div>\n                  <\/div>\n        <div class=\"uk-width-medium-1-1 uk-width-large-2-10 uk-width-xlarge-1-3 pos-rel\">\n          <div class=\"uk-slidenav-position\" data-uk-slideshow=\"{animation: 'slice-down', autoplay: 'true', autoplayInterval: '7000', pauseOnHover: 'false'}\">\n            <ul class=\"uk-slideshow\">\n                              <li>\n                    <div class=\"speech-bubble\">Seit meinem Studienabschluss 1996 bin ich als selbst\u00e4ndige Konferenzdolmetscherin und allgemein beeidigte Dolmetscherin  f\u00fcr Englisch und Russisch t\u00e4tig.<\/div>\n                <\/li>\n                              <li>\n                    <div class=\"speech-bubble\"><p style=\"text-align:left\">Ich habe meinen Uniabschluss 2011 gemacht und arbeite seither als Konferenzdolmetscher f\u00fcr die Sprachen Italienisch und Englisch.<\/p><\/div>\n                <\/li>\n                              <li>\n                    <div class=\"speech-bubble\">2008 habe ich die Firma \u201aBettina von Arps-Aubert GmbH Dolmetschen und \u00dcbersetzen\u2018 gegr\u00fcndet. <\/div>\n                <\/li>\n                              <li>\n                    <div class=\"speech-bubble\"><p style=\"text-align:left\">W\u00e4hrend meines Studiums habe ich in Deiner Firma ein Praktikum gemacht. Sp\u00e4ter bin ich als selbstst\u00e4ndiger Dolmetscher mit an Bord gekommen.<\/p><\/div>\n                <\/li>\n                              <li>\n                    <div class=\"speech-bubble\">Neben meiner T\u00e4tigkeit als Dolmetscherin organisiere ich au\u00dferdem Dolmetscherteams, wozu ich in den meisten F\u00e4llen gerne Deine Unterst\u00fctzung in Anspruch nehme.<\/div>\n                <\/li>\n                              <li>\n                    <div class=\"speech-bubble\"><p style=\"text-align:left\">Genau. Ich helfe Dir dabei, Auftr\u00e4ge zu bearbeiten und durchzuf\u00fchren \u2013  so k\u00f6nnen wir unseren Kunden einen optimalen Service bieten.<\/p><\/div>\n                <\/li>\n                              <li>\n                    <div class=\"speech-bubble\">Ja und sonst? Ich finde, wir haben einen tollen Beruf: Man lernt t\u00e4glich neue Themen kennen und hat st\u00e4ndig mit neuen Kunden zu tun.<\/div>\n                <\/li>\n                              <li>\n                    <div class=\"speech-bubble\"><p style=\"text-align:left\">Was mir vor allem gef\u00e4llt ist, dass man mental stets flexibel, schnell und immer auf dem neuesten Stand der Dinge sein muss.<\/p><\/div>\n                <\/li>\n                  \t\t\t\t<\/ul>\n            <ul class=\"uk-dotnav uk-dotnav-contrast uk-flex-center\">\n                                            <li data-uk-slideshow-item=\"0\"><a href=\"\"><\/a><\/li>\n                                              <li data-uk-slideshow-item=\"1\"><a href=\"\"><\/a><\/li>\n                                              <li data-uk-slideshow-item=\"2\"><a href=\"\"><\/a><\/li>\n                                              <li data-uk-slideshow-item=\"3\"><a href=\"\"><\/a><\/li>\n                                              <li data-uk-slideshow-item=\"4\"><a href=\"\"><\/a><\/li>\n                                              <li data-uk-slideshow-item=\"5\"><a href=\"\"><\/a><\/li>\n                                              <li data-uk-slideshow-item=\"6\"><a href=\"\"><\/a><\/li>\n                                              <li data-uk-slideshow-item=\"7\"><a href=\"\"><\/a><\/li>\n                                          <\/ul>\n          <\/div>\n        <\/div>\n        <div class=\"uk-width-small-1-2 uk-width-large-4-10 uk-width-xlarge-1-3\">\n                      <div class=\"name\">Richard Molkow<\/div>\n                                <div class=\"image\"><img decoding=\"async\" src=\"https:\/\/www.arps-aubert.de\/wp-content\/uploads\/2018\/03\/richard.jpg\" \/><\/div>\n                  <\/div>\n      <\/div>\n    <\/div>\n\t\n  \n<\/div>\n<\/div><\/div><\/div><\/div><div id=\"pg-24-3\"  class=\"panel-grid panel-has-style\" ><div class=\"siteorigin-panels-stretch panel-row-style panel-row-style-for-24-3\" data-stretch-type=\"full-width-stretch\" ><div id=\"pgc-24-3-0\"  class=\"panel-grid-cell\" ><div id=\"panel-24-3-0-0\" class=\"so-panel widget widget_sow-editor panel-first-child panel-last-child\" data-index=\"4\" ><div\n\t\t\t\n\t\t\tclass=\"so-widget-sow-editor so-widget-sow-editor-base\"\n\t\t\t\n\t\t>\n<div class=\"siteorigin-widget-tinymce textwidget\">\n\t\n  <div class=\"uk-width-1-1\" id=\"cta\">\n    <div class=\"uk-container uk-container-center\">\n      <div class=\"uk-grid uk-margin-small-top uk-margin-small-bottom\">\n        <div class=\"uk-width-medium-1-3\">\n          <span class=\"uk-h2\">Kontaktieren Sie uns<\/span>\n          <p>Wir beraten Sie gern<\/p>\n        <\/div>\n        <div class=\"uk-width-medium-1-3 uk-text-center phone-txt uk-vertical-align\">\n          <div class=\"uk-vertical-align-middle\">\n  <i class=\"uk-icon-phone\"><\/i> +49 (0)30 47 37 87 08\n  <\/div>\n        <\/div>\n        <div class=\"uk-width-medium-1-3 uk-text-center uk-vertical-align\">\n          <a href=\"https:\/\/www.arps-aubert.de\/de\/kontakt\/\" class=\"uk-button light uk-vertical-align-middle\">Anfrage stellen<\/a>\n        <\/div>\n      <\/div>\n    <\/div>\n  <\/div>\n\n  \n<\/div>\n<\/div><\/div><\/div><\/div><\/div><\/div>","protected":false},"excerpt":{"rendered":"<p>\u00dcber uns Bettina von Arps-Aubert, Diplom-Dolmetscherin f\u00fcr Englisch und Russisch allgemein beeidigt, Mitglied im Bundesverband der Dolmetscher und \u00dcbersetzer (BD\u00dc) &amp; Richard Molkow, M.A. Konferenzdolmetscher f\u00fcr Italienisch und Englisch Mitglied im Verband der Konferenzdolmetscher (VKD) &nbsp; stellen sich kurz vor:<\/p>\n","protected":false},"author":1,"featured_media":0,"parent":0,"menu_order":0,"comment_status":"closed","ping_status":"closed","template":"","meta":{"_acf_changed":false,"footnotes":""},"class_list":["post-24","page","type-page","status-publish","hentry"],"acf":[],"_links":{"self":[{"href":"https:\/\/www.arps-aubert.de\/de\/wp-json\/wp\/v2\/pages\/24","targetHints":{"allow":["GET"]}}],"collection":[{"href":"https:\/\/www.arps-aubert.de\/de\/wp-json\/wp\/v2\/pages"}],"about":[{"href":"https:\/\/www.arps-aubert.de\/de\/wp-json\/wp\/v2\/types\/page"}],"author":[{"embeddable":true,"href":"https:\/\/www.arps-aubert.de\/de\/wp-json\/wp\/v2\/users\/1"}],"replies":[{"embeddable":true,"href":"https:\/\/www.arps-aubert.de\/de\/wp-json\/wp\/v2\/comments?post=24"}],"version-history":[{"count":92,"href":"https:\/\/www.arps-aubert.de\/de\/wp-json\/wp\/v2\/pages\/24\/revisions"}],"predecessor-version":[{"id":6610,"href":"https:\/\/www.arps-aubert.de\/de\/wp-json\/wp\/v2\/pages\/24\/revisions\/6610"}],"wp:attachment":[{"href":"https:\/\/www.arps-aubert.de\/de\/wp-json\/wp\/v2\/media?parent=24"}],"curies":[{"name":"wp","href":"https:\/\/api.w.org\/{rel}","templated":true}]}}