{"id":2374,"date":"2018-01-29T13:15:22","date_gmt":"2018-01-29T12:15:22","guid":{"rendered":"http:\/\/arps-aubert.de\/?page_id=2374"},"modified":"2023-08-24T16:46:48","modified_gmt":"2023-08-24T14:46:48","slug":"konferenzdolmetscher","status":"publish","type":"page","link":"https:\/\/www.arps-aubert.de\/de\/konferenzdolmetscher\/","title":{"rendered":"Konferenzservice"},"content":{"rendered":"<div id=\"pl-2374\"  class=\"panel-layout\" ><div id=\"pg-2374-0\"  class=\"panel-grid panel-no-style\" ><div id=\"pgc-2374-0-0\"  class=\"panel-grid-cell\" ><div id=\"panel-2374-0-0-0\" class=\"so-panel widget widget_sow-editor panel-first-child panel-last-child\" data-index=\"0\" ><div\n\t\t\t\n\t\t\tclass=\"so-widget-sow-editor so-widget-sow-editor-base\"\n\t\t\t\n\t\t>\n<div class=\"siteorigin-widget-tinymce textwidget\">\n\t<h1>Erfahrene Konferenzdolmetscher f\u00fcr internationale Veranstaltungen<\/h1>\n<p>Mit unserem <strong>Konferenzdolmetscher<\/strong>-Team verleihen Sie Ihrer internationalen Veranstaltung die notwendige sprachliche Professionalit\u00e4t, damit alle Teilnehmer die Inhalte der Konferenz verstehen. Konferenzdolmetschen ist eine anspruchsvolle T\u00e4tigkeit, die sowohl hohe Konzentration als auch gute Vorbereitung erfordert.<\/p>\n<p>Unser Konferenzdolmetscher-Service stellt f\u00fcr jede internationale Veranstaltung ein f\u00fcr Sie und Ihr Thema passendes Dolmetscherteam zusammen, um Ihnen einen Dolmetscherservice auf h\u00f6chstem Niveau bieten zu k\u00f6nnen. Mit Sitz in Berlin ist unser Konferenzdolmetscher-Service der optimale Begleiter f\u00fcr Ihre internationale Veranstaltung.<\/p>\n<\/div>\n<\/div><\/div><\/div><\/div><div id=\"pg-2374-1\"  class=\"panel-grid panel-has-style\" ><div class=\"fn-box large panel-grid-cell panel-row-style panel-row-style-for-2374-1\" ><div id=\"pgc-2374-1-0\"  class=\"panel-grid-cell\" ><div id=\"panel-2374-1-0-0\" class=\"so-panel widget widget_sow-image panel-first-child\" data-index=\"1\" ><div\n\t\t\t\n\t\t\tclass=\"so-widget-sow-image so-widget-sow-image-default-c4f6304fc136-2374\"\n\t\t\t\n\t\t>\n<div class=\"sow-image-container\">\n\t\t<img \n\tsrc=\"https:\/\/www.arps-aubert.de\/wp-content\/uploads\/2018\/01\/Bild-8e.jpg\" width=\"314\" height=\"270\" srcset=\"https:\/\/www.arps-aubert.de\/wp-content\/uploads\/2018\/01\/Bild-8e.jpg 314w, https:\/\/www.arps-aubert.de\/wp-content\/uploads\/2018\/01\/Bild-8e-300x258.jpg 300w\" sizes=\"(max-width: 314px) 100vw, 314px\" title=\"Dolmetscherteams\" alt=\"Dolmetscherteams\" \t\tclass=\"so-widget-image\"\/>\n\t<\/div>\n\n<\/div><\/div><div id=\"panel-2374-1-0-1\" class=\"so-panel widget widget_sow-editor panel-last-child\" data-index=\"2\" ><div\n\t\t\t\n\t\t\tclass=\"so-widget-sow-editor so-widget-sow-editor-base\"\n\t\t\t\n\t\t>\n<div class=\"siteorigin-widget-tinymce textwidget\">\n\t<h3 style=\"text-align: center;\"><span class=\"uk-h4\">Dolmetscherteams<\/span><\/h3>\n<p style=\"text-align: center;\">In den meisten F\u00e4llen arbeiten <a title=\"Simultandolmetscher\" href=\"https:\/\/www.arps-aubert.de\/de\/simultandolmetschen\/\">Simultandolmetscher<\/a> bzw. Konferenzdolmetscher in Teams. Wir stellen Ihnen das passende Team zusammen.<br \/>\n<a href=\"https:\/\/www.arps-aubert.de\/de\/dolmetscherteams\/\">weiter<\/a><\/p>\n<\/div>\n<\/div><\/div><\/div><div id=\"pgc-2374-1-1\"  class=\"panel-grid-cell\" ><div id=\"panel-2374-1-1-0\" class=\"so-panel widget widget_sow-image panel-first-child\" data-index=\"3\" ><div\n\t\t\t\n\t\t\tclass=\"so-widget-sow-image so-widget-sow-image-default-c4f6304fc136-2374\"\n\t\t\t\n\t\t>\n<div class=\"sow-image-container\">\n\t\t<img \n\tsrc=\"https:\/\/www.arps-aubert.de\/wp-content\/uploads\/2018\/02\/Dolmetscherpult-Bitte-unter-Konferenzservice-Dolmetschertechnik-als-kleines-Bild-unten-verwenden.jpg\" width=\"1400\" height=\"800\" srcset=\"https:\/\/www.arps-aubert.de\/wp-content\/uploads\/2018\/02\/Dolmetscherpult-Bitte-unter-Konferenzservice-Dolmetschertechnik-als-kleines-Bild-unten-verwenden.jpg 1400w, https:\/\/www.arps-aubert.de\/wp-content\/uploads\/2018\/02\/Dolmetscherpult-Bitte-unter-Konferenzservice-Dolmetschertechnik-als-kleines-Bild-unten-verwenden-768x439.jpg 768w, https:\/\/www.arps-aubert.de\/wp-content\/uploads\/2018\/02\/Dolmetscherpult-Bitte-unter-Konferenzservice-Dolmetschertechnik-als-kleines-Bild-unten-verwenden-950x543.jpg 950w\" sizes=\"(max-width: 1400px) 100vw, 1400px\" title=\"Dolmetscherpult\" alt=\"Dolmetscherpult\" \t\tclass=\"so-widget-image\"\/>\n\t<\/div>\n\n<\/div><\/div><div id=\"panel-2374-1-1-1\" class=\"so-panel widget widget_sow-editor panel-last-child\" data-index=\"4\" ><div\n\t\t\t\n\t\t\tclass=\"so-widget-sow-editor so-widget-sow-editor-base\"\n\t\t\t\n\t\t>\n<div class=\"siteorigin-widget-tinymce textwidget\">\n\t<h3 style=\"text-align: center;\"><span class=\"uk-h4\">Dolmetschertechnik<\/span><\/h3>\n<p style=\"text-align: center;\">Wann brauchen Sie eine oder mehrere Dolmetscherkabinen und wann eine Personenf\u00fchrungsanlage (PFA)? Wir beraten Sie detailliert.<br \/>\n<a href=\"https:\/\/www.arps-aubert.de\/de\/dolmetschertechnik\/\">weiter<\/a><\/p>\n<\/div>\n<\/div><\/div><\/div><div id=\"pgc-2374-1-2\"  class=\"panel-grid-cell\" ><div id=\"panel-2374-1-2-0\" class=\"so-panel widget widget_sow-image panel-first-child\" data-index=\"5\" ><div\n\t\t\t\n\t\t\tclass=\"so-widget-sow-image so-widget-sow-image-default-8b5b6f678277-2374\"\n\t\t\t\n\t\t>\n<div class=\"sow-image-container\">\n\t\t<img \n\tsrc=\"https:\/\/www.arps-aubert.de\/wp-content\/uploads\/2017\/12\/Bild-9.jpg\" width=\"2000\" height=\"1125\" srcset=\"https:\/\/www.arps-aubert.de\/wp-content\/uploads\/2017\/12\/Bild-9.jpg 2000w, https:\/\/www.arps-aubert.de\/wp-content\/uploads\/2017\/12\/Bild-9-765x430.jpg 765w, https:\/\/www.arps-aubert.de\/wp-content\/uploads\/2017\/12\/Bild-9-1330x748.jpg 1330w, https:\/\/www.arps-aubert.de\/wp-content\/uploads\/2017\/12\/Bild-9-768x432.jpg 768w, https:\/\/www.arps-aubert.de\/wp-content\/uploads\/2017\/12\/Bild-9-300x169.jpg 300w, https:\/\/www.arps-aubert.de\/wp-content\/uploads\/2017\/12\/Bild-9-1024x576.jpg 1024w\" sizes=\"(max-width: 2000px) 100vw, 2000px\" title=\"Checkliste Dolmetscher\" alt=\"Checkliste Dolmetscher\" \t\tclass=\"so-widget-image\"\/>\n\t<\/div>\n\n<\/div><\/div><div id=\"panel-2374-1-2-1\" class=\"so-panel widget widget_sow-editor panel-last-child\" data-index=\"6\" ><div\n\t\t\t\n\t\t\tclass=\"so-widget-sow-editor so-widget-sow-editor-base\"\n\t\t\t\n\t\t>\n<div class=\"siteorigin-widget-tinymce textwidget\">\n\t<h3 style=\"text-align: center;\"><span class=\"uk-h4\">Checkliste f\u00fcr Ihre Veranstaltung<\/span><\/h3>\n<p style=\"text-align: center;\">Sie planen eine Veranstaltung mit internationalen G\u00e4sten und ben\u00f6tigen eine Verdolmetschung? Hier finden Sie eine praktische Checkliste \u201ezum Abhaken\u201c.<br \/> <a href=\"https:\/\/www.arps-aubert.de\/de\/checkliste-fuer-ihre-veranstaltung\/\">weiter<\/a><\/p>\n<\/div>\n<\/div><\/div><\/div><\/div><\/div><div id=\"pg-2374-2\"  class=\"panel-grid panel-no-style\" ><div id=\"pgc-2374-2-0\"  class=\"panel-grid-cell\" ><div id=\"panel-2374-2-0-0\" class=\"so-panel widget widget_sow-editor panel-first-child panel-last-child\" data-index=\"7\" ><div\n\t\t\t\n\t\t\tclass=\"so-widget-sow-editor so-widget-sow-editor-base\"\n\t\t\t\n\t\t>\n<div class=\"siteorigin-widget-tinymce textwidget\">\n\t<h2>Unser Konferenzservice arbeitet eng mit Ihnen zusammen<\/h2>\n<p>Der Schl\u00fcssel zu erfolgreichem und reibungslosem Konferenzdolmetschen ist die richtige Vorbereitung. In enger Absprache mit Ihnen bereiten wir unser\u00a0<a title=\"Dolmetscher-Teams\" href=\"https:\/\/www.arps-aubert.de\/de\/dolmetscherteams\/\">Dolmetscher-Team<\/a> (\u00fcberwiegend bestehend aus zwei Dolmetschern pro Sprache) effektiv auf die Inhalte, den Ablauf und die Struktur der Konferenz vor. Au\u00dferdem spielen die r\u00e4umlichen Gegebenheiten Ihrer Veranstaltung eine entscheidende Rolle bei der technischen und organisatorischen Vorbereitung.<\/p>\n<p>Grunds\u00e4tzlich gilt: Je mehr Informationen und Unterlagen wir von Ihnen im Vorfeld bekommen, desto besser k\u00f6nnen sich unsere <a title=\"Dolmetscher in Berlin\" href=\"https:\/\/www.arps-aubert.de\/de\/\">Dolmetscher<\/a> vorbereiten und in Ihr Themenfeld einarbeiten. Orientieren Sie sich einfach an unserer <a title=\"Checkliste f\u00fcr Ihre Veranstaltung\" href=\"https:\/\/www.arps-aubert.de\/de\/checkliste-fuer-ihre-veranstaltung\/\">Checkliste<\/a>, mit deren Hilfe Sie uns und sich selbst optimal auf die Veranstaltung vorbereiten.<\/p>\n<p>Die Koordination der Dolmetscherteams w\u00e4hrend des Events \u00fcbernehmen wir, ab einem bestimmten Zeitpunkt wird das <a title=\"Dolmetscherb\u00fcro\" href=\"https:\/\/www.arps-aubert.de\/de\/dolmetschen\/\">Dolmetschen<\/a> f\u00fcr Sie also zum \u201cSelbstl\u00e4ufer\u201d. Bei gr\u00f6\u00dferen Konferenzen mit mehr als zwei Sprachen ernennen wir zus\u00e4tzlich einen Chefdolmetscher (\u201cChef d\u2019Equipe\u201d), der f\u00fcr Sie (und das Dolmetscherteam) der erste Ansprechpartner ist.<\/p>\n<h3>Dolmetschen: Eine anspruchsvolle T\u00e4tigkeit<\/h3>\n<p>Unser Netzwerk an erfahrenen und professionellen Dolmetschern erm\u00f6glicht es uns, unseren Konferenzservice f\u00fcr jede Weltsprache und Sprachenkombination anzubieten. Wir stellen ein individuell zugeschnittenes Expertenteam zusammen, das seine Aufgaben gewissenhaft und hochkonzentriert erledigt. Wenden Sie sich gern an unser <a title=\"Dolmetscherb&uuml;ro in Berlin\" href=\"https:\/\/www.arps-aubert.de\/de\/dolmetschen\/\">Dolmetscherb&uuml;ro in Berlin<\/a>, wenn Sie unseren Service f&uuml;r Ihre Veranstaltung buchen oder sich beraten lassen m&ouml;chten. <\/p>\n<p><img loading=\"lazy\" decoding=\"async\" class=\"alignleft wp-image-4006\" title=\"Konferenzdolmetschern erfordert hohe Konzentration\" src=\"https:\/\/www.arps-aubert.de\/wp-content\/uploads\/2019\/02\/dubbing.png\" alt=\"Dolmetschern-Symbol\" width=\"45\" height=\"45\" srcset=\"https:\/\/www.arps-aubert.de\/wp-content\/uploads\/2019\/02\/dubbing.png 512w, https:\/\/www.arps-aubert.de\/wp-content\/uploads\/2019\/02\/dubbing-400x400.png 400w\" sizes=\"auto, (max-width: 45px) 100vw, 45px\" \/>Konferenzdolmetschen (Simultandolmetschen) ist eine sehr anspruchsvolle T\u00e4tigkeit, die permanent h\u00f6chste Konzentration erfordert. Die Dolmetscher m\u00fcssen nicht nur Ausgangs- und Zielsprache perfekt beherrschen, sondern auch souver\u00e4n auf sprachliche Besonderheiten, Dialekte, Akzente, wechselhafte Sprachdynamiken, unerwartete<br \/>\nNebenger\u00e4usche etc. reagieren.<\/p>\n<p><img loading=\"lazy\" decoding=\"async\" class=\"alignleft wp-image-3864\" title=\"Konferenzdolmetschern ist Teamarbeit\" src=\"https:\/\/www.arps-aubert.de\/wp-content\/uploads\/2018\/08\/dolmetschen-uebersetzen-begleitdolmetschen.png\" alt=\"Begleitdolmetschern-Symbol\" width=\"45\" height=\"45\" \/>Unsere Dolmetscher setzen sich nur hundertprozentig vorbereitet in die Kabine und wechseln sich in regelm\u00e4\u00dfigen Abst\u00e4nden (alle 20-30 Minuten) ab, um punktuell H\u00f6chstleistungen abrufen zu k\u00f6nnen.<\/p>\n<p><img loading=\"lazy\" decoding=\"async\" class=\"alignleft wp-image-3872\" title=\"Zusatzmaterial hilft dem Dolmetscher\" src=\"https:\/\/www.arps-aubert.de\/wp-content\/uploads\/2018\/08\/dolmetschen-uebersetzen-technik.png\" alt=\"Dolmetschern-Technik-Symbol\" width=\"45\" height=\"45\" srcset=\"https:\/\/www.arps-aubert.de\/wp-content\/uploads\/2018\/08\/dolmetschen-uebersetzen-technik.png 512w, https:\/\/www.arps-aubert.de\/wp-content\/uploads\/2018\/08\/dolmetschen-uebersetzen-technik-400x400.png 400w\" sizes=\"auto, (max-width: 45px) 100vw, 45px\" \/>Dolmetscher sind es gewohnt, sich st\u00e4ndig intensiv in zun\u00e4chst unbekannte Themenfelder einzuarbeiten. S\u00e4mtliche Materialien (Power-Point-Pr\u00e4sentationen, Handouts, Manuskripte, Texte der Redner usw.), die vom Veranstalter vor der Konferenz bereitgestellt werden, helfen den Dolmetschern bei der Vorbereitung. Es gilt also, vollst\u00e4ndig \u201eim Thema\u201c zu sein. Nur dann k\u00f6nnen Inhalte fachgerecht und pr\u00e4zise gedolmetscht werden und nur dann entsteht bei der Kommunikation keine Unsch\u00e4rfe.<br \/>\n\n  <div class=\"uk-width-1-1\" id=\"cta\">\n    <div class=\"uk-container uk-container-center\">\n      <div class=\"uk-grid uk-margin-small-top uk-margin-small-bottom\">\n        <div class=\"uk-width-medium-1-3\">\n          <span class=\"uk-h2\">Kontaktieren Sie uns<\/span>\n          <p>Wir beraten Sie gern<\/p>\n        <\/div>\n        <div class=\"uk-width-medium-1-3 uk-text-center phone-txt uk-vertical-align\">\n          <div class=\"uk-vertical-align-middle\">\n  <i class=\"uk-icon-phone\"><\/i> +49 (0)30 47 37 87 08\n  <\/div>\n        <\/div>\n        <div class=\"uk-width-medium-1-3 uk-text-center uk-vertical-align\">\n          <a href=\"https:\/\/www.arps-aubert.de\/de\/kontakt\/\" class=\"uk-button light uk-vertical-align-middle\">Anfrage stellen<\/a>\n        <\/div>\n      <\/div>\n    <\/div>\n  <\/div>\n\n  <\/p>\n<\/div>\n<\/div><\/div><\/div><\/div><\/div>","protected":false},"excerpt":{"rendered":"<p>Erfahrene Konferenzdolmetscher f\u00fcr internationale Veranstaltungen Mit unserem Konferenzdolmetscher-Team verleihen Sie Ihrer internationalen Veranstaltung die notwendige sprachliche Professionalit\u00e4t, damit alle Teilnehmer die Inhalte der Konferenz verstehen. Konferenzdolmetschen ist eine anspruchsvolle T\u00e4tigkeit, die sowohl hohe Konzentration als auch gute Vorbereitung erfordert. Unser Konferenzdolmetscher-Service stellt f\u00fcr jede internationale Veranstaltung ein f\u00fcr Sie und Ihr Thema passendes Dolmetscherteam zusammen, [&hellip;]<\/p>\n","protected":false},"author":1,"featured_media":0,"parent":0,"menu_order":0,"comment_status":"closed","ping_status":"closed","template":"","meta":{"_acf_changed":false,"footnotes":""},"class_list":["post-2374","page","type-page","status-publish","hentry"],"acf":[],"_links":{"self":[{"href":"https:\/\/www.arps-aubert.de\/de\/wp-json\/wp\/v2\/pages\/2374","targetHints":{"allow":["GET"]}}],"collection":[{"href":"https:\/\/www.arps-aubert.de\/de\/wp-json\/wp\/v2\/pages"}],"about":[{"href":"https:\/\/www.arps-aubert.de\/de\/wp-json\/wp\/v2\/types\/page"}],"author":[{"embeddable":true,"href":"https:\/\/www.arps-aubert.de\/de\/wp-json\/wp\/v2\/users\/1"}],"replies":[{"embeddable":true,"href":"https:\/\/www.arps-aubert.de\/de\/wp-json\/wp\/v2\/comments?post=2374"}],"version-history":[{"count":72,"href":"https:\/\/www.arps-aubert.de\/de\/wp-json\/wp\/v2\/pages\/2374\/revisions"}],"predecessor-version":[{"id":6024,"href":"https:\/\/www.arps-aubert.de\/de\/wp-json\/wp\/v2\/pages\/2374\/revisions\/6024"}],"wp:attachment":[{"href":"https:\/\/www.arps-aubert.de\/de\/wp-json\/wp\/v2\/media?parent=2374"}],"curies":[{"name":"wp","href":"https:\/\/api.w.org\/{rel}","templated":true}]}}