{"id":1935,"date":"2018-01-18T09:38:42","date_gmt":"2018-01-18T08:38:42","guid":{"rendered":"http:\/\/arps-aubert.de\/?page_id=1935"},"modified":"2025-03-13T13:49:06","modified_gmt":"2025-03-13T12:49:06","slug":"dolmetscherteams","status":"publish","type":"page","link":"https:\/\/www.arps-aubert.de\/de\/dolmetscherteams\/","title":{"rendered":"Dolmetscherteams  \u2013 Alle aus einer Hand"},"content":{"rendered":"<div id=\"pl-1935\"  class=\"panel-layout\" ><div id=\"pg-1935-0\"  class=\"panel-grid panel-no-style\" ><div id=\"pgc-1935-0-0\"  class=\"panel-grid-cell\" ><div id=\"panel-1935-0-0-0\" class=\"so-panel widget widget_sow-editor panel-first-child panel-last-child\" data-index=\"0\" ><div\n\t\t\t\n\t\t\tclass=\"so-widget-sow-editor so-widget-sow-editor-base\"\n\t\t\t\n\t\t>\n<div class=\"siteorigin-widget-tinymce textwidget\">\n\t<h1>Dolmetscherteams  \u2013 Alle aus einer Hand<\/h1>\n<\/div>\n<\/div><\/div><\/div><\/div><div id=\"pg-1935-1\"  class=\"panel-grid panel-no-style\" ><div id=\"pgc-1935-1-0\"  class=\"panel-grid-cell\" ><div id=\"panel-1935-1-0-0\" class=\"so-panel widget widget_sow-editor panel-first-child panel-last-child\" data-index=\"1\" ><div class=\"uk-column-medium-1-2 two-column panel-widget-style panel-widget-style-for-1935-1-0-0\" ><div\n\t\t\t\n\t\t\tclass=\"so-widget-sow-editor so-widget-sow-editor-base\"\n\t\t\t\n\t\t>\n<div class=\"siteorigin-widget-tinymce textwidget\">\n\t<p>Simultan- bzw. Konferenzdolmetscher arbeiten in den meisten F\u00e4llen im Team. Aufgrund der erforderlichen hohen Konzentration l\u00f6sen sie sich nach 20-30 Minuten ab. Wir setzen daher auf Konferenzen in der Regel Zweierteams ein; bei sehr langen Veranstaltungstagen mitunter auch Dreierteams.<\/p>\n<p>Wir organisieren das passende Dolmetscherteam f\u00fcr Ihre Veranstaltung. Dabei spielt es keine Rolle, welche Sprachen und wie viele Sprachkombinationen Sie ben\u00f6tigen: Wir verf\u00fcgen \u00fcber ein gro\u00dfes Netzwerk und finden die f\u00fcr Ihre Veranstaltung und f\u00fcr Ihr Thema passenden <a title=\"Dolmetscher in Berlin\" href=\"https:\/\/www.arps-aubert.de\/de\/\">Dolmetscher<\/a>. Daf\u00fcr ben\u00f6tigen wir von Ihnen lediglich die Eckdaten Ihrer Veranstaltung sowie grundlegende Informationen \u00fcber Organisation und Aufbau.<br \/>\nSie m\u00f6chten wissen, welche Dinge und \u00dcberlegungen Sie grunds\u00e4tzlich in Ihre Planung einbeziehen m\u00fcssen? Unsere Checkliste kann Ihnen hier weiterhelfen.<\/p>\n<p>Im Vorfeld einer Veranstaltung fungieren wir f\u00fcr Sie als Schnittstelle: Wir versorgen die Dolmetscher mit s\u00e4mtlichen relevanten Informationen und koordinieren die Weiterleitung von Vorbereitungsmaterialien. Dadurch sparen Sie wertvolle Zeit und m\u00fcssen nicht Kontakt zu mehreren Dolmetschern halten. Das garantiert eine perfekte Abstimmung und effiziente Vorbereitung f\u00fcr Ihre Veranstaltung: Service \u201eaus einer Hand\u201c!<\/p>\n<p>Bei Veranstaltungen mit mehreren Sprachen bzw. Kabinen ernennen wir einen Kollegen des Teams zum Chefdolmetscher (\u201eChef d\u2019Equipe\u201c). Dieser ist vor Ort Ansprechpartner - sowohl f\u00fcr den Kunden als auch f\u00fcr die Dolmetscherkollegen.<\/p>\n<p><img loading=\"lazy\" decoding=\"async\" class=\"alignleft size-full wp-image-2506\" src=\"https:\/\/arps-aubert.de\/wp-content\/uploads\/2018\/01\/dolmetscherteams.jpg\" alt=\"Dolmetscherteams Berlin\" width=\"680\" height=\"270\" \/><\/p>\n<\/div>\n<\/div><\/div><\/div><\/div><\/div><div id=\"pg-1935-2\"  class=\"panel-grid panel-has-style\" ><div class=\"siteorigin-panels-stretch panel-row-style panel-row-style-for-1935-2\" data-stretch-type=\"full-width-stretch\" ><div id=\"pgc-1935-2-0\"  class=\"panel-grid-cell\" ><div id=\"panel-1935-2-0-0\" class=\"so-panel widget widget_sow-editor panel-first-child panel-last-child\" data-index=\"2\" ><div class=\"panel-widget-style panel-widget-style-for-1935-2-0-0\" ><div\n\t\t\t\n\t\t\tclass=\"so-widget-sow-editor so-widget-sow-editor-base\"\n\t\t\t\n\t\t>\n<div class=\"siteorigin-widget-tinymce textwidget\">\n\t\n  <div class=\"uk-width-1-1\" id=\"cta\">\n    <div class=\"uk-container uk-container-center\">\n      <div class=\"uk-grid uk-margin-small-top uk-margin-small-bottom\">\n        <div class=\"uk-width-medium-1-3\">\n          <span class=\"uk-h2\">Kontaktieren Sie uns<\/span>\n          <p>Wir beraten Sie gern<\/p>\n        <\/div>\n        <div class=\"uk-width-medium-1-3 uk-text-center phone-txt uk-vertical-align\">\n          <div class=\"uk-vertical-align-middle\">\n  <i class=\"uk-icon-phone\"><\/i> +49 (0)30 47 37 87 08\n  <\/div>\n        <\/div>\n        <div class=\"uk-width-medium-1-3 uk-text-center uk-vertical-align\">\n          <a href=\"https:\/\/www.arps-aubert.de\/de\/kontakt\/\" class=\"uk-button light uk-vertical-align-middle\">Anfrage stellen<\/a>\n        <\/div>\n      <\/div>\n    <\/div>\n  <\/div>\n\n  \n<\/div>\n<\/div><\/div><\/div><\/div><\/div><\/div><\/div>","protected":false},"excerpt":{"rendered":"<p>Dolmetscherteams \u2013 Alle aus einer Hand Simultan- bzw. Konferenzdolmetscher arbeiten in den meisten F\u00e4llen im Team. Aufgrund der erforderlichen hohen Konzentration l\u00f6sen sie sich nach 20-30 Minuten ab. Wir setzen daher auf Konferenzen in der Regel Zweierteams ein; bei sehr langen Veranstaltungstagen mitunter auch Dreierteams. Wir organisieren das passende Dolmetscherteam f\u00fcr Ihre Veranstaltung. Dabei spielt [&hellip;]<\/p>\n","protected":false},"author":1,"featured_media":0,"parent":0,"menu_order":0,"comment_status":"closed","ping_status":"closed","template":"","meta":{"_acf_changed":false,"footnotes":""},"class_list":["post-1935","page","type-page","status-publish","hentry"],"acf":[],"_links":{"self":[{"href":"https:\/\/www.arps-aubert.de\/de\/wp-json\/wp\/v2\/pages\/1935","targetHints":{"allow":["GET"]}}],"collection":[{"href":"https:\/\/www.arps-aubert.de\/de\/wp-json\/wp\/v2\/pages"}],"about":[{"href":"https:\/\/www.arps-aubert.de\/de\/wp-json\/wp\/v2\/types\/page"}],"author":[{"embeddable":true,"href":"https:\/\/www.arps-aubert.de\/de\/wp-json\/wp\/v2\/users\/1"}],"replies":[{"embeddable":true,"href":"https:\/\/www.arps-aubert.de\/de\/wp-json\/wp\/v2\/comments?post=1935"}],"version-history":[{"count":110,"href":"https:\/\/www.arps-aubert.de\/de\/wp-json\/wp\/v2\/pages\/1935\/revisions"}],"predecessor-version":[{"id":6247,"href":"https:\/\/www.arps-aubert.de\/de\/wp-json\/wp\/v2\/pages\/1935\/revisions\/6247"}],"wp:attachment":[{"href":"https:\/\/www.arps-aubert.de\/de\/wp-json\/wp\/v2\/media?parent=1935"}],"curies":[{"name":"wp","href":"https:\/\/api.w.org\/{rel}","templated":true}]}}