{"id":1912,"date":"2018-01-18T09:10:44","date_gmt":"2018-01-18T08:10:44","guid":{"rendered":"http:\/\/arps-aubert.de\/?page_id=1912"},"modified":"2024-07-03T10:28:52","modified_gmt":"2024-07-03T08:28:52","slug":"uebersetzen","status":"publish","type":"page","link":"https:\/\/www.arps-aubert.de\/de\/uebersetzen\/","title":{"rendered":"\u00dcbersetzen"},"content":{"rendered":"<div id=\"pl-1912\"  class=\"panel-layout\" ><div id=\"pg-1912-0\"  class=\"panel-grid panel-no-style\" ><div id=\"pgc-1912-0-0\"  class=\"panel-grid-cell\" ><div id=\"panel-1912-0-0-0\" class=\"so-panel widget widget_sow-editor panel-first-child panel-last-child\" data-index=\"0\" ><div\n\t\t\t\n\t\t\tclass=\"so-widget-sow-editor so-widget-sow-editor-base\"\n\t\t\t\n\t\t>\n<div class=\"siteorigin-widget-tinymce textwidget\">\n\t<h1>\u00dcbersetzen<\/h1>\n<div class=\"check box\">\n<h3>Textbeispiele von \u00dcbersetzungen<\/h3>\n<p><img decoding=\"async\" class=\"alignright size-full wp-image-2514\" src=\"https:\/\/arps-aubert.de\/wp-content\/uploads\/2018\/01\/uebersetzung-fremdsprache.jpg\" alt=\"uebersetzung-fremdsprache\" width=\"300\" \/><\/p>\n<p><span class=\"uk-red\"><strong>\u201eThe Christian Right in Europe\u201c<\/strong><\/span><br \/>\nDeutsche \u00dcbersetzung eines einf\u00fchrenden Beitrags zum Buch \u201eThe Christian Right in Europe\u201c von Kristina Stoeckl und Gionathan Lo Mascolo. 2024. - <a href=\"https:\/\/www.gwi-boell.de\/de\/2024\/05\/21\/die-christliche-rechte-europa\" target=\"_blank\" rel=\"noopener noreferrer\">Probelesen<\/a><\/p>\n<p><span class=\"uk-red\"><strong>Fleischatlas 2014<\/strong><\/span><br \/>\nEin Kooperationsprojekt von Heinrich-B\u00f6ll-Stiftung, Bund f\u00fcr Umwelt- und Naturschutz Deutschland - <a href=\"https:\/\/www.boell.de\/sites\/default\/files\/fleischatlas2014_vi.pdf?dimension1=oen\" target=\"_blank\" rel=\"noopener noreferrer\">Probelesen<\/a><\/p>\n<p><span class=\"uk-red\"><strong>Rede Achille Mbembe (Kamerun \/ S\u00fcdafrika)<\/strong><\/span><br \/>\ner\u00f6ffnet das Theater-der-Welt-Festival im Mai 2017 in Hamburg - <a href=\"https:\/\/www.der-theaterverlag.de\/theater-heute\/aktuelles-heft\/artikel\/achille-mbembe-theater-der-welt\/\" target=\"_blank\" rel=\"noopener noreferrer\">Probelesen<\/a><\/p>\n<p><span class=\"uk-red\"><strong>Buch \u201eKnowledge in Motion. Perspectives of Artistic and Scientific Research in Dance\u201c<\/strong><\/span><br \/>\n\u00dcbersetzung der deutschen Artikel ins Englische - <a href=\"https:\/\/www.transcript-verlag.de\/978-3-89942-809-4\/knowledge-in-motion\" target=\"_blank\" rel=\"noopener noreferrer\">Probelesen<\/a><\/p>\n<\/div>\n<p>Unter \u00dcbersetzen versteht man grunds\u00e4tzlich die \u00dcbertragung eines schriftlichen Textes in eine andere Sprache. Aber der \u00dcbersetzungsprozess beinhaltet sehr viel mehr als nur den sprachlichen Transfer. Eine gute \u00dcbersetzung zeichnet sich u.a. durch sachliche und sprachliche Pr\u00e4zision und die sensible Ber\u00fccksichtigung kulturspezifischer Besonderheiten aus.<\/p>\n<p>F\u00fcr \u00dcbersetzungsprojekte beauftragen wir erfahrene Kollegen, die jeweils auf bestimmte Themen spezialisiert sind. Diese fertigen qualitativ hochwertige \u00dcbersetzungen z.B. von Vertragstexten, Pressemitteilungen, Websites, Konferenzunterlagen, Fachtexten oder Filmskripten an. Unser umfangreiches Netzwerk von professionellen \u00dcbersetzern erlaubt es uns, f\u00fcr jedes Projekt einen ad\u00e4quaten, hochqualifizierten Kollegen auszuw\u00e4hlen.<\/p>\n<p>S\u00e4mtliche \u00dcbersetzungen werden bei uns von Muttersprachlern der Zielsprache angefertigt. Anschlie\u00dfend lektoriert ein Muttersprachler der Ausgangssprache die angefertigte \u00dcbersetzung. Diese Herangehensweise garantiert h\u00f6chste sprachliche Qualit\u00e4t, Pr\u00e4zision und Stilsicherheit.<\/p>\n<p>Sie k\u00f6nnen sich ebenfalls gerne an uns wenden, wenn Sie <strong>beeidigte \u00dcbersetzungen<\/strong> von amtlichen Dokumenten oder Zeugnissen ben\u00f6tigen: Wir \u00fcbersetzen f\u00fcr Sie Heiratsurkunden, Geburts- und Sterbeurkunden, Gerichtsurteile, Scheidungsurkunden, Kaufvertr\u00e4ge und vieles mehr. Selbstverst\u00e4ndlich k\u00f6nnen Sie uns f\u00fcr Ihr Vorhaben auch als <a title=\"Dolmetscher in Berlin\" href=\"https:\/\/www.arps-aubert.de\/de\/\">Dolmetscher<\/a> buchen.<\/p>\n<\/div>\n<\/div><\/div><\/div><\/div><div id=\"pg-1912-1\"  class=\"panel-grid panel-has-style\" ><div class=\"siteorigin-panels-stretch panel-row-style panel-row-style-for-1912-1\" data-stretch-type=\"full-width-stretch\" ><div id=\"pgc-1912-1-0\"  class=\"panel-grid-cell\" ><div id=\"panel-1912-1-0-0\" class=\"so-panel widget widget_sow-editor panel-first-child panel-last-child\" data-index=\"1\" ><div class=\"panel-widget-style panel-widget-style-for-1912-1-0-0\" ><div\n\t\t\t\n\t\t\tclass=\"so-widget-sow-editor so-widget-sow-editor-base\"\n\t\t\t\n\t\t>\n<div class=\"siteorigin-widget-tinymce textwidget\">\n\t\n  <div class=\"uk-width-1-1\" id=\"cta\">\n    <div class=\"uk-container uk-container-center\">\n      <div class=\"uk-grid uk-margin-small-top uk-margin-small-bottom\">\n        <div class=\"uk-width-medium-1-3\">\n          <span class=\"uk-h2\">Kontaktieren Sie uns<\/span>\n          <p>Wir beraten Sie gern<\/p>\n        <\/div>\n        <div class=\"uk-width-medium-1-3 uk-text-center phone-txt uk-vertical-align\">\n          <div class=\"uk-vertical-align-middle\">\n  <i class=\"uk-icon-phone\"><\/i> +49 (0)30 47 37 87 08\n  <\/div>\n        <\/div>\n        <div class=\"uk-width-medium-1-3 uk-text-center uk-vertical-align\">\n          <a href=\"https:\/\/www.arps-aubert.de\/de\/kontakt\/\" class=\"uk-button light uk-vertical-align-middle\">Anfrage stellen<\/a>\n        <\/div>\n      <\/div>\n    <\/div>\n  <\/div>\n\n  \n<\/div>\n<\/div><\/div><\/div><\/div><\/div><\/div><\/div>","protected":false},"excerpt":{"rendered":"<p>\u00dcbersetzen Textbeispiele von \u00dcbersetzungen \u201eThe Christian Right in Europe\u201c Deutsche \u00dcbersetzung eines einf\u00fchrenden Beitrags zum Buch \u201eThe Christian Right in Europe\u201c von Kristina Stoeckl und Gionathan Lo Mascolo. 2024. &#8211; Probelesen Fleischatlas 2014 Ein Kooperationsprojekt von Heinrich-B\u00f6ll-Stiftung, Bund f\u00fcr Umwelt- und Naturschutz Deutschland &#8211; Probelesen Rede Achille Mbembe (Kamerun \/ S\u00fcdafrika) er\u00f6ffnet das Theater-der-Welt-Festival im [&hellip;]<\/p>\n","protected":false},"author":1,"featured_media":0,"parent":0,"menu_order":0,"comment_status":"closed","ping_status":"closed","template":"","meta":{"_acf_changed":false,"footnotes":""},"class_list":["post-1912","page","type-page","status-publish","hentry"],"acf":[],"_links":{"self":[{"href":"https:\/\/www.arps-aubert.de\/de\/wp-json\/wp\/v2\/pages\/1912","targetHints":{"allow":["GET"]}}],"collection":[{"href":"https:\/\/www.arps-aubert.de\/de\/wp-json\/wp\/v2\/pages"}],"about":[{"href":"https:\/\/www.arps-aubert.de\/de\/wp-json\/wp\/v2\/types\/page"}],"author":[{"embeddable":true,"href":"https:\/\/www.arps-aubert.de\/de\/wp-json\/wp\/v2\/users\/1"}],"replies":[{"embeddable":true,"href":"https:\/\/www.arps-aubert.de\/de\/wp-json\/wp\/v2\/comments?post=1912"}],"version-history":[{"count":284,"href":"https:\/\/www.arps-aubert.de\/de\/wp-json\/wp\/v2\/pages\/1912\/revisions"}],"predecessor-version":[{"id":6319,"href":"https:\/\/www.arps-aubert.de\/de\/wp-json\/wp\/v2\/pages\/1912\/revisions\/6319"}],"wp:attachment":[{"href":"https:\/\/www.arps-aubert.de\/de\/wp-json\/wp\/v2\/media?parent=1912"}],"curies":[{"name":"wp","href":"https:\/\/api.w.org\/{rel}","templated":true}]}}