{"id":18,"date":"2017-11-08T11:18:18","date_gmt":"2017-11-08T10:18:18","guid":{"rendered":"http:\/\/arps-aubert.de\/?page_id=18"},"modified":"2022-04-08T15:12:39","modified_gmt":"2022-04-08T13:12:39","slug":"dolmetschertechnik","status":"publish","type":"page","link":"https:\/\/www.arps-aubert.de\/de\/dolmetschertechnik\/","title":{"rendered":"Dolmetschertechnik"},"content":{"rendered":"<div id=\"pl-18\"  class=\"panel-layout\" ><div id=\"pg-18-0\"  class=\"panel-grid panel-no-style\" ><div id=\"pgc-18-0-0\"  class=\"panel-grid-cell panel-grid-cell-empty\" ><\/div><div id=\"pgc-18-0-1\"  class=\"panel-grid-cell panel-grid-cell-mobile-last\" ><div class=\"panel-cell-style panel-cell-style-for-18-0-1\" ><div id=\"panel-18-0-1-0\" class=\"so-panel widget widget_sow-button panel-first-child panel-last-child\" data-index=\"0\" ><div class=\"panel-widget-style panel-widget-style-for-18-0-1-0\" ><div\n\t\t\t\n\t\t\tclass=\"so-widget-sow-button so-widget-sow-button-flat-6c9126e51b12-18\"\n\t\t\t\n\t\t><div class=\"ow-button-base ow-button-align-left\"\n>\n\t\t\t<a\n\t\t\t\t\thref=\"https:\/\/www.arps-aubert.de\/de\/kontakt\/\"\n\t\t\t\t\tclass=\"sowb-button ow-icon-placement-left\" target=\"_blank\" rel=\"noopener noreferrer\" \t>\n\t\t<span>\n\t\t\t\n\t\t\t<p><b><span style=\"color: #990000;font-size: 25px\">BITTE\u00a0BEACHTEN:<\/span><\/b> <\/p><p><b>Beratung, Vermittlung und Buchung von Dolmetschertechnik ausschlie\u00dflich in Verbindung mit der Buchung von Dolmetschern!<\/b><\/p>\t\t<\/span>\n\t\t\t<\/a>\n\t<\/div>\n<\/div><\/div><\/div><\/div><\/div><div id=\"pgc-18-0-2\"  class=\"panel-grid-cell panel-grid-cell-empty\" ><\/div><\/div><div id=\"pg-18-1\"  class=\"panel-grid panel-no-style\" ><div id=\"pgc-18-1-0\"  class=\"panel-grid-cell\" ><div id=\"panel-18-1-0-0\" class=\"so-panel widget widget_sow-editor panel-first-child panel-last-child\" data-index=\"1\" ><div\n\t\t\t\n\t\t\tclass=\"so-widget-sow-editor so-widget-sow-editor-base\"\n\t\t\t\n\t\t>\n<div class=\"siteorigin-widget-tinymce textwidget\">\n\t<h1>Wir vermitteln Dolmetschertechnik in Verbindung mit Dolmetscherteams f\u00fcr Veranstaltungen in Berlin und bundesweit<\/h1>\n<\/div>\n<\/div><\/div><\/div><\/div><div id=\"pg-18-2\"  class=\"panel-grid panel-no-style\" ><div id=\"pgc-18-2-0\"  class=\"panel-grid-cell\" ><div id=\"panel-18-2-0-0\" class=\"so-panel widget widget_sow-editor panel-first-child panel-last-child\" data-index=\"2\" ><div\n\t\t\t\n\t\t\tclass=\"so-widget-sow-editor so-widget-sow-editor-base\"\n\t\t\t\n\t\t>\n<div class=\"siteorigin-widget-tinymce textwidget\">\n\t<p><img loading=\"lazy\" decoding=\"async\" class=\"alignleft wp-image-3023\" title=\"Mit der richtigen Dolmetschertechnik l\u00e4uft die Kommunikation auf Ihrer Veranstaltung reibungslos\" src=\"https:\/\/www.arps-aubert.de\/wp-content\/uploads\/2018\/02\/simultandolmetschen-foto_b-400x400.jpg\" alt=\"Dolmetschertechnik Kabine Konferenz\" width=\"350\" height=\"263\" srcset=\"https:\/\/www.arps-aubert.de\/wp-content\/uploads\/2018\/02\/simultandolmetschen-foto_b-768x576.jpg 768w, https:\/\/www.arps-aubert.de\/wp-content\/uploads\/2018\/02\/simultandolmetschen-foto_b-950x713.jpg 950w, https:\/\/www.arps-aubert.de\/wp-content\/uploads\/2018\/02\/simultandolmetschen-foto_b.jpg 1920w\" sizes=\"auto, (max-width: 350px) 100vw, 350px\" \/>Sie brauchen f\u00fcr Ihre Veranstaltung die Kompetenz von Simultandolmetschern und wissen bereits, dass Sie auch Dolmetschertechnik oder Konferenztechnik ben\u00f6tigen werden, allerdings nicht welche? Wir stellen die Dolmetscher, beraten zur Technik und vermitteln gerne den Kontakt zu einer Technikfirma.<\/p>\n<p>Oft steht und f\u00e4llt der Erfolg einer Veranstaltung mit der dazugeh\u00f6rigen Technik. Das gilt insbesondere f\u00fcr internationale Konferenzen, Tagungen, Symposien und andere gro\u00dfformatige Events, die Mehrsprachigkeit und den Einsatz von Simultandolmetschern erfordern. Ziel ist es, alle Teilnehmer in die Lage zu versetzen, einem Vortrag oder einer Diskussion bequem und in der eigenen Landessprache zu folgen. Ein sorgf\u00e4ltig geplantes <strong>Dolmetschertechnik<\/strong>- und Konferenztechnikkonzept ist die Grundlage und Voraussetzung f\u00fcr professionelles Simultandolmetschen.<\/p>\n<p><a title=\"Dolmetscher in Berlin\" href=\"https:\/\/www.arps-aubert.de\/de\/\">Dolmetscher<\/a>-Equipment, das Audio-Qualit\u00e4t auf h\u00f6chstem Niveau garantiert, schafft die Grundlage f\u00fcr ein perfektes Zusammenspiel bei der Verdolmetschung. Als erfahrene Dolmetscherin berate ich Sie gerne in allen Fragen zu Dolmetscherkabinen, F\u00fchrungsanlagen sowie Konferenztechnik und unterst\u00fctze Sie bei der Wahl der richtigen Dolmetschertechnik, sodass die Kommunikation auf Ihrer Veranstaltung reibungslos l\u00e4uft.<\/p>\n<\/div>\n<\/div><\/div><\/div><\/div><div id=\"pg-18-3\"  class=\"panel-grid panel-no-style\" ><div id=\"pgc-18-3-0\"  class=\"panel-grid-cell panel-grid-cell-empty\" ><\/div><\/div><div id=\"pg-18-4\"  class=\"panel-grid panel-no-style\" ><div id=\"pgc-18-4-0\"  class=\"panel-grid-cell\" ><div id=\"panel-18-4-0-0\" class=\"so-panel widget widget_sow-editor panel-first-child panel-last-child\" data-index=\"3\" ><div\n\t\t\t\n\t\t\tclass=\"so-widget-sow-editor so-widget-sow-editor-base\"\n\t\t\t\n\t\t>\n<div class=\"siteorigin-widget-tinymce textwidget\">\n\t<h2 style=\"color: #990000;\">Beratung f\u00fcr die passende Dolmetscheranlage und -kabine bei Ihrem Event<\/h2>\n<p>Zur <strong>Dolmetschertechnik <\/strong>z\u00e4hlen klassischerweise Dolmetscherkabinen, Dolmetscheranlagen sowie Mikrofon- und Beschallungstechnik. Um den Simultandolmetschern optimale Arbeitsbedingungen f\u00fcr eine st\u00f6rungsfreie Verdolmetschung zu gew\u00e4hrleisten, erfolgte eine Novellierung der ISO Norm f\u00fcr Dolmetschertechnik, etwa beim Aufbau der Kabinen. Die verbesserten Standards beziehen sich insbesondere auf die Qualit\u00e4t der Audio- und Videosignale.<\/p>\n<\/div>\n<\/div><\/div><\/div><\/div><div id=\"pg-18-5\"  class=\"panel-grid panel-no-style\" ><div id=\"pgc-18-5-0\"  class=\"panel-grid-cell\" ><div id=\"panel-18-5-0-0\" class=\"so-panel widget widget_sow-editor panel-first-child panel-last-child\" data-index=\"4\" ><div\n\t\t\t\n\t\t\tclass=\"so-widget-sow-editor so-widget-sow-editor-base\"\n\t\t\t\n\t\t>\n<div class=\"siteorigin-widget-tinymce textwidget\">\n\t<p>Die Dolmetscherkabine ist der Arbeitsplatz der <a title=\"Simultandolmetscher\" href=\"https:\/\/www.arps-aubert.de\/de\/simultandolmetschen\/\">Simultandolmetscher<\/a>. Entweder wird sie von einer Firma, die auf Dolmetschertechnik und ihre Vermietung sowie Installation spezialisiert ist, am Tagungsort errichtet. Oder aber es werden \u2013 wie beispielsweise im Europaparlament oder der UNO \u2013 festinstallierte Kabinen genutzt.<\/p>\n<p>Werden mehr als zwei Sprachen auf einer Veranstaltung gesprochen und gedolmetscht, ben\u00f6tigt man dementsprechend viele Kabinen. Die Faustregel hierbei lautet: Die Anzahl der Sprachen minus eins ergibt die Anzahl der ben\u00f6tigten Kabinen. Wenn beispielsweise vier Sprachen gesprochen werden, ben\u00f6tigt man dementsprechend drei Kabinen.<\/p>\n<p>Von entscheidender Bedeutung ist der <strong>Standort der Dolmetscherkabine(n)<\/strong>. Dolmetscher ben\u00f6tigen idealerweise <strong>direkten Blickkontakt<\/strong> zum Redner und zum Podium. Zudem m\u00fcssen sie Powerpoint-Pr\u00e4sentationen und Videoprojektionen gut sehen k\u00f6nnen. Daher ist es wichtig, die Kabine(n) m\u00f6glichst optimal zu positionieren.<\/p>\n<\/div>\n<\/div><\/div><\/div><div id=\"pgc-18-5-1\"  class=\"panel-grid-cell\" ><div id=\"panel-18-5-1-0\" class=\"so-panel widget widget_sow-editor panel-first-child panel-last-child\" data-index=\"5\" ><div\n\t\t\t\n\t\t\tclass=\"so-widget-sow-editor so-widget-sow-editor-base\"\n\t\t\t\n\t\t>\n<div class=\"siteorigin-widget-tinymce textwidget\">\n\t<p>Gerne steht Ihnen die Technikfirma bei der Suche des optimalen Standorts beratend zur Seite. Wenn Sie es w\u00fcnschen, begleiten auch wir Sie gerne bei der Begehung des Veranstaltungsortes. In Ausnahmef\u00e4llen kann eine Kabine au\u00dferhalb des Tagungsraums aufgebaut werden. In diesem Fall muss aber eine Kamera das Geschehen im Saal in die Kabine per Video-Monitor \u00fcbertragen.<\/p>\n<blockquote><p><img loading=\"lazy\" decoding=\"async\" class=\"alignright wp-image-1763 size-full\" style=\"padding-top: 26px;\" title=\"Beispiel f\u00fcr schlechte Dolmetschertechnik unter der Zeltplane\" src=\"https:\/\/arps-aubert.de\/wp-content\/uploads\/2017\/11\/sprechblase-2-b.png\" alt=\"Dolmetschertechnik im Zelt Sprechblase\" width=\"194\" height=\"167\" \/><strong>Arbeitsbedingungen<\/strong><br \/>\nIn Lahore \/ Pakistan habe ich unter einer nicht bel\u00fcfteten Zeltplane gearbeitet, in Samara \/ Russland in nebeneinander aufgereihten, offenen Glas-Papp-K\u00e4sten. Ich wei\u00df, was es hei\u00dft, schlechte Arbeitsbedingungen vorzufinden - die Qualit\u00e4t der Verdolmetschung leidet automatisch.<\/p><\/blockquote>\n<\/div>\n<\/div><\/div><\/div><\/div><div id=\"pg-18-6\"  class=\"panel-grid panel-has-style\" ><div class=\"wh siteorigin-panels-stretch panel-row-style panel-row-style-for-18-6\" id=\"cta\" data-stretch-type=\"full\" ><div id=\"pgc-18-6-0\"  class=\"panel-grid-cell\" ><div id=\"panel-18-6-0-0\" class=\"so-panel widget widget_sow-editor panel-first-child panel-last-child\" data-index=\"6\" ><div\n\t\t\t\n\t\t\tclass=\"so-widget-sow-editor so-widget-sow-editor-base\"\n\t\t\t\n\t\t>\n<div class=\"siteorigin-widget-tinymce textwidget\">\n\t<p>Wir helfen Ihnen, die richtige dolmetschtechnische L\u00f6sung zu finden!<\/p>\n<\/div>\n<\/div><\/div><\/div><div id=\"pgc-18-6-1\"  class=\"panel-grid-cell\" ><div id=\"panel-18-6-1-0\" class=\"so-panel widget widget_sow-editor panel-first-child panel-last-child\" data-index=\"7\" ><div\n\t\t\t\n\t\t\tclass=\"so-widget-sow-editor so-widget-sow-editor-base\"\n\t\t\t\n\t\t>\n<div class=\"siteorigin-widget-tinymce textwidget\">\n\t<p><a class=\"uk-button\" href=\"https:\/\/www.arps-aubert.de\/de\/kontakt\/\">Anfrage stellen<\/a><\/p>\n<\/div>\n<\/div><\/div><\/div><\/div><\/div><div id=\"pg-18-7\"  class=\"panel-grid panel-no-style\" ><div id=\"pgc-18-7-0\"  class=\"panel-grid-cell\" ><div id=\"panel-18-7-0-0\" class=\"so-panel widget widget_sow-editor panel-first-child panel-last-child\" data-index=\"8\" ><div\n\t\t\t\n\t\t\tclass=\"so-widget-sow-editor so-widget-sow-editor-base\"\n\t\t\t\n\t\t>\n<div class=\"siteorigin-widget-tinymce textwidget\">\n\t<p>\u00a0<br \/>\u00a0<\/p>\n<h3 style=\"color: #990000;\">ISO-konforme Technik in der Dolmetscherkabine: Worauf kommt es an?<\/h3>\n<p>Neben ihrem Standort ist die technische Ausstattung der Dolmetscherkabine wesentlich f\u00fcr eine reibungslose, professionelle Simultan\u00fcbersetzung. Wenn Sie eine Dolmetscherkabine mieten, sollten Sie sich unbedingt zu den Faktoren Schalld\u00e4mmung, Bel\u00fcftung und Lichtverh\u00e4ltnisse beraten lassen. Nur wenn die Rahmenbedingungen in der Kabine stimmen, ist gew\u00e4hrleistet, dass die Dolmetscher \u00fcber Stunden hochkonzentriert arbeiten k\u00f6nnen.<\/p>\n<\/div>\n<\/div><\/div><\/div><\/div><div id=\"pg-18-8\"  class=\"panel-grid panel-no-style\" ><div id=\"pgc-18-8-0\"  class=\"panel-grid-cell\" ><div id=\"panel-18-8-0-0\" class=\"so-panel widget widget_sow-editor panel-first-child panel-last-child\" data-index=\"9\" ><div\n\t\t\t\n\t\t\tclass=\"so-widget-sow-editor so-widget-sow-editor-base\"\n\t\t\t\n\t\t>\n<div class=\"siteorigin-widget-tinymce textwidget\">\n\t<p><img loading=\"lazy\" decoding=\"async\" class=\"alignright wp-image-3860\" title=\"Je schallged\u00e4mmter die Dolmetscherkabine desto besser\" src=\"https:\/\/www.arps-aubert.de\/wp-content\/uploads\/2018\/08\/dolmetschen-uebersetzen-ohr.png\" alt=\"Schlld\u00e4mmung in der Dolmetscherkabine\" width=\"100\" height=\"100\" \/><\/p>\n<\/div>\n<\/div><\/div><\/div><div id=\"pgc-18-8-1\"  class=\"panel-grid-cell panel-grid-cell-mobile-last\" ><div id=\"panel-18-8-1-0\" class=\"so-panel widget widget_sow-editor panel-first-child panel-last-child\" data-index=\"10\" ><div\n\t\t\t\n\t\t\tclass=\"so-widget-sow-editor so-widget-sow-editor-base\"\n\t\t\t\n\t\t>\n<div class=\"siteorigin-widget-tinymce textwidget\">\n\t<h4>Schalld\u00e4mmung<\/h4>\n<p>\u00dcber Kopfh\u00f6rer empfangen Dolmetscher das Gesprochene und senden die Verdolmetschung \u00fcber ein Mikrofon an die Empf\u00e4nger, die ebenfalls Kopfh\u00f6rer tragen. Ruhe durch schalldichte W\u00e4nde (zum Saal sowie zwischen den Dolmetscherkabinen) ist unerl\u00e4sslich, um die Leistungsf\u00e4higkeit von Dolmetschern nicht zu beeintr\u00e4chtigen. Je schallged\u00e4mmter \u2013 etwa durch zus\u00e4tzliche Fu\u00dfbodend\u00e4mmung, Doppelverglasung oder deutlich dickere Wandst\u00e4rke \u2013 desto besser.<\/p>\n<\/div>\n<\/div><\/div><\/div><div id=\"pgc-18-8-2\"  class=\"panel-grid-cell panel-grid-cell-empty\" ><\/div><\/div><div id=\"pg-18-9\"  class=\"panel-grid panel-no-style\" ><div id=\"pgc-18-9-0\"  class=\"panel-grid-cell\" ><div id=\"panel-18-9-0-0\" class=\"so-panel widget widget_sow-editor panel-first-child panel-last-child\" data-index=\"11\" ><div\n\t\t\t\n\t\t\tclass=\"so-widget-sow-editor so-widget-sow-editor-base\"\n\t\t\t\n\t\t>\n<div class=\"siteorigin-widget-tinymce textwidget\">\n\t<p><img loading=\"lazy\" decoding=\"async\" class=\"alignright wp-image-4008\" title=\"Kleine Ventilations- und Bel\u00fcftungssch\u00e4chte sorgen f\u00fcr eine ausreichende Luftumw\u00e4lzung in der Simultankabine \" src=\"https:\/\/www.arps-aubert.de\/wp-content\/uploads\/2019\/02\/fan.png\" alt=\"Dolmetschertechnik Ventilator an der Kabine\" width=\"100\" height=\"100\" srcset=\"https:\/\/www.arps-aubert.de\/wp-content\/uploads\/2019\/02\/fan.png 512w, https:\/\/www.arps-aubert.de\/wp-content\/uploads\/2019\/02\/fan-400x400.png 400w\" sizes=\"auto, (max-width: 100px) 100vw, 100px\" \/><\/p>\n<\/div>\n<\/div><\/div><\/div><div id=\"pgc-18-9-1\"  class=\"panel-grid-cell panel-grid-cell-mobile-last\" ><div id=\"panel-18-9-1-0\" class=\"so-panel widget widget_sow-editor panel-first-child panel-last-child\" data-index=\"12\" ><div\n\t\t\t\n\t\t\tclass=\"so-widget-sow-editor so-widget-sow-editor-base\"\n\t\t\t\n\t\t>\n<div class=\"siteorigin-widget-tinymce textwidget\">\n\t<h4>Bel\u00fcftung<\/h4>\n<p>F\u00fcr eine ausreichende Luftumw\u00e4lzung in der Simultankabine sorgen kleine Ventilations- und Bel\u00fcftungssch\u00e4chte, die an den Dachelementen der Kabine montiert sind. Von hoher Qualit\u00e4t sind Bel\u00fcftungssysteme, die gleicherma\u00dfen leistungsstark und leise arbeiten. Neuere Kabinen-Modelle sind \u00fcberdies in der Lage, mit einem CO2-Messger\u00e4t die Luftqualit\u00e4t in der Simultankabine zu \u00fcberwachen.<\/p>\n<\/div>\n<\/div><\/div><\/div><div id=\"pgc-18-9-2\"  class=\"panel-grid-cell panel-grid-cell-empty\" ><\/div><\/div><div id=\"pg-18-10\"  class=\"panel-grid panel-no-style\" ><div id=\"pgc-18-10-0\"  class=\"panel-grid-cell\" ><div id=\"panel-18-10-0-0\" class=\"so-panel widget widget_sow-editor panel-first-child panel-last-child\" data-index=\"13\" ><div\n\t\t\t\n\t\t\tclass=\"so-widget-sow-editor so-widget-sow-editor-base\"\n\t\t\t\n\t\t>\n<div class=\"siteorigin-widget-tinymce textwidget\">\n\t<p><img loading=\"lazy\" decoding=\"async\" class=\"alignright wp-image-4012\" title=\"Richtige Dolmetschertechnik mieten: Gute Sichtverh\u00e4ltnisse genie\u00dfen\" src=\"https:\/\/www.arps-aubert.de\/wp-content\/uploads\/2019\/02\/window.png\" alt=\"Dolmetschertechnik Sichtverh\u00e4ltnisse Simultankabine\" width=\"100\" height=\"100\" srcset=\"https:\/\/www.arps-aubert.de\/wp-content\/uploads\/2019\/02\/window.png 512w, https:\/\/www.arps-aubert.de\/wp-content\/uploads\/2019\/02\/window-400x400.png 400w\" sizes=\"auto, (max-width: 100px) 100vw, 100px\" \/><\/p>\n<\/div>\n<\/div><\/div><\/div><div id=\"pgc-18-10-1\"  class=\"panel-grid-cell panel-grid-cell-mobile-last\" ><div id=\"panel-18-10-1-0\" class=\"so-panel widget widget_sow-editor panel-first-child panel-last-child\" data-index=\"14\" ><div\n\t\t\t\n\t\t\tclass=\"so-widget-sow-editor so-widget-sow-editor-base\"\n\t\t\t\n\t\t>\n<div class=\"siteorigin-widget-tinymce textwidget\">\n\t<h4>Lichtverh\u00e4ltnisse<\/h4>\n<p>Zur <strong>Dolmetschertechnik <\/strong>z\u00e4hlen auch dimmbare LED-Deckenleuchter in den Sprecherkabinen. Diese erm\u00f6glichen den Dolmetschern ein schattenfreies Arbeiten. Ebenso sorgen gro\u00dfe Scheiben f\u00fcr eine exzellente Sicht auf das Podium und den Saal und erleichtern die Arbeitsprozesse. Ein hintergrundbeleuchtetes LCD-Grafikdisplay am Dolmetscherpult sorgt zudem f\u00fcr eine gut erkennbare Informationsanzeige auch bei schlechten Lichtverh\u00e4ltnissen.<\/p>\n<\/div>\n<\/div><\/div><\/div><div id=\"pgc-18-10-2\"  class=\"panel-grid-cell panel-grid-cell-empty\" ><\/div><\/div><div id=\"pg-18-11\"  class=\"panel-grid panel-no-style\" ><div id=\"pgc-18-11-0\"  class=\"panel-grid-cell\" ><div id=\"panel-18-11-0-0\" class=\"so-panel widget widget_sow-editor panel-first-child panel-last-child\" data-index=\"15\" ><div\n\t\t\t\n\t\t\tclass=\"so-widget-sow-editor so-widget-sow-editor-base\"\n\t\t\t\n\t\t>\n<div class=\"siteorigin-widget-tinymce textwidget\">\n\t<p><img loading=\"lazy\" decoding=\"async\" class=\"alignright wp-image-4006\" title=\"Einwandfreie Dolmetscherpult-Technik\" src=\"https:\/\/www.arps-aubert.de\/wp-content\/uploads\/2019\/02\/dubbing.png\" alt=\"Dolmetscherpult-Technik Sennheiser\" width=\"100\" height=\"100\" srcset=\"https:\/\/www.arps-aubert.de\/wp-content\/uploads\/2019\/02\/dubbing.png 512w, https:\/\/www.arps-aubert.de\/wp-content\/uploads\/2019\/02\/dubbing-400x400.png 400w\" sizes=\"auto, (max-width: 100px) 100vw, 100px\" \/><\/p>\n<\/div>\n<\/div><\/div><\/div><div id=\"pgc-18-11-1\"  class=\"panel-grid-cell panel-grid-cell-mobile-last\" ><div id=\"panel-18-11-1-0\" class=\"so-panel widget widget_sow-editor panel-first-child panel-last-child\" data-index=\"16\" ><div\n\t\t\t\n\t\t\tclass=\"so-widget-sow-editor so-widget-sow-editor-base\"\n\t\t\t\n\t\t>\n<div class=\"siteorigin-widget-tinymce textwidget\">\n\t<h4>Einwandfreie Dolmetscherpult-Technik<\/h4>\n<p>Dolmetscherpulte geh\u00f6ren zur Grundausstattung von Simultankabinen. Hier w\u00e4hlt der Dolmetscher den Kanal der Sprache, in die gedolmetscht wird. An das Dolmetscherpult wird die H\u00f6rsprech-Garnitur angeschlossen \u2013 entweder ein Headset oder eine Kombination aus station\u00e4rem Pultmikrofon und Kopfh\u00f6rer. Headsets bieten den Vorteil, dass der Dolmetscher mehr Bewegungsfreiraum hat und der Besprechungsabstand von Mund zu B\u00fcgelmikrofon konstant bleibt. Bei einem station\u00e4ren Mikrofon \u00e4ndert sich bei hoher Agilit\u00e4t des Dolmetschers der Abstand zum Mund. Dies k\u00f6nnen die Teilnehmer im Saal unter Umst\u00e4nden als unangenehme Pegelschwankung wahrnehmen. Daher sollten bei Festinstallationen entsprechende Regelkomponenten eingeplant werden. Neue Dolmetscherpult-Modelle punkten durch ihr ergonomisches Design, Funktionen f\u00fcr Sehbehinderte und eine geringe Empfindlichkeit f\u00fcr Mobiltelefoninterferenzen.<\/p>\n<\/div>\n<\/div><\/div><\/div><div id=\"pgc-18-11-2\"  class=\"panel-grid-cell panel-grid-cell-empty\" ><\/div><\/div><div id=\"pg-18-12\"  class=\"panel-grid panel-has-style\" ><div class=\"shadow panel-row-style panel-row-style-for-18-12\" ><div id=\"pgc-18-12-0\"  class=\"panel-grid-cell\" ><div id=\"panel-18-12-0-0\" class=\"so-panel widget widget_sow-editor panel-first-child panel-last-child\" data-index=\"17\" ><div\n\t\t\t\n\t\t\tclass=\"so-widget-sow-editor so-widget-sow-editor-base\"\n\t\t\t\n\t\t>\n<div class=\"siteorigin-widget-tinymce textwidget\">\n\t<p><img loading=\"lazy\" decoding=\"async\" class=\"alignleft wp-image-208\" title=\"Die Dolmetscherkabine ist der Arbeitsplatz der Simultandolmetscher\" src=\"https:\/\/arps-aubert.de\/wp-content\/uploads\/2017\/11\/Dolmetscherkabine-300x290.jpg\" alt=\"Dolmetscherkabine mieten f\u00fcr Event\" width=\"258\" height=\"250\" srcset=\"https:\/\/www.arps-aubert.de\/wp-content\/uploads\/2017\/11\/Dolmetscherkabine-300x290.jpg 300w, https:\/\/www.arps-aubert.de\/wp-content\/uploads\/2017\/11\/Dolmetscherkabine.jpg 310w\" sizes=\"auto, (max-width: 258px) 100vw, 258px\" \/><\/p>\n<\/div>\n<\/div><\/div><\/div><div id=\"pgc-18-12-1\"  class=\"panel-grid-cell\" ><div id=\"panel-18-12-1-0\" class=\"so-panel widget widget_sow-editor panel-first-child panel-last-child\" data-index=\"18\" ><div class=\"panel-widget-style panel-widget-style-for-18-12-1-0\" ><div\n\t\t\t\n\t\t\tclass=\"so-widget-sow-editor so-widget-sow-editor-base\"\n\t\t\t\n\t\t>\n<div class=\"siteorigin-widget-tinymce textwidget\">\n\t<h3>Platzbedarf f\u00fcr eine Kabine<\/h3>\n<p style=\"text-align: left;\"><strong>Innenma\u00dfe Zweierkabine<\/strong><br \/>160cm x 160cm x 200cm (B\/T\/H)<\/p>\n<p><strong>Au\u00dfenma\u00dfe<\/strong><\/p>\n<ul>\n<li>168cm x 168cm x ca. 220cm (B\/T\/H, einschlie\u00dflich Ventilator)<\/li>\n<li style=\"text-align: left;\">(Bitte links, rechts oder hinten 0,5m Platz f\u00fcr T\u00fcr und Durchgang freihalten)<\/li>\n<li style=\"text-align: left;\">Dolmetscherkabinen f\u00fcr drei Dolmetscher haben eine Breite von 240 cm.<\/li>\n<\/ul>\n<\/div>\n<\/div><\/div><\/div><\/div><\/div><\/div><div id=\"pg-18-13\"  class=\"panel-grid panel-has-style\" ><div class=\"shadow panel-row-style panel-row-style-for-18-13\" ><div id=\"pgc-18-13-0\"  class=\"panel-grid-cell\" ><div id=\"panel-18-13-0-0\" class=\"so-panel widget widget_sow-editor panel-first-child panel-last-child\" data-index=\"19\" ><div\n\t\t\t\n\t\t\tclass=\"so-widget-sow-editor so-widget-sow-editor-base\"\n\t\t\t\n\t\t>\n<div class=\"siteorigin-widget-tinymce textwidget\">\n\t<p><img loading=\"lazy\" decoding=\"async\" class=\"alignleft wp-image-209\" title=\"Personenf\u00fchrungsanlage f\u00fcr Fl\u00fcsterdolmetschen\" src=\"https:\/\/arps-aubert.de\/wp-content\/uploads\/2017\/11\/Personenf\u00fchrungsanlage.jpg\" alt=\"Viele PSA sind von Sennheiser, Beyerdynamic oder Bosch\" width=\"259\" height=\"152\" \/><\/p>\n<\/div>\n<\/div><\/div><\/div><div id=\"pgc-18-13-1\"  class=\"panel-grid-cell\" ><div id=\"panel-18-13-1-0\" class=\"so-panel widget widget_sow-editor panel-first-child panel-last-child\" data-index=\"20\" ><div class=\"panel-widget-style panel-widget-style-for-18-13-1-0\" ><div\n\t\t\t\n\t\t\tclass=\"so-widget-sow-editor so-widget-sow-editor-base\"\n\t\t\t\n\t\t>\n<div class=\"siteorigin-widget-tinymce textwidget\">\n\t<h3><strong>Fl\u00fcsterdolmetschen: Die passende Dolmetschertechnik mieten<\/strong><\/h3>\n<p>F\u00fcr das <a title=\"Fl\u00fcsterdolmetschen\" href=\"https:\/\/www.arps-aubert.de\/de\/fluesterdolmetschen\/\">Fl\u00fcsterdolmetschen<\/a> ben\u00f6tigen Sie eine sogenannte <strong>Personenf\u00fchrungsanlage (PFA)<\/strong>. Wie die abgebildete Anlage besteht diese aus einem Mikrophon f\u00fcr den Dolmetscher und aus drahtlosen Kopfh\u00f6rern f\u00fcr die Zuh\u00f6rer. Unter Umst\u00e4nden kennen Sie derartige Anlagen von Museumsf\u00fchrungen. Sie k\u00f6nnen maximal 30 Kopfh\u00f6rer einsetzen. Technisch gesehen, ist es nicht m\u00f6glich, mehr als zwei Sprachen mit PFAs zu dolmetschen, d.h. bei mehr als zwei Arbeitssprachen m\u00fcssen Dolmetscherkabinen verwendet werden.<\/p>\n<p>Weil sie drahtlos in unterschiedlichen UHF-Frequenzbereichen senden, kommen Personenf\u00fchrungsanlagen in unterschiedlichsten Kontexten zum Einsatz, wie zum Beispiel bei Werksf\u00fchrungen oder auch, wenn Sie R\u00e4umlichkeiten haben, die nicht genug Platz f\u00fcr Kabinen bieten.<\/p>\n<\/div>\n<\/div><\/div><\/div><\/div><\/div><\/div><div id=\"pg-18-14\"  class=\"panel-grid panel-no-style\" ><div id=\"pgc-18-14-0\"  class=\"panel-grid-cell\" ><div id=\"panel-18-14-0-0\" class=\"so-panel widget widget_sow-editor panel-first-child panel-last-child\" data-index=\"21\" ><div\n\t\t\t\n\t\t\tclass=\"so-widget-sow-editor so-widget-sow-editor-base\"\n\t\t\t\n\t\t>\n<div class=\"siteorigin-widget-tinymce textwidget\">\n\t<h2 style=\"color: #990000;\">Beratung und Betreuung f\u00fcr Ihre Dolmetscher- und Konferenztechnik aus einer Hand<\/h2>\n<p>Stimmt die Beschallung und sind die Simultandolmetscher gut zu h\u00f6ren? Stehen gen\u00fcgend Dolmetscherkabinen, Mikrofone und drahtlose Headsets f\u00fcr die Konferenz, Tagung oder andere Veranstaltung zur Verf\u00fcgung? Sind bei der Vermietung auch der Auf- und Abbau eingeplant?<\/p>\n<p>Wir wissen, welche technischen Voraussetzungen erf\u00fcllt sein m\u00fcssen, damit bei Ihrer Verdolmetschung jeder Ton sitzt. Ob in Berlin, M\u00fcnchen, D\u00fcsseldorf, Hamburg, Frankfurt oder Stuttgart \u2013 seit \u00fcber 20 Jahren koordinieren wir Dolmetschertechnik und Konferenztechnik bundesweit f\u00fcr unsere Kunden. Lassen Sie sich jetzt unverbindlich beraten!<\/p>\n<\/div>\n<\/div><\/div><\/div><\/div><div id=\"pg-18-15\"  class=\"panel-grid panel-has-style\" ><div class=\"wh siteorigin-panels-stretch panel-row-style panel-row-style-for-18-15\" id=\"cta\" data-stretch-type=\"full\" ><div id=\"pgc-18-15-0\"  class=\"panel-grid-cell\" ><div id=\"panel-18-15-0-0\" class=\"so-panel widget widget_sow-editor panel-first-child panel-last-child\" data-index=\"22\" ><div\n\t\t\t\n\t\t\tclass=\"so-widget-sow-editor so-widget-sow-editor-base\"\n\t\t\t\n\t\t>\n<div class=\"siteorigin-widget-tinymce textwidget\">\n\t<p>Wir helfen Ihnen, die richtige dolmetschtechnische L\u00f6sung zu finden!<\/p>\n<\/div>\n<\/div><\/div><\/div><div id=\"pgc-18-15-1\"  class=\"panel-grid-cell\" ><div id=\"panel-18-15-1-0\" class=\"so-panel widget widget_sow-editor panel-first-child panel-last-child\" data-index=\"23\" ><div\n\t\t\t\n\t\t\tclass=\"so-widget-sow-editor so-widget-sow-editor-base\"\n\t\t\t\n\t\t>\n<div class=\"siteorigin-widget-tinymce textwidget\">\n\t<a class=\"uk-button\" href=\"https:\/\/www.arps-aubert.de\/de\/kontakt\/\">Anfrage stellen<\/a><\/div>\n<\/div><\/div><\/div><\/div><\/div><\/div>","protected":false},"excerpt":{"rendered":"<p>Wir vermitteln Dolmetschertechnik in Verbindung mit Dolmetscherteams f\u00fcr Veranstaltungen in Berlin und bundesweit<\/p>\n","protected":false},"author":1,"featured_media":0,"parent":0,"menu_order":0,"comment_status":"closed","ping_status":"closed","template":"","meta":{"_acf_changed":false,"footnotes":""},"class_list":["post-18","page","type-page","status-publish","hentry"],"acf":[],"_links":{"self":[{"href":"https:\/\/www.arps-aubert.de\/de\/wp-json\/wp\/v2\/pages\/18","targetHints":{"allow":["GET"]}}],"collection":[{"href":"https:\/\/www.arps-aubert.de\/de\/wp-json\/wp\/v2\/pages"}],"about":[{"href":"https:\/\/www.arps-aubert.de\/de\/wp-json\/wp\/v2\/types\/page"}],"author":[{"embeddable":true,"href":"https:\/\/www.arps-aubert.de\/de\/wp-json\/wp\/v2\/users\/1"}],"replies":[{"embeddable":true,"href":"https:\/\/www.arps-aubert.de\/de\/wp-json\/wp\/v2\/comments?post=18"}],"version-history":[{"count":592,"href":"https:\/\/www.arps-aubert.de\/de\/wp-json\/wp\/v2\/pages\/18\/revisions"}],"predecessor-version":[{"id":5602,"href":"https:\/\/www.arps-aubert.de\/de\/wp-json\/wp\/v2\/pages\/18\/revisions\/5602"}],"wp:attachment":[{"href":"https:\/\/www.arps-aubert.de\/de\/wp-json\/wp\/v2\/media?parent=18"}],"curies":[{"name":"wp","href":"https:\/\/api.w.org\/{rel}","templated":true}]}}