{"id":1523,"date":"2018-01-15T14:35:24","date_gmt":"2018-01-15T13:35:24","guid":{"rendered":"http:\/\/arps-aubert.de\/?page_id=1523"},"modified":"2026-01-16T14:15:15","modified_gmt":"2026-01-16T13:15:15","slug":"kundenmeinungen","status":"publish","type":"page","link":"https:\/\/www.arps-aubert.de\/de\/kundenmeinungen\/","title":{"rendered":"Kundenmeinungen"},"content":{"rendered":"<div id=\"pl-1523\"  class=\"panel-layout\" ><div id=\"pg-1523-0\"  class=\"panel-grid panel-no-style\" ><div id=\"pgc-1523-0-0\"  class=\"panel-grid-cell panel-grid-cell-mobile-last\" ><div id=\"panel-1523-0-0-0\" class=\"so-panel widget widget_sow-editor panel-first-child panel-last-child\" data-index=\"0\" ><div\n\t\t\t\n\t\t\tclass=\"so-widget-sow-editor so-widget-sow-editor-base\"\n\t\t\t\n\t\t>\n<div class=\"siteorigin-widget-tinymce textwidget\">\n\t<h1>Kundenmeinungen<\/h1>\n<p style=\"text-align: left;\">Gerne lassen wir auch unsere Kunden, die wir bereits als <a title=\"Dolmetscher in Berlin\" href=\"https:\/\/www.arps-aubert.de\/de\/\">Dolmetscher<\/a> unterst&uuml;tzt haben, zu Wort kommen. Hier ein Auszug von Zitaten aus den letzten Jahren:<\/p>\n<\/div>\n<\/div><\/div><\/div><div id=\"pgc-1523-0-1\"  class=\"panel-grid-cell panel-grid-cell-empty\" ><\/div><\/div><div id=\"pg-1523-1\"  class=\"panel-grid panel-no-style\" ><div id=\"pgc-1523-1-0\"  class=\"panel-grid-cell\" ><div id=\"panel-1523-1-0-0\" class=\"so-panel widget widget_lsow-testimonials panel-first-child panel-last-child\" data-index=\"1\" ><div\n\t\t\t\n\t\t\tclass=\"so-widget-lsow-testimonials so-widget-lsow-testimonials-default-d75171398898-1523\"\n\t\t\t\n\t\t>\n<div class=\"lsow-testimonials lsow-grid-container  lsow-grid-desktop-3 lsow-grid-tablet-2 lsow-grid-mobile-1\"><div class=\"lsow-grid-item lsow-testimonial \" ><div class=\"lsow-testimonial-text\"><p>Die Zusammenarbeit im Vorfeld mit Frau von Arps-Aubert war sehr angenehm, professionell und zuverl\u00e4ssig. Da wir zum ersten Mal eine Konferenz mit Simultan\u00fcbersetzung ausgerichtet haben, war ich dankbar f\u00fcr ihre Tipps und Hinweise im Vorfeld. Die \u00dcbersetzungen w\u00e4hrend unserer Konferenz zeichneten sich durch hohe Fachkompetenz, sprachliche Pr\u00e4zision und ein ausgepr\u00e4gtes Gesp\u00fcr f\u00fcr Nuancen und Empathie aus. Wir bedanken uns herzlich f\u00fcr die hervorragende Unterst\u00fctzung und freuen uns sehr darauf, k\u00fcnftig wieder mit Ihnen zusammenzuarbeiten.<\/p>\n<\/div><div class=\"lsow-testimonial-user\"><div class=\"lsow-image-wrapper\"><img loading=\"lazy\" decoding=\"async\" width=\"160\" height=\"160\" src=\"https:\/\/www.arps-aubert.de\/wp-content\/uploads\/2025\/11\/bundesverband-housing-first-logo.webp\" class=\"lsow-image full\" alt=\"Logo Bundesverband Housing First e.V.\" \/><\/div><div class=\"lsow-text\"><h3 class=\"lsow-author-name\">Julia von Lindern<\/h3><div class=\"lsow-author-credentials\">Gesch\u00e4ftsf\u00fchrerin Bundesverband Housing First e.V., November 2025<\/div><\/div><!-- .lsow-text --><\/div><!-- .lsow-testimonial-user --><\/div><!-- .lsow-testimonial --><div class=\"lsow-grid-item lsow-testimonial \" ><div class=\"lsow-testimonial-text\"><p data-start=\"108\" data-end=\"121\">Dear Bettina, I would like to express my sincere gratitude to all the excellent interpreters for their outstanding service at the Seoul 2025 International Paralympic Committee Conference and General Assembly, as well as the Extraordinary General Assembly in November. Delivering such an event naturally comes with its challenges, and it was a tremendous reassurance to rely on your team\u2019s professionalism and dedication throughout the process.<\/p>\n<\/div><div class=\"lsow-testimonial-user\"><div class=\"lsow-image-wrapper\"><img loading=\"lazy\" decoding=\"async\" width=\"400\" height=\"400\" src=\"https:\/\/www.arps-aubert.de\/wp-content\/uploads\/2022\/11\/IPC-logo-2-400x400.jpg\" class=\"lsow-image full\" alt=\"\" \/><\/div><div class=\"lsow-text\"><h3 class=\"lsow-author-name\">International Paralympic Committee<\/h3><div class=\"lsow-author-credentials\">Andrew Parsons &amp; Team, 2025<\/div><\/div><!-- .lsow-text --><\/div><!-- .lsow-testimonial-user --><\/div><!-- .lsow-testimonial --><div class=\"lsow-grid-item lsow-testimonial \" ><div class=\"lsow-testimonial-text\"><p>Hallo ihr 2,<br \/>\nwunderbar, euch bei eurer Jobaus\u00fcbung zu beobachten.<br \/>\nSo viel Leidenschaft und \u201egelebte\u201c Begeisterung.<br \/>\nSehr faszinierend\u2026<br \/>\nDanke und herzliche Gr\u00fc\u00dfe Heiko<\/p>\n<\/div><div class=\"lsow-testimonial-user\"><div class=\"lsow-image-wrapper\"><img loading=\"lazy\" decoding=\"async\" width=\"300\" height=\"300\" src=\"https:\/\/www.arps-aubert.de\/wp-content\/uploads\/2023\/09\/gsa-logo-plain.jpg\" class=\"lsow-image full\" alt=\"\" \/><\/div><div class=\"lsow-text\"><h3 class=\"lsow-author-name\">Superheldenreise<\/h3><div class=\"lsow-author-credentials\">GSA Convention 2023<\/div><\/div><!-- .lsow-text --><\/div><!-- .lsow-testimonial-user --><\/div><!-- .lsow-testimonial --><div class=\"lsow-grid-item lsow-testimonial \" ><div class=\"lsow-testimonial-text\">Ich m\u00f6chte mich im Namen des gesamten Teams von Quentic herzlich bei Ihnen f\u00fcr die hervorragenden Dolmetscherleistung w\u00e4hrend unserer Veranstaltung VISIONS bedanken. Die F\u00e4higkeit, unsere Botschaft und Inhalte reibungslos und pr\u00e4zise zu \u00fcbersetzen, hat ma\u00dfgeblich zum Erfolg unserer zweit\u00e4gigen Veranstaltung beigetragen. Nochmals herzlichen Dank f\u00fcr Ihre wertvolle Unterst\u00fctzung.\n<\/div><div class=\"lsow-testimonial-user\"><div class=\"lsow-image-wrapper\"><img loading=\"lazy\" decoding=\"async\" width=\"300\" height=\"300\" src=\"https:\/\/www.arps-aubert.de\/wp-content\/uploads\/2023\/10\/quentic-logo-square.png\" class=\"lsow-image full\" alt=\"\" \/><\/div><div class=\"lsow-text\"><h3 class=\"lsow-author-name\">Sascha Hanika<\/h3><div class=\"lsow-author-credentials\">Firma Quentic, September 2023<\/div><\/div><!-- .lsow-text --><\/div><!-- .lsow-testimonial-user --><\/div><!-- .lsow-testimonial --><div class=\"lsow-grid-item lsow-testimonial \" ><div class=\"lsow-testimonial-text\"><p>Liebe Frau von Arps-Aubert, den Dank gebe ich gerne an Sie zur\u00fcck! Wir waren alle sehr beeindruckt von Ihrer hervorragenden Arbeit. Ganz lieben Dank, dass Sie uns so gro\u00dfartig begleitet haben und es unseren G\u00e4sten erm\u00f6glicht haben, diese hoch emotionale Rede mitzuerleben.<\/p>\n<\/div><div class=\"lsow-testimonial-user\"><div class=\"lsow-image-wrapper\"><img loading=\"lazy\" decoding=\"async\" width=\"400\" height=\"400\" src=\"https:\/\/www.arps-aubert.de\/wp-content\/uploads\/2021\/11\/knh_logo_rgb_pos-400x400.png\" class=\"lsow-image full\" alt=\"\" \/><\/div><div class=\"lsow-text\"><h3 class=\"lsow-author-name\">Angelika B\u00f6hling<\/h3><div class=\"lsow-author-credentials\">Kindernothilfe, 2021<\/div><\/div><!-- .lsow-text --><\/div><!-- .lsow-testimonial-user --><\/div><!-- .lsow-testimonial --><div class=\"lsow-grid-item lsow-testimonial \" ><div class=\"lsow-testimonial-text\">I would recommend Bettina to any professional looking for English interpretation services in Germany. \u00a0Representing Apple executives at a senior level, our experience is second to none. \u00a0Bettina is a consummate professional, and has been integral to our discussions at all levels within German governmental institutions.\u00a0\n<\/div><div class=\"lsow-testimonial-user\"><div class=\"lsow-image-wrapper\"><img loading=\"lazy\" decoding=\"async\" width=\"150\" height=\"150\" src=\"https:\/\/www.arps-aubert.de\/wp-content\/uploads\/2018\/01\/apple-logo-1-150x150.png\" class=\"lsow-image full\" alt=\"\" \/><\/div><div class=\"lsow-text\"><h3 class=\"lsow-author-name\">Claire Thwaites<\/h3><div class=\"lsow-author-credentials\">Senior Director Government Affairs EMEIA, Apple<\/div><\/div><!-- .lsow-text --><\/div><!-- .lsow-testimonial-user --><\/div><!-- .lsow-testimonial --><div class=\"lsow-grid-item lsow-testimonial \" ><div class=\"lsow-testimonial-text\">Bettina von Arps-Aubert stellt seit 20 Jahren Dolmetscherteams f\u00fcr unsere internationalen Veranstaltungen zusammen - von Podiumsdiskussionen mit zwei Sprachen bis zu Konferenzen mit mehreren Sprachen. Wir sind sehr zufrieden mit dem hervorragenden Service und der professionellen Verdolmetschung...<\/div><div class=\"lsow-testimonial-user\"><div class=\"lsow-image-wrapper\"><img loading=\"lazy\" decoding=\"async\" width=\"400\" height=\"267\" src=\"https:\/\/www.arps-aubert.de\/wp-content\/uploads\/2017\/11\/heinrich-boell-dolmetscher-400x267.jpg\" class=\"lsow-image full\" alt=\"\" srcset=\"https:\/\/www.arps-aubert.de\/wp-content\/uploads\/2017\/11\/heinrich-boell-dolmetscher.jpg 400w, https:\/\/www.arps-aubert.de\/wp-content\/uploads\/2017\/11\/heinrich-boell-dolmetscher-300x200.jpg 300w, https:\/\/www.arps-aubert.de\/wp-content\/uploads\/2017\/11\/heinrich-boell-dolmetscher-272x182.jpg 272w\" sizes=\"auto, (max-width: 400px) 100vw, 400px\" \/><\/div><div class=\"lsow-text\"><h3 class=\"lsow-author-name\">Eva Klakl<\/h3><div class=\"lsow-author-credentials\">Leiterin Veranstaltungsmanagement, Heinrich-B\u00f6ll-Stiftung<\/div><\/div><!-- .lsow-text --><\/div><!-- .lsow-testimonial-user --><\/div><!-- .lsow-testimonial --><div class=\"lsow-grid-item lsow-testimonial \" ><div class=\"lsow-testimonial-text\">Seit vielen Jahren arbeiten wir regelm\u00e4\u00dfigt mit Frau von Arps-Aubert im Rahmen eines Konferenzprogramms auf der weltgr\u00f6\u00dften Tourismusmesse ITB in Berlin zusammen. Wir sch\u00e4tzen im Besonderen ihre gute thematische Vorbereitung, die reibungslose Abwicklung aller technischen Bedarfe\u00a0 und ihr unaufgeregtes Auftreten, mit dem sie auch in der hei\u00dfen Phase kurz vor Veranstaltungsbeginn Ruhe und Sicherheit ausstrahlt.<\/div><div class=\"lsow-testimonial-user\"><div class=\"lsow-image-wrapper\"><img loading=\"lazy\" decoding=\"async\" width=\"150\" height=\"108\" src=\"https:\/\/www.arps-aubert.de\/wp-content\/uploads\/2018\/01\/bfdw-logo-150x108.jpg\" class=\"lsow-image full\" alt=\"\" \/><\/div><div class=\"lsow-text\"><h3 class=\"lsow-author-name\">Antje Monshausen<\/h3><div class=\"lsow-author-credentials\">Leiterin Tourism Watch, Brot f\u00fcr die Welt <\/div><\/div><!-- .lsow-text --><\/div><!-- .lsow-testimonial-user --><\/div><!-- .lsow-testimonial --><div class=\"lsow-grid-item lsow-testimonial \" ><div class=\"lsow-testimonial-text\"><p>Vielen Dank! Auch ich habe immer nur Lobeshymnen aller Beteiligten h\u00f6ren d\u00fcrfen in Bezug auf Ihre Arbeit! Insofern werde ich Sie immer, wenn es geht, weiter empfehlen.<\/p>\n<\/div><div class=\"lsow-testimonial-user\"><div class=\"lsow-image-wrapper\"><img loading=\"lazy\" decoding=\"async\" width=\"171\" height=\"114\" src=\"https:\/\/www.arps-aubert.de\/wp-content\/uploads\/2018\/01\/suedafrika.jpg\" class=\"lsow-image full\" alt=\"s\u00fcdafrika\" \/><\/div><div class=\"lsow-text\"><h3 class=\"lsow-author-name\">Eric Van Grasdorff<\/h3><div class=\"lsow-author-credentials\">Botschaft der Republik S\u00fcdafrika, 2014<\/div><\/div><!-- .lsow-text --><\/div><!-- .lsow-testimonial-user --><\/div><!-- .lsow-testimonial --><div class=\"lsow-grid-item lsow-testimonial \" ><div class=\"lsow-testimonial-text\"><p>Auch Ihnen herzlichen Dank f\u00fcr die Zusammenarbeit. Richten sie auch Herrn Molkow und Ihrem gesamten Team unsere Anerkennung f\u00fcr die geleistete Arbeit aus. Unsere Kunden waren sehr zufrieden.<\/p>\n<\/div><div class=\"lsow-testimonial-user\"><div class=\"lsow-image-wrapper\"><img loading=\"lazy\" decoding=\"async\" width=\"150\" height=\"114\" src=\"https:\/\/www.arps-aubert.de\/wp-content\/uploads\/2018\/01\/dreinull-logo-1-150x114.png\" class=\"lsow-image full\" alt=\"\" \/><\/div><div class=\"lsow-text\"><h3 class=\"lsow-author-name\">Julia Prochnow<\/h3><div class=\"lsow-author-credentials\">Agentur dreinull f\u00fcr adidas, 2016<\/div><\/div><!-- .lsow-text --><\/div><!-- .lsow-testimonial-user --><\/div><!-- .lsow-testimonial --><div class=\"lsow-grid-item lsow-testimonial \" ><div class=\"lsow-testimonial-text\"><p>\u201eIch wollte mich bei Ihnen herzlichst bedanken!! Ich habe von vielen Seiten geh\u00f6rt, dass sie die \u00dcbersetzung vorz\u00fcglich fanden.\u201c<\/p>\n<\/div><div class=\"lsow-testimonial-user\"><div class=\"lsow-image-wrapper\"><img loading=\"lazy\" decoding=\"async\" width=\"150\" height=\"52\" src=\"https:\/\/www.arps-aubert.de\/wp-content\/uploads\/2018\/01\/Schauspielhannover-1-150x52.gif\" class=\"lsow-image full\" alt=\"\" \/><\/div><div class=\"lsow-text\"><h3 class=\"lsow-author-name\">Judith Gerstenberg<\/h3><div class=\"lsow-author-credentials\">Leitende Dramaturgin, Schauspiel Hannover, 2017<\/div><\/div><!-- .lsow-text --><\/div><!-- .lsow-testimonial-user --><\/div><!-- .lsow-testimonial --><div class=\"lsow-grid-item lsow-testimonial \" ><div class=\"lsow-testimonial-text\">F\u00fcr unsere Bundeskongresse, Konferenzen und Fachtagungen mit internationalen G\u00e4sten ben\u00f6tigen wir immer wieder Dolmetscherteams. Bettina von Arps-Aubert ist dabei f\u00fcr uns die erste Adresse, da wir wissen, dass sie und ihr Team immer hervorragende Arbeit leisten...<\/div><div class=\"lsow-testimonial-user\"><div class=\"lsow-image-wrapper\"><img loading=\"lazy\" decoding=\"async\" width=\"110\" height=\"110\" src=\"https:\/\/www.arps-aubert.de\/wp-content\/uploads\/2017\/11\/verdi-dolmetscher.jpg\" class=\"lsow-image full\" alt=\"\" \/><\/div><div class=\"lsow-text\"><h3 class=\"lsow-author-name\">Dr. Anne Karrass<\/h3><div class=\"lsow-author-credentials\">ver.di Bundesverwaltung, Ressort 1 - B\u00fcro Bundesvorstand, EU-Verbindungsb\u00fcro <\/div><\/div><!-- .lsow-text --><\/div><!-- .lsow-testimonial-user --><\/div><!-- .lsow-testimonial --><div class=\"lsow-grid-item lsow-testimonial \" ><div class=\"lsow-testimonial-text\">Bettina von Arps-Aubert bietet stets professionelle, zugewandte und akkurate Dolmetscherleistungen im pharmazeutischen Bereich. \u00dcber viele Jahre sch\u00e4tzen wir nun schon ihre zuverl\u00e4ssigen und sachkenntlichen Einarbeitungen und Vorbereitungen in diverse medizinische Themen, sowohl in der Patientenbefragung als auch in den Fachpersonalgespr\u00e4chen. Gern verlassen wir uns immer wieder auf ihre Expertise! <\/div><div class=\"lsow-testimonial-user\"><div class=\"lsow-image-wrapper\"><img loading=\"lazy\" decoding=\"async\" width=\"150\" height=\"63\" src=\"https:\/\/www.arps-aubert.de\/wp-content\/uploads\/2018\/01\/logoBK-150x63.jpg\" class=\"lsow-image full\" alt=\"\" \/><\/div><div class=\"lsow-text\"><h3 class=\"lsow-author-name\">Nicole von Beuningen<\/h3><div class=\"lsow-author-credentials\">Senior Project Coordinator, Basis Kontakt Marktforschung GmbH<\/div><\/div><!-- .lsow-text --><\/div><!-- .lsow-testimonial-user --><\/div><!-- .lsow-testimonial --><div class=\"lsow-grid-item lsow-testimonial \" ><div class=\"lsow-testimonial-text\">Von der Gesch\u00e4ftskorrespondenz \u00fcber inhaltlich komplexe Fachtexte bis hin zum Dolmetschen auf einer wichtigen internationalen Tagung im Herzen Berlin \u2013 Bettina Arps-Aubert und ihr Team haben unsere Projekte stets zu ihren gemacht, mitgedacht und so ganz erheblich zum Erfolg einiger wichtiger Projekte beigetragen. Immer wieder und immer wieder gerne.<\/div><div class=\"lsow-testimonial-user\"><div class=\"lsow-image-wrapper\"><img loading=\"lazy\" decoding=\"async\" width=\"150\" height=\"114\" src=\"https:\/\/www.arps-aubert.de\/wp-content\/uploads\/2018\/01\/deutscher-hospiz-logo-2-150x114.png\" class=\"lsow-image full\" alt=\"\" \/><\/div><div class=\"lsow-text\"><h3 class=\"lsow-author-name\">Angela H\u00f6rschelmann<\/h3><div class=\"lsow-author-credentials\">Deutscher Hospiz- und PalliativVerband <\/div><\/div><!-- .lsow-text --><\/div><!-- .lsow-testimonial-user --><\/div><!-- .lsow-testimonial --><div class=\"lsow-grid-item lsow-testimonial \" ><div class=\"lsow-testimonial-text\">Frau von Arps-Aubert ist schon mehrfach f\u00fcr das Referat Globale Politik und Entwicklung der Friedrich-Ebert-Stiftung als Dolmetscherin t\u00e4tig gewesen. Sie hat bei \u00f6ffentlichen Podiumsdiskussionen oder Fachkonferenzen z.B. aus dem Bereich Internationale Klima- und Energiepolitik gedolmetscht. Wir k\u00f6nnen sie als Dolmetscherin w\u00e4rmstens empfehlen!<\/div><div class=\"lsow-testimonial-user\"><div class=\"lsow-image-wrapper\"><img loading=\"lazy\" decoding=\"async\" width=\"400\" height=\"267\" src=\"https:\/\/www.arps-aubert.de\/wp-content\/uploads\/2017\/11\/friedrich-ebert-dolmetscher-400x267.jpg\" class=\"lsow-image full\" alt=\"\" srcset=\"https:\/\/www.arps-aubert.de\/wp-content\/uploads\/2017\/11\/friedrich-ebert-dolmetscher.jpg 400w, https:\/\/www.arps-aubert.de\/wp-content\/uploads\/2017\/11\/friedrich-ebert-dolmetscher-300x200.jpg 300w, https:\/\/www.arps-aubert.de\/wp-content\/uploads\/2017\/11\/friedrich-ebert-dolmetscher-272x182.jpg 272w\" sizes=\"auto, (max-width: 400px) 100vw, 400px\" \/><\/div><div class=\"lsow-text\"><h3 class=\"lsow-author-name\">Christiane Heun<\/h3><div class=\"lsow-author-credentials\">Referat Globale Politik und Entwicklung, Friedrich-Ebert-Stiftung<\/div><\/div><!-- .lsow-text --><\/div><!-- .lsow-testimonial-user --><\/div><!-- .lsow-testimonial --><div class=\"lsow-grid-item lsow-testimonial \" ><div class=\"lsow-testimonial-text\">Bettina von Arps-Aubert und ihr Team unterst\u00fctzen uns seit vielen Jahren im Bereich der Marktforschung mit der Verdolmetschung von Fokusgruppen und Einzelinterviews. Sie garantieren stets h\u00f6chste Qualit\u00e4t und einen sehr pers\u00f6nlichen Service, der in der Marktforschung \u00e4u\u00dferst wichtig ist!\n<\/div><div class=\"lsow-testimonial-user\"><div class=\"lsow-image-wrapper\"><img loading=\"lazy\" decoding=\"async\" width=\"110\" height=\"110\" src=\"https:\/\/www.arps-aubert.de\/wp-content\/uploads\/2017\/11\/items.png\" class=\"lsow-image full\" alt=\"Kundenmeinung Items Dolmetscher\" \/><\/div><div class=\"lsow-text\"><h3 class=\"lsow-author-name\">Julia Ernst<\/h3><div class=\"lsow-author-credentials\">Gesch\u00e4ftsf\u00fchrerin, items Studio f\u00fcr qualitative Marktforschung<\/div><\/div><!-- .lsow-text --><\/div><!-- .lsow-testimonial-user --><\/div><!-- .lsow-testimonial --><div class=\"lsow-grid-item lsow-testimonial \" ><div class=\"lsow-testimonial-text\">Nun ist die doch recht aufw\u00e4ndige Betreuung der russischen Delegation beendet und ich wollte Ihnen noch einmal ganz herzlich f\u00fcr Ihre Mitarbeit danken. Ihre KollegInnen haben das alles ganz perfekt gemeistert. Sie haben damit wesentlich zu einer ausgezeichneten sprachlichen Verst\u00e4ndigung beigetragen, was wirklich zum Erfolg dieser Veranstaltung gef\u00fchrt hat. Es war sehr angenehm mit den beiden zusammenzuarbeiten. Daf\u00fcr m\u00f6chten wir uns noch einmal herzlich bedanken. Wir werden bei einer n\u00e4chsten Gelegenheit gern wieder auf Ihr B\u00fcro zukommen.<\/div><div class=\"lsow-testimonial-user\"><div class=\"lsow-image-wrapper\"><img loading=\"lazy\" decoding=\"async\" width=\"150\" height=\"89\" src=\"https:\/\/www.arps-aubert.de\/wp-content\/uploads\/2018\/01\/gfz-logo-1-150x89.gif\" class=\"lsow-image full\" alt=\"\" \/><\/div><div class=\"lsow-text\"><h3 class=\"lsow-author-name\">Silvia Henning<\/h3><div class=\"lsow-author-credentials\">Geoforschungszentrum Potsdam, 2014<\/div><\/div><!-- .lsow-text --><\/div><!-- .lsow-testimonial-user --><\/div><!-- .lsow-testimonial --><div class=\"lsow-grid-item lsow-testimonial \" ><div class=\"lsow-testimonial-text\">Die beiden Dolmetscherinnen, die gestern gearbeitet haben,\u00a0sind ausf\u00fchrlich gelobt worden. Das Lob m\u00f6chte ich gerne weiterleiten. Bei der gestrigen Veranstaltung war unser englischsprachiger Referent sehr begeistert von der \u00dcbersetzung. Sie sei wirklich sehr gut und gelungen gewesen. Er h\u00e4tte sich sehr gerne direkt bei den Dolmetscherinnen bedankt, ich bin mir aber nicht sicher, ob er sie noch erreicht hat.<\/div><div class=\"lsow-testimonial-user\"><div class=\"lsow-image-wrapper\"><img loading=\"lazy\" decoding=\"async\" width=\"400\" height=\"267\" src=\"https:\/\/www.arps-aubert.de\/wp-content\/uploads\/2017\/11\/heinrich-boell-dolmetscher-400x267.jpg\" class=\"lsow-image full\" alt=\"\" srcset=\"https:\/\/www.arps-aubert.de\/wp-content\/uploads\/2017\/11\/heinrich-boell-dolmetscher.jpg 400w, https:\/\/www.arps-aubert.de\/wp-content\/uploads\/2017\/11\/heinrich-boell-dolmetscher-300x200.jpg 300w, https:\/\/www.arps-aubert.de\/wp-content\/uploads\/2017\/11\/heinrich-boell-dolmetscher-272x182.jpg 272w\" sizes=\"auto, (max-width: 400px) 100vw, 400px\" \/><\/div><div class=\"lsow-text\"><h3 class=\"lsow-author-name\">Julia Reiter<\/h3><div class=\"lsow-author-credentials\">Veranstaltungsb\u00fcro der Heinrich-B\u00f6ll-Stiftung, 2015<\/div><\/div><!-- .lsow-text --><\/div><!-- .lsow-testimonial-user --><\/div><!-- .lsow-testimonial --><div class=\"lsow-grid-item lsow-testimonial \" ><div class=\"lsow-testimonial-text\">Die Zusammenarbeit mit Frau von Arps-Aubert und ihrem Team war vom ersten bis zum letzten Kontakt \u00fcberaus angenehm. Die Zielpersonen der Verdolmetschung f\u00fchlten sich an beiden Veranstaltungstagen im November 2018 hervorragend betreut. Wir freuen uns auf die n\u00e4chste Gelegenheit der Zusammenarbeit<\/div><div class=\"lsow-testimonial-user\"><div class=\"lsow-image-wrapper\"><img loading=\"lazy\" decoding=\"async\" width=\"100\" height=\"36\" src=\"https:\/\/www.arps-aubert.de\/wp-content\/uploads\/2018\/12\/logo-spi-1.jpg\" class=\"lsow-image full\" alt=\"\" \/><\/div><div class=\"lsow-text\"><h3 class=\"lsow-author-name\">Usama Ibrahim-Kind<\/h3><div class=\"lsow-author-credentials\">Stiftung Sozial-P\u00e4dagogisches Institut Berlin<\/div><\/div><!-- .lsow-text --><\/div><!-- .lsow-testimonial-user --><\/div><!-- .lsow-testimonial --><div class=\"lsow-grid-item lsow-testimonial \" ><div class=\"lsow-testimonial-text\"><p>Herzlichen Dank noch einmal an Sie und Ihre Kolleginnen f\u00fcr Ihre professionelle Arbeit\/ \u00dcbersetzung bei unserer Konferenz am 12.\/13. November. Die Thematik, die ja sprachlich sehr sensibel ist, haben Sie so gut im Griff gehabt, dass es vonseiten der ReferentInnen, die die \u00dcbersetzung geh\u00f6rt haben, viel Lob gab.<\/p>\n<\/div><div class=\"lsow-testimonial-user\"><div class=\"lsow-image-wrapper\"><img loading=\"lazy\" decoding=\"async\" width=\"400\" height=\"400\" src=\"https:\/\/www.arps-aubert.de\/wp-content\/uploads\/2018\/01\/juedisches-museum-logo-3-400x400.jpg\" class=\"lsow-image full\" alt=\"\" srcset=\"https:\/\/www.arps-aubert.de\/wp-content\/uploads\/2018\/01\/juedisches-museum-logo-3-400x400.jpg 400w, https:\/\/www.arps-aubert.de\/wp-content\/uploads\/2018\/01\/juedisches-museum-logo-3-150x150.jpg 150w\" sizes=\"auto, (max-width: 400px) 100vw, 400px\" \/><\/div><div class=\"lsow-text\"><h3 class=\"lsow-author-name\">Julia J\u00fcrgens<\/h3><div class=\"lsow-author-credentials\">J\u00fcdisches Museum Berlin, 2015<\/div><\/div><!-- .lsow-text --><\/div><!-- .lsow-testimonial-user --><\/div><!-- .lsow-testimonial --><\/div><!-- .lsow-testimonials --><div class=\"lsow-clear\"><\/div><\/div><\/div><\/div><\/div><div id=\"pg-1523-2\"  class=\"panel-grid panel-no-style\" ><div id=\"pgc-1523-2-0\"  class=\"panel-grid-cell panel-grid-cell-mobile-last\" ><div id=\"panel-1523-2-0-0\" class=\"so-panel widget widget_sow-editor panel-first-child panel-last-child\" data-index=\"2\" ><div\n\t\t\t\n\t\t\tclass=\"so-widget-sow-editor so-widget-sow-editor-base\"\n\t\t\t\n\t\t>\n<div class=\"siteorigin-widget-tinymce textwidget\">\n\t<p>Hier gelangen Sie zur\u00fcck zu den <a title=\"Referenzen\" href=\"https:\/\/www.arps-aubert.de\/de\/referenzen\/\">Referenzen<\/a>.<\/p>\n<\/div>\n<\/div><\/div><\/div><div id=\"pgc-1523-2-1\"  class=\"panel-grid-cell panel-grid-cell-empty\" ><\/div><\/div><\/div>","protected":false},"excerpt":{"rendered":"<p>Kundenmeinungen Gerne lassen wir auch unsere Kunden, die wir bereits als Dolmetscher unterst&uuml;tzt haben, zu Wort kommen. Hier ein Auszug von Zitaten aus den letzten Jahren:<\/p>\n","protected":false},"author":1,"featured_media":0,"parent":0,"menu_order":0,"comment_status":"closed","ping_status":"closed","template":"","meta":{"_acf_changed":false,"footnotes":""},"class_list":["post-1523","page","type-page","status-publish","hentry"],"acf":[],"_links":{"self":[{"href":"https:\/\/www.arps-aubert.de\/de\/wp-json\/wp\/v2\/pages\/1523","targetHints":{"allow":["GET"]}}],"collection":[{"href":"https:\/\/www.arps-aubert.de\/de\/wp-json\/wp\/v2\/pages"}],"about":[{"href":"https:\/\/www.arps-aubert.de\/de\/wp-json\/wp\/v2\/types\/page"}],"author":[{"embeddable":true,"href":"https:\/\/www.arps-aubert.de\/de\/wp-json\/wp\/v2\/users\/1"}],"replies":[{"embeddable":true,"href":"https:\/\/www.arps-aubert.de\/de\/wp-json\/wp\/v2\/comments?post=1523"}],"version-history":[{"count":20,"href":"https:\/\/www.arps-aubert.de\/de\/wp-json\/wp\/v2\/pages\/1523\/revisions"}],"predecessor-version":[{"id":7121,"href":"https:\/\/www.arps-aubert.de\/de\/wp-json\/wp\/v2\/pages\/1523\/revisions\/7121"}],"wp:attachment":[{"href":"https:\/\/www.arps-aubert.de\/de\/wp-json\/wp\/v2\/media?parent=1523"}],"curies":[{"name":"wp","href":"https:\/\/api.w.org\/{rel}","templated":true}]}}