{"id":1070,"date":"2018-01-05T09:07:22","date_gmt":"2018-01-05T08:07:22","guid":{"rendered":"http:\/\/arps-aubert.de\/?page_id=1070"},"modified":"2022-06-29T11:30:39","modified_gmt":"2022-06-29T09:30:39","slug":"konsekutivdolmetschen","status":"publish","type":"page","link":"https:\/\/www.arps-aubert.de\/de\/konsekutivdolmetschen\/","title":{"rendered":"Konsekutivdolmetschen"},"content":{"rendered":"<div id=\"pl-1070\"  class=\"panel-layout\" ><div id=\"pg-1070-0\"  class=\"panel-grid panel-no-style\" ><div id=\"pgc-1070-0-0\"  class=\"panel-grid-cell\" ><div id=\"panel-1070-0-0-0\" class=\"so-panel widget widget_sow-editor panel-first-child panel-last-child\" data-index=\"0\" ><div\n\t\t\t\n\t\t\tclass=\"so-widget-sow-editor so-widget-sow-editor-base\"\n\t\t\t\n\t\t>\n<div class=\"siteorigin-widget-tinymce textwidget\">\n\t<h1>Konsekutivdolmetschen<\/h1>\n<\/div>\n<\/div><\/div><\/div><\/div><div id=\"pg-1070-1\"  class=\"panel-grid panel-no-style\" ><div id=\"pgc-1070-1-0\"  class=\"panel-grid-cell\" ><div id=\"panel-1070-1-0-0\" class=\"so-panel widget widget_sow-editor panel-first-child panel-last-child\" data-index=\"1\" ><div\n\t\t\t\n\t\t\tclass=\"so-widget-sow-editor so-widget-sow-editor-base\"\n\t\t\t\n\t\t>\n<div class=\"siteorigin-widget-tinymce textwidget\">\n\t<p>Konsekutivdolmetschen bedeutet nachfolgendes, zeitversetztes <a title=\"Dolmetscherb\u00fcro\" href=\"https:\/\/www.arps-aubert.de\/de\/dolmetschen\/\">Dolmetschen<\/a>.<\/p>\n<p>Der <a title=\"Dolmetscher in Berlin\" href=\"https:\/\/www.arps-aubert.de\/de\/\">Dolmetscher<\/a> \u00fcbertr\u00e4gt beim <strong>Konsekutivdolmetschen<\/strong> l\u00e4ngere Redepassagen zeitversetzt in die entsprechende Zielsprache. W\u00e4hrend der Vortragende spricht, macht sich der Dolmetscher basierend auf einer eigens entwickelten, individuellen Notationstechnik Notizen. Der Dolmetscher ben\u00f6tigt f\u00fcr die Verdolmetschung in etwa die gleiche Zeit wie der Redner. Dadurch ist diese Form des Dolmetschens relativ zeitintensiv und empfiehlt sich ausschlie\u00dflich f\u00fcr kurze Eins\u00e4tze.<\/p>\n<\/div>\n<\/div><\/div><\/div><div id=\"pgc-1070-1-1\"  class=\"panel-grid-cell\" ><div id=\"panel-1070-1-1-0\" class=\"so-panel widget widget_media_image panel-first-child panel-last-child\" data-index=\"2\" ><img loading=\"lazy\" decoding=\"async\" width=\"765\" height=\"459\" src=\"https:\/\/www.arps-aubert.de\/wp-content\/uploads\/2018\/01\/konsekutivdolmetschen-hochzeit-dolmetschen-765x459.jpg\" class=\"image wp-image-1475  attachment-medium size-medium\" alt=\"Konsekutivdolmetschen bei Hochzeit\" style=\"max-width: 100%; height: auto;\" srcset=\"https:\/\/www.arps-aubert.de\/wp-content\/uploads\/2018\/01\/konsekutivdolmetschen-hochzeit-dolmetschen-765x459.jpg 765w, https:\/\/www.arps-aubert.de\/wp-content\/uploads\/2018\/01\/konsekutivdolmetschen-hochzeit-dolmetschen-1330x798.jpg 1330w, https:\/\/www.arps-aubert.de\/wp-content\/uploads\/2018\/01\/konsekutivdolmetschen-hochzeit-dolmetschen-768x461.jpg 768w, https:\/\/www.arps-aubert.de\/wp-content\/uploads\/2018\/01\/konsekutivdolmetschen-hochzeit-dolmetschen-300x180.jpg 300w, https:\/\/www.arps-aubert.de\/wp-content\/uploads\/2018\/01\/konsekutivdolmetschen-hochzeit-dolmetschen-1024x614.jpg 1024w\" sizes=\"auto, (max-width: 765px) 100vw, 765px\" \/><\/div><\/div><div id=\"pgc-1070-1-2\"  class=\"panel-grid-cell\" ><div id=\"panel-1070-1-2-0\" class=\"so-panel widget widget_media_image panel-first-child panel-last-child\" data-index=\"3\" ><img loading=\"lazy\" decoding=\"async\" width=\"765\" height=\"459\" src=\"https:\/\/www.arps-aubert.de\/wp-content\/uploads\/2018\/01\/konsekutivdolmetschen-dolmetschen-765x459.jpg\" class=\"image wp-image-1476  attachment-medium size-medium\" alt=\"Konsekutivdolmetscher in Berlin\" style=\"max-width: 100%; height: auto;\" srcset=\"https:\/\/www.arps-aubert.de\/wp-content\/uploads\/2018\/01\/konsekutivdolmetschen-dolmetschen-765x459.jpg 765w, https:\/\/www.arps-aubert.de\/wp-content\/uploads\/2018\/01\/konsekutivdolmetschen-dolmetschen-1330x798.jpg 1330w, https:\/\/www.arps-aubert.de\/wp-content\/uploads\/2018\/01\/konsekutivdolmetschen-dolmetschen-768x461.jpg 768w, https:\/\/www.arps-aubert.de\/wp-content\/uploads\/2018\/01\/konsekutivdolmetschen-dolmetschen-300x180.jpg 300w, https:\/\/www.arps-aubert.de\/wp-content\/uploads\/2018\/01\/konsekutivdolmetschen-dolmetschen-1024x614.jpg 1024w\" sizes=\"auto, (max-width: 765px) 100vw, 765px\" \/><\/div><\/div><\/div><div id=\"pg-1070-2\"  class=\"panel-grid panel-no-style\" ><div id=\"pgc-1070-2-0\"  class=\"panel-grid-cell\" ><div id=\"panel-1070-2-0-0\" class=\"so-panel widget widget_sow-editor panel-first-child panel-last-child\" data-index=\"4\" ><div\n\t\t\t\n\t\t\tclass=\"so-widget-sow-editor so-widget-sow-editor-base\"\n\t\t\t\n\t\t>\n<div class=\"siteorigin-widget-tinymce textwidget\">\n\t<p>&nbsp;<\/p>\n<h2>Konsekutives Dolmetschen: Nacheinander Sprechen<\/h2>\n<p>W\u00e4hrend der Dolmetscher beim Simultandolmetschen zeitgleich mit dem Redner spricht, \u00fcbertr\u00e4gt er beim <strong>Konsekutivdolmetschen<\/strong> das vom Redner Gesagte erst im Anschluss an eine Redepassage. Redner und Dolmetscher sprechen also hierbei immer <em>nacheinander<\/em>. Das bedeutet, dass der Kunde f\u00fcr diese Art des Dolmetschens die doppelte Zeit einplanen muss. Da das Konsekutivdolmetschen keiner Dolmetscherkabine oder -technik bedarf, ist man mit dieser Methode \u00f6rtlich flexibel.<\/p>\n<p>&nbsp;<\/p>\n<h3>Vorbereitung, Methodik &amp; Empathie: Professionell Dolmetschen<\/h3>\n<p><b><img loading=\"lazy\" decoding=\"async\" class=\"alignleft wp-image-3870\" title=\"Konsekutivdolmetschen via Notizen\" src=\"https:\/\/www.arps-aubert.de\/wp-content\/uploads\/2020\/01\/konsekutivdolmetscher-notizen.jpg\" alt=\"Symbol: Notizblock f\u00fcr Konsekutivdolmetschen\" width=\"80\" height=\"80\" \/><\/b>Damit ein <strong>Konsekutivdolmetscher<\/strong> das Gesagte vollst\u00e4ndig in der entsprechenden Fremdsprache wiedergeben kann, macht er sich w\u00e4hrend der Redepassage handschriftliche Notizen. Jeder Dolmetscher verf\u00fcgt daf\u00fcr \u00fcber eine individuell entwickelte Notationstechnik, die aus Symbolen und Zeichen besteht und die niemand anders als der Dolmetscher selbst entziffern kann. . Auch beim Konsekutivdolmetschen ist jedoch nicht nur das Wortw\u00f6rtliche von Interesse, sondern auch die transportierte Stimmung \u2013Humor, Ironie oder \u00c4rger \u2013 gilt es korrekt einzufangen und wiederzugeben.<\/p>\n<p><b><img loading=\"lazy\" decoding=\"async\" class=\"alignleft wp-image-3870\" title=\"Konsekutivdolmetscher-Termin\" src=\"https:\/\/www.arps-aubert.de\/wp-content\/uploads\/2020\/01\/konsekutivdolmetschen-termine.jpg\" alt=\"Symbol: Termin mit Konsekutivdolmetscher\" width=\"80\" height=\"80\" \/><\/b>Bevor der Einsatz beginnt, entscheiden Redner und Dolmetscher die zeitliche L\u00e4nge der zu dolmetschenden Textpassagen. Sie k\u00f6nnen sich darauf einigen, dass der Redner nach jedem Satz, jedem Absatz, jedem Gedankengang oder auch nach einer gesamten Rede (max. 10 min) eine Pause f\u00fcr den Dolmetscher eingelegt wird. Sobald der Redner dann pausiert, tr\u00e4gt der Konsekutivdolmetscher die Inhalte mithilfe seiner gemachten Notizen vor.<\/p>\n<p>&nbsp;<\/p>\n<p>&nbsp;<\/p>\n<h3><span style=\"color: #993300;\">Wann findet das Konsekutivdolmetschen bevorzugt Anwendung?<\/span><\/h3>\n<\/div>\n<\/div><\/div><\/div><\/div><div id=\"pg-1070-3\"  class=\"panel-grid panel-no-style\" ><div id=\"pgc-1070-3-0\"  class=\"panel-grid-cell\" ><div id=\"panel-1070-3-0-0\" class=\"so-panel widget widget_sow-editor panel-first-child panel-last-child\" data-index=\"5\" ><div\n\t\t\t\n\t\t\tclass=\"so-widget-sow-editor so-widget-sow-editor-base\"\n\t\t\t\n\t\t>\n<div class=\"siteorigin-widget-tinymce textwidget\">\n\t<p>Da <strong>konsekutives Dolmetschen<\/strong> die Redezeit einer Veranstaltung gleichsam verdoppelt, eignet sich diese Art des Dolmetschens nur f&uuml;r kurze Eins&auml;tze und klar definierte Situationen. Klassischerweise wird es eingesetzt bei:<\/p>\n<ul>\n<li>Tischreden, Festreden<\/li>\n<li>Pressekonferenzen<\/li>\n<li>Begr&uuml;&szlig;ungsreden<\/li>\n<li>bilateralen Verhandlungen<\/li>\n<li>Werksf&uuml;hrungen<\/li>\n<li>Delegationsbesuchen<\/li>\n<li>Lesungen<\/li>\n<li>Radio<\/li>\n<\/ul>\n<\/div>\n<\/div><\/div><\/div><div id=\"pgc-1070-3-1\"  class=\"panel-grid-cell\" ><div id=\"panel-1070-3-1-0\" class=\"so-panel widget widget_sow-editor panel-first-child panel-last-child\" data-index=\"6\" ><div\n\t\t\t\n\t\t\tclass=\"so-widget-sow-editor so-widget-sow-editor-base\"\n\t\t\t\n\t\t>\n<div class=\"siteorigin-widget-tinymce textwidget\">\n\t<p>Beeidigte bzw. vereidigte Dolmetscher nutzen dieses Dolmetschformat au&szlig;erdem bei beh&ouml;rdlichen Terminen:<\/p>\n<ul>\n<li>Gericht<\/li>\n<li>Standesamt<\/li>\n<li>Polizei<\/li>\n<li>Krankenhaus<\/li>\n<li>Gef&auml;ngnis<\/li>\n<li>Notariat<\/li>\n<\/ul>\n<\/div>\n<\/div><\/div><\/div><\/div><div id=\"pg-1070-4\"  class=\"panel-grid panel-no-style\" ><div id=\"pgc-1070-4-0\"  class=\"panel-grid-cell\" ><div id=\"panel-1070-4-0-0\" class=\"so-panel widget widget_sow-editor panel-first-child panel-last-child\" data-index=\"7\" ><div\n\t\t\t\n\t\t\tclass=\"so-widget-sow-editor so-widget-sow-editor-base\"\n\t\t\t\n\t\t>\n<div class=\"siteorigin-widget-tinymce textwidget\">\n\t<p>&nbsp;<\/p>\n<h3>Internationale Kommunikation mit Erfolg<\/h3>\n<p>Ob im privaten oder offiziellen Rahmen, eine professionelle Verdolmetschung tr\u00e4gt ma\u00dfgeblich zum Erfolg Ihrer internationalen Veranstaltung bei. Kontaktieren Sie uns gern, wenn Sie einen kompetenten <strong>Konsekutivdolmetscher<\/strong> f\u00fcr Ihr Vorhaben ben\u00f6tigen oder wenn Sie sich zu den Unterschieden, Vor- und Nachteilen von Konsekutiv- und Simultandolmetschen beraten lassen m\u00f6chten.<\/p>\n<\/div>\n<\/div><\/div><\/div><\/div><div id=\"pg-1070-5\"  class=\"panel-grid panel-has-style\" ><div class=\"siteorigin-panels-stretch panel-row-style panel-row-style-for-1070-5\" data-stretch-type=\"full-stretched\" ><div id=\"pgc-1070-5-0\"  class=\"panel-grid-cell\" ><div id=\"panel-1070-5-0-0\" class=\"so-panel widget widget_sow-editor panel-first-child panel-last-child\" data-index=\"8\" ><div class=\"panel-widget-style panel-widget-style-for-1070-5-0-0\" ><div\n\t\t\t\n\t\t\tclass=\"so-widget-sow-editor so-widget-sow-editor-base\"\n\t\t\t\n\t\t>\n<div class=\"siteorigin-widget-tinymce textwidget\">\n\t\n  <div class=\"uk-width-1-1\" id=\"cta\">\n    <div class=\"uk-container uk-container-center\">\n      <div class=\"uk-grid uk-margin-small-top uk-margin-small-bottom\">\n        <div class=\"uk-width-medium-1-3\">\n          <span class=\"uk-h2\">Kontaktieren Sie uns<\/span>\n          <p>Wir beraten Sie gern<\/p>\n        <\/div>\n        <div class=\"uk-width-medium-1-3 uk-text-center phone-txt uk-vertical-align\">\n          <div class=\"uk-vertical-align-middle\">\n  <i class=\"uk-icon-phone\"><\/i> +49 (0)30 47 37 87 08\n  <\/div>\n        <\/div>\n        <div class=\"uk-width-medium-1-3 uk-text-center uk-vertical-align\">\n          <a href=\"https:\/\/www.arps-aubert.de\/de\/kontakt\/\" class=\"uk-button light uk-vertical-align-middle\">Anfrage stellen<\/a>\n        <\/div>\n      <\/div>\n    <\/div>\n  <\/div>\n\n  \n<\/div>\n<\/div><\/div><\/div><\/div><\/div><\/div><\/div>","protected":false},"excerpt":{"rendered":"<p>Konsekutivdolmetschen Konsekutivdolmetschen bedeutet nachfolgendes, zeitversetztes Dolmetschen. Der Dolmetscher \u00fcbertr\u00e4gt beim Konsekutivdolmetschen l\u00e4ngere Redepassagen zeitversetzt in die entsprechende Zielsprache. W\u00e4hrend der Vortragende spricht, macht sich der Dolmetscher basierend auf einer eigens entwickelten, individuellen Notationstechnik Notizen. Der Dolmetscher ben\u00f6tigt f\u00fcr die Verdolmetschung in etwa die gleiche Zeit wie der Redner. Dadurch ist diese Form des Dolmetschens relativ [&hellip;]<\/p>\n","protected":false},"author":1,"featured_media":0,"parent":0,"menu_order":0,"comment_status":"closed","ping_status":"closed","template":"","meta":{"_acf_changed":false,"footnotes":""},"class_list":["post-1070","page","type-page","status-publish","hentry"],"acf":[],"_links":{"self":[{"href":"https:\/\/www.arps-aubert.de\/de\/wp-json\/wp\/v2\/pages\/1070","targetHints":{"allow":["GET"]}}],"collection":[{"href":"https:\/\/www.arps-aubert.de\/de\/wp-json\/wp\/v2\/pages"}],"about":[{"href":"https:\/\/www.arps-aubert.de\/de\/wp-json\/wp\/v2\/types\/page"}],"author":[{"embeddable":true,"href":"https:\/\/www.arps-aubert.de\/de\/wp-json\/wp\/v2\/users\/1"}],"replies":[{"embeddable":true,"href":"https:\/\/www.arps-aubert.de\/de\/wp-json\/wp\/v2\/comments?post=1070"}],"version-history":[{"count":181,"href":"https:\/\/www.arps-aubert.de\/de\/wp-json\/wp\/v2\/pages\/1070\/revisions"}],"predecessor-version":[{"id":5655,"href":"https:\/\/www.arps-aubert.de\/de\/wp-json\/wp\/v2\/pages\/1070\/revisions\/5655"}],"wp:attachment":[{"href":"https:\/\/www.arps-aubert.de\/de\/wp-json\/wp\/v2\/media?parent=1070"}],"curies":[{"name":"wp","href":"https:\/\/api.w.org\/{rel}","templated":true}]}}